{"id":1883,"date":"2022-12-17T17:25:13","date_gmt":"2022-12-17T17:25:13","guid":{"rendered":"http:\/\/e-ternitysolutions.com\/?post_type=product&#038;p=1883"},"modified":"2023-10-15T16:09:13","modified_gmt":"2023-10-15T16:09:13","slug":"lifepo4-51-2v-100ah-lithium-battery","status":"publish","type":"product","link":"http:\/\/e-ternitysolutions.com\/de\/produkt\/lifepo4-51-2v-100ah-lithium-battery\/","title":{"rendered":"LiFePO4 51.2V 100AH Lithium Batterie"},"content":{"rendered":"<h2>LiFePO<sub>4<\/sub>\u00a0Lithium-Batterie<\/h2>\n<div class=\"tommaline\"><\/div>\n<hr \/>\n<p><strong>Batterie-Management-System<\/strong><br \/>\nDie einzigartige Kombination aus Lithium-Eisenphosphat-Batterien und BMS macht die Lithium-Batterie zu einer robusten, sicheren und einfach zu bedienenden Energiespeicherl\u00f6sung. Die fortschrittliche interne BMS-Technologie kombiniert Funktionalit\u00e4t und Benutzerfreundlichkeit, gleicht die Ladung und Entladung der Zellen aus und verl\u00e4ngert ihre Zyklusdauer.<\/p>\n<p><strong>Hoher Wirkungsgrad<\/strong><br \/>\nLiFePO<sub>4<\/sub>\u00a0Lithiumbatterien mit hohen Sauerstoffs\u00e4ttigungswerten halten die Effizienz des Systems auf dem H\u00f6hepunkt, indem sie \u00fcber lange Zeitr\u00e4ume mit hoher Kapazit\u00e4t arbeiten und eine hervorragende Zyklusleistung bieten.<\/p>\n<p><strong>Langlebige Konstruktion<\/strong><br \/>\nLithiumbatterien haben im Vergleich zu herk\u00f6mmlichen Batterien dank ihrer hochwertigen Komponenten und LiFePO mehrere Vorteile, wie z. B. einen geringen Innenwiderstand, einen hohen Wirkungsgrad und einen gro\u00dfen Betriebstemperaturbereich.<sub>4<\/sub>\u00a0Technologie.<\/p>\n<p><strong>Elegantes und kompaktes Design<\/strong><br \/>\nLiFePO<sub>4<\/sub>\u00a0Batterien, die \u00fcber ein robustes Metallgeh\u00e4use (IP65) verf\u00fcgen, bieten Funktionalit\u00e4t und Flexibilit\u00e4t bei der Verwendung dank spezieller Anschlussenden mit hoher Strombelastbarkeit. Dar\u00fcber hinaus hat sie mit ihrer Energiedichte pro Fl\u00e4cheneinheit den Vorteil der Gr\u00f6\u00dfe und des Gewichts im Vergleich zu herk\u00f6mmlichen Batterien.<\/p>\n<p><strong>Lange Lebensdauer und hohe Investitionsrendite<\/strong><br \/>\nObwohl die anf\u00e4nglichen Investitionskosten von LiFePO<sub>4<\/sub>\u00a0Lithiumbatterien sind im Vergleich zu herk\u00f6mmlichen Batterien die wirtschaftlichste L\u00f6sung, die dank ihrer langen Lebensdauer und ihrer \u00fcberlegenen Leistung und Effizienz im Vergleich zu anderen Lithiumtechnologien in vielen Punkten Vorteile bietet.<\/p>\n<p><strong>Klare und sichere Energie<\/strong><br \/>\nLithium-Batterien mit LiFePO<sub>4<\/sub>\u00a0Technologie arbeitet sicherer und stabiler als herk\u00f6mmliche Blei-S\u00e4ure-Batterien und andere Lithium-Technologien. Dar\u00fcber hinaus ist die Technologie umweltfreundlich, da sie keine sch\u00e4dlichen Gase freisetzt.<\/p>","protected":false},"excerpt":{"rendered":"<ul>\n<li>Batterie-Management-System<\/li>\n<li>Hoher Wirkungsgrad<\/li>\n<li>Langlebige Konstruktion<\/li>\n<li>Elegantes und kompaktes Design<\/li>\n<li>Lange Lebensdauer und hohe Investitionsrendite<\/li>\n<li>Klare und sichere Energie<\/li>\n<\/ul>","protected":false},"featured_media":1885,"comment_status":"open","ping_status":"closed","template":"","meta":{"_monsterinsights_skip_tracking":false,"_monsterinsights_sitenote_active":false,"_monsterinsights_sitenote_note":"","_monsterinsights_sitenote_category":0},"pwb-brand":[78],"product_cat":[60,61],"product_tag":[],"yoast_head":"<!-- This site is optimized with the Yoast SEO plugin v19.6 - https:\/\/yoast.com\/wordpress\/plugins\/seo\/ -->\n<title>LiFePO4 51.2V 100AH Lithium Battery - E-TernitySolutions<\/title>\n<meta name=\"description\" content=\"TommaTech 675-650Wp M12 132PMB G2G HC-MB Solar Panel Series\" \/>\n<meta name=\"robots\" content=\"index, follow, max-snippet:-1, max-image-preview:large, max-video-preview:-1\" \/>\n<link rel=\"canonical\" href=\"http:\/\/e-ternitysolutions.com\/de\/produit\/lifepo4-51-2v-100ah-lithium-battery\/\" \/>\n<meta property=\"og:locale\" content=\"de_DE\" \/>\n<meta property=\"og:type\" content=\"article\" \/>\n<meta property=\"og:title\" content=\"LiFePO4 51.2V 100AH Lithium Battery - E-TernitySolutions\" \/>\n<meta property=\"og:description\" content=\"TommaTech 675-650Wp M12 132PMB G2G HC-MB Solar Panel Series\" \/>\n<meta property=\"og:url\" content=\"http:\/\/e-ternitysolutions.com\/de\/produit\/lifepo4-51-2v-100ah-lithium-battery\/\" \/>\n<meta property=\"og:site_name\" content=\"E-TernitySolutions\" \/>\n<meta property=\"article:modified_time\" content=\"2023-10-15T16:09:13+00:00\" \/>\n<meta property=\"og:image\" content=\"http:\/\/e-ternitysolutions.com\/wp-content\/uploads\/2022\/12\/650_lifepo4-512v-100ah-lityum-batarya_0.jpg\" \/>\n\t<meta property=\"og:image:width\" content=\"1200\" \/>\n\t<meta property=\"og:image:height\" content=\"1200\" \/>\n\t<meta property=\"og:image:type\" content=\"image\/jpeg\" \/>\n<meta name=\"twitter:card\" content=\"summary_large_image\" \/>\n<meta name=\"twitter:label1\" content=\"Gesch\u00e4tzte Lesezeit\" \/>\n\t<meta name=\"twitter:data1\" content=\"2 Minuten\" \/>\n<script type=\"application\/ld+json\" class=\"yoast-schema-graph\">{\"@context\":\"https:\/\/schema.org\",\"@graph\":[{\"@type\":\"WebPage\",\"@id\":\"http:\/\/e-ternitysolutions.com\/fr\/produit\/lifepo4-51-2v-100ah-lithium-battery\/\",\"url\":\"http:\/\/e-ternitysolutions.com\/fr\/produit\/lifepo4-51-2v-100ah-lithium-battery\/\",\"name\":\"LiFePO4 51.2V 100AH Lithium Battery - E-TernitySolutions\",\"isPartOf\":{\"@id\":\"https:\/\/e-ternitysolutions.com\/#website\"},\"datePublished\":\"2022-12-17T17:25:13+00:00\",\"dateModified\":\"2023-10-15T16:09:13+00:00\",\"description\":\"TommaTech 675-650Wp M12 132PMB G2G HC-MB Solar Panel Series\",\"breadcrumb\":{\"@id\":\"http:\/\/e-ternitysolutions.com\/fr\/produit\/lifepo4-51-2v-100ah-lithium-battery\/#breadcrumb\"},\"inLanguage\":\"de-DE\",\"potentialAction\":[{\"@type\":\"ReadAction\",\"target\":[\"http:\/\/e-ternitysolutions.com\/fr\/produit\/lifepo4-51-2v-100ah-lithium-battery\/\"]}]},{\"@type\":\"BreadcrumbList\",\"@id\":\"http:\/\/e-ternitysolutions.com\/fr\/produit\/lifepo4-51-2v-100ah-lithium-battery\/#breadcrumb\",\"itemListElement\":[{\"@type\":\"ListItem\",\"position\":1,\"name\":\"Home\",\"item\":\"https:\/\/e-ternitysolutions.com\/\"},{\"@type\":\"ListItem\",\"position\":2,\"name\":\"Shop\",\"item\":\"https:\/\/e-ternitysolutions.com\/shop\/\"},{\"@type\":\"ListItem\",\"position\":3,\"name\":\"LiFePO4 51.2V 100AH Lithium Battery\"}]},{\"@type\":\"WebSite\",\"@id\":\"https:\/\/e-ternitysolutions.com\/#website\",\"url\":\"https:\/\/e-ternitysolutions.com\/\",\"name\":\"E-TernitySolutions\",\"description\":\"Solar Panels\",\"publisher\":{\"@id\":\"https:\/\/e-ternitysolutions.com\/#organization\"},\"potentialAction\":[{\"@type\":\"SearchAction\",\"target\":{\"@type\":\"EntryPoint\",\"urlTemplate\":\"https:\/\/e-ternitysolutions.com\/?s={search_term_string}\"},\"query-input\":\"required name=search_term_string\"}],\"inLanguage\":\"de-DE\"},{\"@type\":\"Organization\",\"@id\":\"https:\/\/e-ternitysolutions.com\/#organization\",\"name\":\"E-TernitySolutions\",\"url\":\"https:\/\/e-ternitysolutions.com\/\",\"sameAs\":[],\"logo\":{\"@type\":\"ImageObject\",\"inLanguage\":\"de-DE\",\"@id\":\"https:\/\/e-ternitysolutions.com\/#\/schema\/logo\/image\/\",\"url\":\"http:\/\/e-ternitysolutions.com\/wp-content\/uploads\/2022\/12\/logo2.png\",\"contentUrl\":\"http:\/\/e-ternitysolutions.com\/wp-content\/uploads\/2022\/12\/logo2.png\",\"width\":554,\"height\":200,\"caption\":\"E-TernitySolutions\"},\"image\":{\"@id\":\"https:\/\/e-ternitysolutions.com\/#\/schema\/logo\/image\/\"}}]}<\/script>\n<!-- \/ Yoast SEO plugin. -->","yoast_head_json":{"title":"LiFePO4 51.2V 100AH Lithium Battery - E-TernitySolutions","description":"TommaTech 675-650Wp M12 132PMB G2G HC-MB Solar Panel Series","robots":{"index":"index","follow":"follow","max-snippet":"max-snippet:-1","max-image-preview":"max-image-preview:large","max-video-preview":"max-video-preview:-1"},"canonical":"http:\/\/e-ternitysolutions.com\/de\/produit\/lifepo4-51-2v-100ah-lithium-battery\/","og_locale":"de_DE","og_type":"article","og_title":"LiFePO4 51.2V 100AH Lithium Battery - E-TernitySolutions","og_description":"TommaTech 675-650Wp M12 132PMB G2G HC-MB Solar Panel Series","og_url":"http:\/\/e-ternitysolutions.com\/de\/produit\/lifepo4-51-2v-100ah-lithium-battery\/","og_site_name":"E-TernitySolutions","article_modified_time":"2023-10-15T16:09:13+00:00","og_image":[{"width":1200,"height":1200,"url":"http:\/\/e-ternitysolutions.com\/wp-content\/uploads\/2022\/12\/650_lifepo4-512v-100ah-lityum-batarya_0.jpg","type":"image\/jpeg"}],"twitter_card":"summary_large_image","twitter_misc":{"Gesch\u00e4tzte Lesezeit":"2 Minuten"},"schema":{"@context":"https:\/\/schema.org","@graph":[{"@type":"WebPage","@id":"http:\/\/e-ternitysolutions.com\/fr\/produit\/lifepo4-51-2v-100ah-lithium-battery\/","url":"http:\/\/e-ternitysolutions.com\/fr\/produit\/lifepo4-51-2v-100ah-lithium-battery\/","name":"LiFePO4 51.2V 100AH Lithium Battery - E-TernitySolutions","isPartOf":{"@id":"https:\/\/e-ternitysolutions.com\/#website"},"datePublished":"2022-12-17T17:25:13+00:00","dateModified":"2023-10-15T16:09:13+00:00","description":"TommaTech 675-650Wp M12 132PMB G2G HC-MB Solar Panel Series","breadcrumb":{"@id":"http:\/\/e-ternitysolutions.com\/fr\/produit\/lifepo4-51-2v-100ah-lithium-battery\/#breadcrumb"},"inLanguage":"de-DE","potentialAction":[{"@type":"ReadAction","target":["http:\/\/e-ternitysolutions.com\/fr\/produit\/lifepo4-51-2v-100ah-lithium-battery\/"]}]},{"@type":"BreadcrumbList","@id":"http:\/\/e-ternitysolutions.com\/fr\/produit\/lifepo4-51-2v-100ah-lithium-battery\/#breadcrumb","itemListElement":[{"@type":"ListItem","position":1,"name":"Home","item":"https:\/\/e-ternitysolutions.com\/"},{"@type":"ListItem","position":2,"name":"Shop","item":"https:\/\/e-ternitysolutions.com\/shop\/"},{"@type":"ListItem","position":3,"name":"LiFePO4 51.2V 100AH Lithium Battery"}]},{"@type":"WebSite","@id":"https:\/\/e-ternitysolutions.com\/#website","url":"https:\/\/e-ternitysolutions.com\/","name":"E-TernitySolutions","description":"Solar Panels","publisher":{"@id":"https:\/\/e-ternitysolutions.com\/#organization"},"potentialAction":[{"@type":"SearchAction","target":{"@type":"EntryPoint","urlTemplate":"https:\/\/e-ternitysolutions.com\/?s={search_term_string}"},"query-input":"required name=search_term_string"}],"inLanguage":"de-DE"},{"@type":"Organization","@id":"https:\/\/e-ternitysolutions.com\/#organization","name":"E-TernitySolutions","url":"https:\/\/e-ternitysolutions.com\/","sameAs":[],"logo":{"@type":"ImageObject","inLanguage":"de-DE","@id":"https:\/\/e-ternitysolutions.com\/#\/schema\/logo\/image\/","url":"http:\/\/e-ternitysolutions.com\/wp-content\/uploads\/2022\/12\/logo2.png","contentUrl":"http:\/\/e-ternitysolutions.com\/wp-content\/uploads\/2022\/12\/logo2.png","width":554,"height":200,"caption":"E-TernitySolutions"},"image":{"@id":"https:\/\/e-ternitysolutions.com\/#\/schema\/logo\/image\/"}}]}},"brands":[{"id":78,"name":"Tommatech","slug":"tommatech"}],"_links":{"self":[{"href":"http:\/\/e-ternitysolutions.com\/de\/wp-json\/wp\/v2\/product\/1883"}],"collection":[{"href":"http:\/\/e-ternitysolutions.com\/de\/wp-json\/wp\/v2\/product"}],"about":[{"href":"http:\/\/e-ternitysolutions.com\/de\/wp-json\/wp\/v2\/types\/product"}],"replies":[{"embeddable":true,"href":"http:\/\/e-ternitysolutions.com\/de\/wp-json\/wp\/v2\/comments?post=1883"}],"wp:featuredmedia":[{"embeddable":true,"href":"http:\/\/e-ternitysolutions.com\/de\/wp-json\/wp\/v2\/media\/1885"}],"wp:attachment":[{"href":"http:\/\/e-ternitysolutions.com\/de\/wp-json\/wp\/v2\/media?parent=1883"}],"wp:term":[{"taxonomy":"pwb-brand","embeddable":true,"href":"http:\/\/e-ternitysolutions.com\/de\/wp-json\/wp\/v2\/pwb-brand?post=1883"},{"taxonomy":"product_cat","embeddable":true,"href":"http:\/\/e-ternitysolutions.com\/de\/wp-json\/wp\/v2\/product_cat?post=1883"},{"taxonomy":"product_tag","embeddable":true,"href":"http:\/\/e-ternitysolutions.com\/de\/wp-json\/wp\/v2\/product_tag?post=1883"}],"curies":[{"name":"wp","href":"https:\/\/api.w.org\/{rel}","templated":true}]}}