{"id":1008,"date":"2022-12-09T13:12:24","date_gmt":"2022-12-09T13:12:24","guid":{"rendered":"http:\/\/e-ternitysolutions.com\/?post_type=product&#038;p=1008"},"modified":"2023-10-15T19:51:03","modified_gmt":"2023-10-15T19:51:03","slug":"tommatech-ms-series-600w-modified-sine-inverters","status":"publish","type":"product","link":"http:\/\/e-ternitysolutions.com\/fr\/produit\/tommatech-ms-series-600w-modified-sine-inverters\/","title":{"rendered":"TommaTech MS Series 600W Modified Sine Inverters (onduleurs sinuso\u00efdaux modifi\u00e9s)"},"content":{"rendered":"<h2>S\u00e9rie d'onduleurs sinuso\u00efdaux modifi\u00e9s TommaTech<\/h2>\n<div class=\"tommaline\"><\/div>\n<hr \/>\n<p>La s\u00e9rie d'onduleurs \u00e0 onde sinuso\u00efdale modifi\u00e9e de TommaTech\u00ae est un onduleur \u00e0 onde sinuso\u00efdale modifi\u00e9e pour la conversion d'\u00e9nergie DC\/AC. Il est compatible avec vos appareils d'une puissance allant jusqu'\u00e0 2000W. Il est parfait pour les utilisateurs qui ont besoin d'un onduleur simple et \u00e9conomique avec une installation conviviale. Les onduleurs sinuso\u00efdaux \u00e0 onde modifi\u00e9e de TommaTech\u00ae convertissent les tensions 12\/24 et 48V DC en tension 220V AC et les mettent \u00e0 disposition. L'aluminium utilis\u00e9 dans la conception du corps assure la durabilit\u00e9 et une dissipation maximale de la chaleur.<\/p>","protected":false},"excerpt":{"rendered":"<ul>\n<li>Port de sortie USB int\u00e9gr\u00e9.<\/li>\n<li>Conception compacte facile \u00e0 utiliser avec des composants de qualit\u00e9.<\/li>\n<li>Alarme de batterie faible.<\/li>\n<li>Type d'onde de sortie sinuso\u00efdale modifi\u00e9e convenant \u00e0 la plupart des charges \u00e9lectroniques.<\/li>\n<li>Alarme et arr\u00eat en cas de basse tension.<\/li>\n<li>Protection contre les surtensions, les surcharges et les surchauffes.<\/li>\n<li>Protection contre les courts-circuits et l'inversion de polarit\u00e9.<\/li>\n<li>Fonction de d\u00e9marrage lent.<\/li>\n<li>Protection de la terre.<\/li>\n<li><\/li>\n<\/ul>","protected":false},"featured_media":867,"comment_status":"open","ping_status":"closed","template":"","meta":{"_monsterinsights_skip_tracking":false,"_monsterinsights_sitenote_active":false,"_monsterinsights_sitenote_note":"","_monsterinsights_sitenote_category":0},"pwb-brand":[78],"product_cat":[38],"product_tag":[],"yoast_head":"<!-- This site is optimized with the Yoast SEO plugin v19.6 - https:\/\/yoast.com\/wordpress\/plugins\/seo\/ -->\n<title>TommaTech MS Series 600W Modified Sine Inverters - E-TernitySolutions<\/title>\n<meta name=\"description\" content=\"TommaTech\u00ae Uno Atom 3.6 Single Phase String Inverte\" \/>\n<meta name=\"robots\" content=\"index, follow, max-snippet:-1, max-image-preview:large, max-video-preview:-1\" \/>\n<link rel=\"canonical\" href=\"http:\/\/e-ternitysolutions.com\/fr\/produit\/tommatech-ms-series-600w-modified-sine-inverters\/\" \/>\n<meta property=\"og:locale\" content=\"fr_FR\" \/>\n<meta property=\"og:type\" content=\"article\" \/>\n<meta property=\"og:title\" content=\"TommaTech MS Series 600W Modified Sine Inverters - E-TernitySolutions\" \/>\n<meta property=\"og:description\" content=\"TommaTech\u00ae Uno Atom 3.6 Single Phase String Inverte\" \/>\n<meta property=\"og:url\" content=\"http:\/\/e-ternitysolutions.com\/fr\/produit\/tommatech-ms-series-600w-modified-sine-inverters\/\" \/>\n<meta property=\"og:site_name\" content=\"E-TernitySolutions\" \/>\n<meta property=\"article:modified_time\" content=\"2023-10-15T19:51:03+00:00\" \/>\n<meta property=\"og:image\" content=\"http:\/\/e-ternitysolutions.com\/wp-content\/uploads\/2022\/12\/53_tommatech-ms-serisi-600w-modifiye-sinus-inverterler.jpeg\" \/>\n\t<meta property=\"og:image:width\" content=\"1200\" \/>\n\t<meta property=\"og:image:height\" content=\"1200\" \/>\n\t<meta property=\"og:image:type\" content=\"image\/jpeg\" \/>\n<meta name=\"twitter:card\" content=\"summary_large_image\" \/>\n<meta name=\"twitter:label1\" content=\"Temps de lecture estim\u00e9\" \/>\n\t<meta name=\"twitter:data1\" content=\"1 minute\" \/>\n<script type=\"application\/ld+json\" class=\"yoast-schema-graph\">{\"@context\":\"https:\/\/schema.org\",\"@graph\":[{\"@type\":\"WebPage\",\"@id\":\"http:\/\/e-ternitysolutions.com\/fr\/produit\/tommatech-ms-series-600w-modified-sine-inverters\/\",\"url\":\"http:\/\/e-ternitysolutions.com\/fr\/produit\/tommatech-ms-series-600w-modified-sine-inverters\/\",\"name\":\"TommaTech MS Series 600W Modified Sine Inverters - E-TernitySolutions\",\"isPartOf\":{\"@id\":\"https:\/\/e-ternitysolutions.com\/#website\"},\"datePublished\":\"2022-12-09T13:12:24+00:00\",\"dateModified\":\"2023-10-15T19:51:03+00:00\",\"description\":\"TommaTech\u00ae Uno Atom 3.6 Single Phase String Inverte\",\"breadcrumb\":{\"@id\":\"http:\/\/e-ternitysolutions.com\/fr\/produit\/tommatech-ms-series-600w-modified-sine-inverters\/#breadcrumb\"},\"inLanguage\":\"fr-FR\",\"potentialAction\":[{\"@type\":\"ReadAction\",\"target\":[\"http:\/\/e-ternitysolutions.com\/fr\/produit\/tommatech-ms-series-600w-modified-sine-inverters\/\"]}]},{\"@type\":\"BreadcrumbList\",\"@id\":\"http:\/\/e-ternitysolutions.com\/fr\/produit\/tommatech-ms-series-600w-modified-sine-inverters\/#breadcrumb\",\"itemListElement\":[{\"@type\":\"ListItem\",\"position\":1,\"name\":\"Home\",\"item\":\"https:\/\/e-ternitysolutions.com\/\"},{\"@type\":\"ListItem\",\"position\":2,\"name\":\"Shop\",\"item\":\"https:\/\/e-ternitysolutions.com\/shop\/\"},{\"@type\":\"ListItem\",\"position\":3,\"name\":\"TommaTech MS Series 600W Modified Sine Inverters\"}]},{\"@type\":\"WebSite\",\"@id\":\"https:\/\/e-ternitysolutions.com\/#website\",\"url\":\"https:\/\/e-ternitysolutions.com\/\",\"name\":\"E-TernitySolutions\",\"description\":\"Solar Panels\",\"publisher\":{\"@id\":\"https:\/\/e-ternitysolutions.com\/#organization\"},\"potentialAction\":[{\"@type\":\"SearchAction\",\"target\":{\"@type\":\"EntryPoint\",\"urlTemplate\":\"https:\/\/e-ternitysolutions.com\/?s={search_term_string}\"},\"query-input\":\"required name=search_term_string\"}],\"inLanguage\":\"fr-FR\"},{\"@type\":\"Organization\",\"@id\":\"https:\/\/e-ternitysolutions.com\/#organization\",\"name\":\"E-TernitySolutions\",\"url\":\"https:\/\/e-ternitysolutions.com\/\",\"sameAs\":[],\"logo\":{\"@type\":\"ImageObject\",\"inLanguage\":\"fr-FR\",\"@id\":\"https:\/\/e-ternitysolutions.com\/#\/schema\/logo\/image\/\",\"url\":\"http:\/\/e-ternitysolutions.com\/wp-content\/uploads\/2022\/12\/logo2.png\",\"contentUrl\":\"http:\/\/e-ternitysolutions.com\/wp-content\/uploads\/2022\/12\/logo2.png\",\"width\":554,\"height\":200,\"caption\":\"E-TernitySolutions\"},\"image\":{\"@id\":\"https:\/\/e-ternitysolutions.com\/#\/schema\/logo\/image\/\"}}]}<\/script>\n<!-- \/ Yoast SEO plugin. -->","yoast_head_json":{"title":"TommaTech MS Series 600W Modified Sine Inverters - E-TernitySolutions","description":"TommaTech\u00ae Uno Atom 3.6 Single Phase String Inverte","robots":{"index":"index","follow":"follow","max-snippet":"max-snippet:-1","max-image-preview":"max-image-preview:large","max-video-preview":"max-video-preview:-1"},"canonical":"http:\/\/e-ternitysolutions.com\/fr\/produit\/tommatech-ms-series-600w-modified-sine-inverters\/","og_locale":"fr_FR","og_type":"article","og_title":"TommaTech MS Series 600W Modified Sine Inverters - E-TernitySolutions","og_description":"TommaTech\u00ae Uno Atom 3.6 Single Phase String Inverte","og_url":"http:\/\/e-ternitysolutions.com\/fr\/produit\/tommatech-ms-series-600w-modified-sine-inverters\/","og_site_name":"E-TernitySolutions","article_modified_time":"2023-10-15T19:51:03+00:00","og_image":[{"width":1200,"height":1200,"url":"http:\/\/e-ternitysolutions.com\/wp-content\/uploads\/2022\/12\/53_tommatech-ms-serisi-600w-modifiye-sinus-inverterler.jpeg","type":"image\/jpeg"}],"twitter_card":"summary_large_image","twitter_misc":{"Temps de lecture estim\u00e9":"1 minute"},"schema":{"@context":"https:\/\/schema.org","@graph":[{"@type":"WebPage","@id":"http:\/\/e-ternitysolutions.com\/fr\/produit\/tommatech-ms-series-600w-modified-sine-inverters\/","url":"http:\/\/e-ternitysolutions.com\/fr\/produit\/tommatech-ms-series-600w-modified-sine-inverters\/","name":"TommaTech MS Series 600W Modified Sine Inverters - E-TernitySolutions","isPartOf":{"@id":"https:\/\/e-ternitysolutions.com\/#website"},"datePublished":"2022-12-09T13:12:24+00:00","dateModified":"2023-10-15T19:51:03+00:00","description":"TommaTech\u00ae Uno Atom 3.6 Single Phase String Inverte","breadcrumb":{"@id":"http:\/\/e-ternitysolutions.com\/fr\/produit\/tommatech-ms-series-600w-modified-sine-inverters\/#breadcrumb"},"inLanguage":"fr-FR","potentialAction":[{"@type":"ReadAction","target":["http:\/\/e-ternitysolutions.com\/fr\/produit\/tommatech-ms-series-600w-modified-sine-inverters\/"]}]},{"@type":"BreadcrumbList","@id":"http:\/\/e-ternitysolutions.com\/fr\/produit\/tommatech-ms-series-600w-modified-sine-inverters\/#breadcrumb","itemListElement":[{"@type":"ListItem","position":1,"name":"Home","item":"https:\/\/e-ternitysolutions.com\/"},{"@type":"ListItem","position":2,"name":"Shop","item":"https:\/\/e-ternitysolutions.com\/shop\/"},{"@type":"ListItem","position":3,"name":"TommaTech MS Series 600W Modified Sine Inverters"}]},{"@type":"WebSite","@id":"https:\/\/e-ternitysolutions.com\/#website","url":"https:\/\/e-ternitysolutions.com\/","name":"E-TernitySolutions","description":"Solar Panels","publisher":{"@id":"https:\/\/e-ternitysolutions.com\/#organization"},"potentialAction":[{"@type":"SearchAction","target":{"@type":"EntryPoint","urlTemplate":"https:\/\/e-ternitysolutions.com\/?s={search_term_string}"},"query-input":"required name=search_term_string"}],"inLanguage":"fr-FR"},{"@type":"Organization","@id":"https:\/\/e-ternitysolutions.com\/#organization","name":"E-TernitySolutions","url":"https:\/\/e-ternitysolutions.com\/","sameAs":[],"logo":{"@type":"ImageObject","inLanguage":"fr-FR","@id":"https:\/\/e-ternitysolutions.com\/#\/schema\/logo\/image\/","url":"http:\/\/e-ternitysolutions.com\/wp-content\/uploads\/2022\/12\/logo2.png","contentUrl":"http:\/\/e-ternitysolutions.com\/wp-content\/uploads\/2022\/12\/logo2.png","width":554,"height":200,"caption":"E-TernitySolutions"},"image":{"@id":"https:\/\/e-ternitysolutions.com\/#\/schema\/logo\/image\/"}}]}},"brands":[{"id":78,"name":"Tommatech","slug":"tommatech"}],"_links":{"self":[{"href":"http:\/\/e-ternitysolutions.com\/fr\/wp-json\/wp\/v2\/product\/1008"}],"collection":[{"href":"http:\/\/e-ternitysolutions.com\/fr\/wp-json\/wp\/v2\/product"}],"about":[{"href":"http:\/\/e-ternitysolutions.com\/fr\/wp-json\/wp\/v2\/types\/product"}],"replies":[{"embeddable":true,"href":"http:\/\/e-ternitysolutions.com\/fr\/wp-json\/wp\/v2\/comments?post=1008"}],"wp:featuredmedia":[{"embeddable":true,"href":"http:\/\/e-ternitysolutions.com\/fr\/wp-json\/wp\/v2\/media\/867"}],"wp:attachment":[{"href":"http:\/\/e-ternitysolutions.com\/fr\/wp-json\/wp\/v2\/media?parent=1008"}],"wp:term":[{"taxonomy":"pwb-brand","embeddable":true,"href":"http:\/\/e-ternitysolutions.com\/fr\/wp-json\/wp\/v2\/pwb-brand?post=1008"},{"taxonomy":"product_cat","embeddable":true,"href":"http:\/\/e-ternitysolutions.com\/fr\/wp-json\/wp\/v2\/product_cat?post=1008"},{"taxonomy":"product_tag","embeddable":true,"href":"http:\/\/e-ternitysolutions.com\/fr\/wp-json\/wp\/v2\/product_tag?post=1008"}],"curies":[{"name":"wp","href":"https:\/\/api.w.org\/{rel}","templated":true}]}}