{"id":1018,"date":"2022-12-09T13:22:47","date_gmt":"2022-12-09T13:22:47","guid":{"rendered":"http:\/\/e-ternitysolutions.com\/?post_type=product&#038;p=1018"},"modified":"2023-10-15T16:04:31","modified_gmt":"2023-10-15T16:04:31","slug":"tommatech-ups-series-12v-modified-sine-ups-inverters","status":"publish","type":"product","link":"http:\/\/e-ternitysolutions.com\/fr\/produit\/tommatech-ups-series-12v-modified-sine-ups-inverters\/","title":{"rendered":"S\u00e9rie d'onduleurs TommaTech 12V Modified Sine UPS Inverters"},"content":{"rendered":"<h3>S\u00e9rie ASI Onde sinuso\u00efdale modifi\u00e9e<\/h3>\n<div class=\"tommaline\"><\/div>\n<div class=\"productkonu2-editor\">Relais de transfert ultra-rapide : R\u00e9duit le temps de transfert entre le mode By-Pass et le mode onduleur, r\u00e9duit la possibilit\u00e9 de chute de tension. L.l.T : Low Interference Technology Circuit de protection universel : Surcharge, longue dur\u00e9e de vie de la batterie, court-circuit \u00e0 la terre, surchauffe, d\u00e9marrage progressif Turbo Cooling : Maintient la surface de l'onduleur au frais et am\u00e9liore l'efficacit\u00e9 Haute efficacit\u00e9 : Circuit large et efficace qui maximise le temps de fonctionnement et \u00e9conomise de l'\u00e9nergie Chargeur de batterie interne \u00e0 3 niveaux ' U.P.S. : Source d'alimentation ininterrompue D\u00e9cidez de votre propre temps de sauvegarde AC en choisissant diff\u00e9rentes batteries.<\/div>","protected":false},"excerpt":{"rendered":"<ul>\n<li>Isolation des entr\u00e9es et des sorties<\/li>\n<li>Port de sortie USB<\/li>\n<li>Capacit\u00e9 de courant ondulatoire \u00e9lev\u00e9<\/li>\n<li>D\u00e9marrage progressif<\/li>\n<li>Forme d'onde sinuso\u00efdale pure<\/li>\n<li>AC similaire \u00e0 la sortie de la prise secteur<\/li>\n<li>Contr\u00f4le appropri\u00e9 de la charge et de la temp\u00e9rature<\/li>\n<li>Faible distorsion harmonique totale : Inf\u00e9rieure \u00e0 3%<\/li>\n<li><\/li>\n<\/ul>","protected":false},"featured_media":872,"comment_status":"open","ping_status":"closed","template":"","meta":{"_monsterinsights_skip_tracking":false,"_monsterinsights_sitenote_active":false,"_monsterinsights_sitenote_note":"","_monsterinsights_sitenote_category":0},"pwb-brand":[78],"product_cat":[38],"product_tag":[],"yoast_head":"<!-- This site is optimized with the Yoast SEO plugin v19.6 - https:\/\/yoast.com\/wordpress\/plugins\/seo\/ -->\n<title>TommaTech UPS Series 12V Modified Sine UPS Inverters - E-TernitySolutions<\/title>\n<meta name=\"description\" content=\"TommaTech\u00ae Uno Atom 3.6 Single Phase String Inverte\" \/>\n<meta name=\"robots\" content=\"index, follow, max-snippet:-1, max-image-preview:large, max-video-preview:-1\" \/>\n<link rel=\"canonical\" href=\"http:\/\/e-ternitysolutions.com\/fr\/produit\/tommatech-ups-series-12v-modified-sine-ups-inverters\/\" \/>\n<meta property=\"og:locale\" content=\"fr_FR\" \/>\n<meta property=\"og:type\" content=\"article\" \/>\n<meta property=\"og:title\" content=\"TommaTech UPS Series 12V Modified Sine UPS Inverters - E-TernitySolutions\" \/>\n<meta property=\"og:description\" content=\"TommaTech\u00ae Uno Atom 3.6 Single Phase String Inverte\" \/>\n<meta property=\"og:url\" content=\"http:\/\/e-ternitysolutions.com\/fr\/produit\/tommatech-ups-series-12v-modified-sine-ups-inverters\/\" \/>\n<meta property=\"og:site_name\" content=\"E-TernitySolutions\" \/>\n<meta property=\"article:modified_time\" content=\"2023-10-15T16:04:31+00:00\" \/>\n<meta property=\"og:image\" content=\"http:\/\/e-ternitysolutions.com\/wp-content\/uploads\/2022\/12\/54_tommatech-ups-serisi-12v-modifiye-sinus-ups-inverterler.jpeg\" \/>\n\t<meta property=\"og:image:width\" content=\"1200\" \/>\n\t<meta property=\"og:image:height\" content=\"1200\" \/>\n\t<meta property=\"og:image:type\" content=\"image\/jpeg\" \/>\n<meta name=\"twitter:card\" content=\"summary_large_image\" \/>\n<meta name=\"twitter:label1\" content=\"Temps de lecture estim\u00e9\" \/>\n\t<meta name=\"twitter:data1\" content=\"1 minute\" \/>\n<script type=\"application\/ld+json\" class=\"yoast-schema-graph\">{\"@context\":\"https:\/\/schema.org\",\"@graph\":[{\"@type\":\"WebPage\",\"@id\":\"http:\/\/e-ternitysolutions.com\/fr\/produit\/tommatech-ups-series-12v-modified-sine-ups-inverters\/\",\"url\":\"http:\/\/e-ternitysolutions.com\/fr\/produit\/tommatech-ups-series-12v-modified-sine-ups-inverters\/\",\"name\":\"TommaTech UPS Series 12V Modified Sine UPS Inverters - E-TernitySolutions\",\"isPartOf\":{\"@id\":\"https:\/\/e-ternitysolutions.com\/#website\"},\"datePublished\":\"2022-12-09T13:22:47+00:00\",\"dateModified\":\"2023-10-15T16:04:31+00:00\",\"description\":\"TommaTech\u00ae Uno Atom 3.6 Single Phase String Inverte\",\"breadcrumb\":{\"@id\":\"http:\/\/e-ternitysolutions.com\/fr\/produit\/tommatech-ups-series-12v-modified-sine-ups-inverters\/#breadcrumb\"},\"inLanguage\":\"fr-FR\",\"potentialAction\":[{\"@type\":\"ReadAction\",\"target\":[\"http:\/\/e-ternitysolutions.com\/fr\/produit\/tommatech-ups-series-12v-modified-sine-ups-inverters\/\"]}]},{\"@type\":\"BreadcrumbList\",\"@id\":\"http:\/\/e-ternitysolutions.com\/fr\/produit\/tommatech-ups-series-12v-modified-sine-ups-inverters\/#breadcrumb\",\"itemListElement\":[{\"@type\":\"ListItem\",\"position\":1,\"name\":\"Home\",\"item\":\"https:\/\/e-ternitysolutions.com\/\"},{\"@type\":\"ListItem\",\"position\":2,\"name\":\"Shop\",\"item\":\"http:\/\/e-ternitysolutions.com\/fr\/shop\/\"},{\"@type\":\"ListItem\",\"position\":3,\"name\":\"TommaTech UPS Series 12V Modified Sine UPS Inverters\"}]},{\"@type\":\"WebSite\",\"@id\":\"https:\/\/e-ternitysolutions.com\/#website\",\"url\":\"https:\/\/e-ternitysolutions.com\/\",\"name\":\"E-TernitySolutions\",\"description\":\"Solar Panels\",\"publisher\":{\"@id\":\"https:\/\/e-ternitysolutions.com\/#organization\"},\"potentialAction\":[{\"@type\":\"SearchAction\",\"target\":{\"@type\":\"EntryPoint\",\"urlTemplate\":\"https:\/\/e-ternitysolutions.com\/?s={search_term_string}\"},\"query-input\":\"required name=search_term_string\"}],\"inLanguage\":\"fr-FR\"},{\"@type\":\"Organization\",\"@id\":\"https:\/\/e-ternitysolutions.com\/#organization\",\"name\":\"E-TernitySolutions\",\"url\":\"https:\/\/e-ternitysolutions.com\/\",\"sameAs\":[],\"logo\":{\"@type\":\"ImageObject\",\"inLanguage\":\"fr-FR\",\"@id\":\"https:\/\/e-ternitysolutions.com\/#\/schema\/logo\/image\/\",\"url\":\"http:\/\/e-ternitysolutions.com\/wp-content\/uploads\/2022\/12\/logo2.png\",\"contentUrl\":\"http:\/\/e-ternitysolutions.com\/wp-content\/uploads\/2022\/12\/logo2.png\",\"width\":554,\"height\":200,\"caption\":\"E-TernitySolutions\"},\"image\":{\"@id\":\"https:\/\/e-ternitysolutions.com\/#\/schema\/logo\/image\/\"}}]}<\/script>\n<!-- \/ Yoast SEO plugin. -->","yoast_head_json":{"title":"TommaTech UPS Series 12V Modified Sine UPS Inverters - E-TernitySolutions","description":"TommaTech\u00ae Uno Atom 3.6 Single Phase String Inverte","robots":{"index":"index","follow":"follow","max-snippet":"max-snippet:-1","max-image-preview":"max-image-preview:large","max-video-preview":"max-video-preview:-1"},"canonical":"http:\/\/e-ternitysolutions.com\/fr\/produit\/tommatech-ups-series-12v-modified-sine-ups-inverters\/","og_locale":"fr_FR","og_type":"article","og_title":"TommaTech UPS Series 12V Modified Sine UPS Inverters - E-TernitySolutions","og_description":"TommaTech\u00ae Uno Atom 3.6 Single Phase String Inverte","og_url":"http:\/\/e-ternitysolutions.com\/fr\/produit\/tommatech-ups-series-12v-modified-sine-ups-inverters\/","og_site_name":"E-TernitySolutions","article_modified_time":"2023-10-15T16:04:31+00:00","og_image":[{"width":1200,"height":1200,"url":"http:\/\/e-ternitysolutions.com\/wp-content\/uploads\/2022\/12\/54_tommatech-ups-serisi-12v-modifiye-sinus-ups-inverterler.jpeg","type":"image\/jpeg"}],"twitter_card":"summary_large_image","twitter_misc":{"Temps de lecture estim\u00e9":"1 minute"},"schema":{"@context":"https:\/\/schema.org","@graph":[{"@type":"WebPage","@id":"http:\/\/e-ternitysolutions.com\/fr\/produit\/tommatech-ups-series-12v-modified-sine-ups-inverters\/","url":"http:\/\/e-ternitysolutions.com\/fr\/produit\/tommatech-ups-series-12v-modified-sine-ups-inverters\/","name":"TommaTech UPS Series 12V Modified Sine UPS Inverters - E-TernitySolutions","isPartOf":{"@id":"https:\/\/e-ternitysolutions.com\/#website"},"datePublished":"2022-12-09T13:22:47+00:00","dateModified":"2023-10-15T16:04:31+00:00","description":"TommaTech\u00ae Uno Atom 3.6 Single Phase String Inverte","breadcrumb":{"@id":"http:\/\/e-ternitysolutions.com\/fr\/produit\/tommatech-ups-series-12v-modified-sine-ups-inverters\/#breadcrumb"},"inLanguage":"fr-FR","potentialAction":[{"@type":"ReadAction","target":["http:\/\/e-ternitysolutions.com\/fr\/produit\/tommatech-ups-series-12v-modified-sine-ups-inverters\/"]}]},{"@type":"BreadcrumbList","@id":"http:\/\/e-ternitysolutions.com\/fr\/produit\/tommatech-ups-series-12v-modified-sine-ups-inverters\/#breadcrumb","itemListElement":[{"@type":"ListItem","position":1,"name":"Home","item":"https:\/\/e-ternitysolutions.com\/"},{"@type":"ListItem","position":2,"name":"Shop","item":"http:\/\/e-ternitysolutions.com\/fr\/shop\/"},{"@type":"ListItem","position":3,"name":"TommaTech UPS Series 12V Modified Sine UPS Inverters"}]},{"@type":"WebSite","@id":"https:\/\/e-ternitysolutions.com\/#website","url":"https:\/\/e-ternitysolutions.com\/","name":"E-TernitySolutions","description":"Solar Panels","publisher":{"@id":"https:\/\/e-ternitysolutions.com\/#organization"},"potentialAction":[{"@type":"SearchAction","target":{"@type":"EntryPoint","urlTemplate":"https:\/\/e-ternitysolutions.com\/?s={search_term_string}"},"query-input":"required name=search_term_string"}],"inLanguage":"fr-FR"},{"@type":"Organization","@id":"https:\/\/e-ternitysolutions.com\/#organization","name":"E-TernitySolutions","url":"https:\/\/e-ternitysolutions.com\/","sameAs":[],"logo":{"@type":"ImageObject","inLanguage":"fr-FR","@id":"https:\/\/e-ternitysolutions.com\/#\/schema\/logo\/image\/","url":"http:\/\/e-ternitysolutions.com\/wp-content\/uploads\/2022\/12\/logo2.png","contentUrl":"http:\/\/e-ternitysolutions.com\/wp-content\/uploads\/2022\/12\/logo2.png","width":554,"height":200,"caption":"E-TernitySolutions"},"image":{"@id":"https:\/\/e-ternitysolutions.com\/#\/schema\/logo\/image\/"}}]}},"brands":[{"id":78,"name":"Tommatech","slug":"tommatech"}],"_links":{"self":[{"href":"http:\/\/e-ternitysolutions.com\/fr\/wp-json\/wp\/v2\/product\/1018"}],"collection":[{"href":"http:\/\/e-ternitysolutions.com\/fr\/wp-json\/wp\/v2\/product"}],"about":[{"href":"http:\/\/e-ternitysolutions.com\/fr\/wp-json\/wp\/v2\/types\/product"}],"replies":[{"embeddable":true,"href":"http:\/\/e-ternitysolutions.com\/fr\/wp-json\/wp\/v2\/comments?post=1018"}],"wp:featuredmedia":[{"embeddable":true,"href":"http:\/\/e-ternitysolutions.com\/fr\/wp-json\/wp\/v2\/media\/872"}],"wp:attachment":[{"href":"http:\/\/e-ternitysolutions.com\/fr\/wp-json\/wp\/v2\/media?parent=1018"}],"wp:term":[{"taxonomy":"pwb-brand","embeddable":true,"href":"http:\/\/e-ternitysolutions.com\/fr\/wp-json\/wp\/v2\/pwb-brand?post=1018"},{"taxonomy":"product_cat","embeddable":true,"href":"http:\/\/e-ternitysolutions.com\/fr\/wp-json\/wp\/v2\/product_cat?post=1018"},{"taxonomy":"product_tag","embeddable":true,"href":"http:\/\/e-ternitysolutions.com\/fr\/wp-json\/wp\/v2\/product_tag?post=1018"}],"curies":[{"name":"wp","href":"https:\/\/api.w.org\/{rel}","templated":true}]}}