{"id":1051,"date":"2022-12-09T14:00:10","date_gmt":"2022-12-09T14:00:10","guid":{"rendered":"http:\/\/e-ternitysolutions.com\/?post_type=product&#038;p=1051"},"modified":"2023-10-15T19:49:11","modified_gmt":"2023-10-15T19:49:11","slug":"tommatech-mx-series-2000w-full-sine-inverters","status":"publish","type":"product","link":"http:\/\/e-ternitysolutions.com\/fr\/produit\/tommatech-mx-series-2000w-full-sine-inverters\/","title":{"rendered":"TommaTech MX SERIES 2000W Full Sine Inverters (onduleurs sinuso\u00efdaux)"},"content":{"rendered":"<ul>\n<li>Sortie sinuso\u00efdale pure (THD&lt;2%)<\/li>\n<li>T\u00e9l\u00e9commande de mise sous tension et hors tension<\/li>\n<li>Entr\u00e9e et sortie totalement isol\u00e9es<\/li>\n<li>Contr\u00f4le de la charge Ventilateur de refroidissement<\/li>\n<li>Microprocesseur avanc\u00e9<\/li>\n<li>Fr\u00e9quence de sortie 50\/60Hz s\u00e9lectionnable par commutateur<\/li>\n<li>Protections contre l'inversion de la polarit\u00e9 d'entr\u00e9e, la sous-tension et la surtension<\/li>\n<li>Protections contre les courts-circuits, les surcharges et les surchauffes de la sortie<\/li>\n<li>Des indicateurs tricolores affichent le niveau de charge de la sortie et l'\u00e9tat de la d\u00e9faillance.<\/li>\n<li>Approuv\u00e9 CE, ROHS, E-mark<\/li>\n<\/ul>","protected":false},"excerpt":{"rendered":"<p>Sortie sinuso\u00efdale (THD&lt;2%)<br \/>\nCommande \u00e0 distance de mise sous tension et hors tension<br \/>\nIsolation compl\u00e8te \u00e0 l'entr\u00e9e et \u00e0 la sortie<br \/>\nVentilateur de refroidissement contr\u00f4l\u00e9 par la charge<br \/>\nMicroprocesseur avanc\u00e9<br \/>\nFr\u00e9quence de sortie s\u00e9lectionnable 50\/60Hz<br \/>\nIndicateur \u00e0 trois couleurs montrant le niveau de charge de la sortie et l'\u00e9tat des d\u00e9fauts<\/p>","protected":false},"featured_media":902,"comment_status":"open","ping_status":"closed","template":"","meta":{"_monsterinsights_skip_tracking":false,"_monsterinsights_sitenote_active":false,"_monsterinsights_sitenote_note":"","_monsterinsights_sitenote_category":0},"pwb-brand":[78],"product_cat":[38],"product_tag":[],"yoast_head":"<!-- This site is optimized with the Yoast SEO plugin v19.6 - https:\/\/yoast.com\/wordpress\/plugins\/seo\/ -->\n<title>TommaTech MX SERIES 2000W Full Sine Inverters - E-TernitySolutions<\/title>\n<meta name=\"description\" content=\"TommaTech\u00ae Uno Atom 3.6 Single Phase String Inverte\" \/>\n<meta name=\"robots\" content=\"index, follow, max-snippet:-1, max-image-preview:large, max-video-preview:-1\" \/>\n<link rel=\"canonical\" href=\"http:\/\/e-ternitysolutions.com\/fr\/produit\/tommatech-mx-series-2000w-full-sine-inverters\/\" \/>\n<meta property=\"og:locale\" content=\"fr_FR\" \/>\n<meta property=\"og:type\" content=\"article\" \/>\n<meta property=\"og:title\" content=\"TommaTech MX SERIES 2000W Full Sine Inverters - E-TernitySolutions\" \/>\n<meta property=\"og:description\" content=\"TommaTech\u00ae Uno Atom 3.6 Single Phase String Inverte\" \/>\n<meta property=\"og:url\" content=\"http:\/\/e-ternitysolutions.com\/fr\/produit\/tommatech-mx-series-2000w-full-sine-inverters\/\" \/>\n<meta property=\"og:site_name\" content=\"E-TernitySolutions\" \/>\n<meta property=\"article:modified_time\" content=\"2023-10-15T19:49:11+00:00\" \/>\n<meta property=\"og:image\" content=\"http:\/\/e-ternitysolutions.com\/wp-content\/uploads\/2022\/12\/62_tommatech-mx-serisi-2000w-tam-sinus-inverterler.jpeg\" \/>\n\t<meta property=\"og:image:width\" content=\"1200\" \/>\n\t<meta property=\"og:image:height\" content=\"1200\" \/>\n\t<meta property=\"og:image:type\" content=\"image\/jpeg\" \/>\n<meta name=\"twitter:card\" content=\"summary_large_image\" \/>\n<meta name=\"twitter:label1\" content=\"Temps de lecture estim\u00e9\" \/>\n\t<meta name=\"twitter:data1\" content=\"1 minute\" \/>\n<script type=\"application\/ld+json\" class=\"yoast-schema-graph\">{\"@context\":\"https:\/\/schema.org\",\"@graph\":[{\"@type\":\"WebPage\",\"@id\":\"http:\/\/e-ternitysolutions.com\/nl\/product\/tommatech-mx-series-2000w-full-sine-inverters\/\",\"url\":\"http:\/\/e-ternitysolutions.com\/nl\/product\/tommatech-mx-series-2000w-full-sine-inverters\/\",\"name\":\"TommaTech MX SERIES 2000W Full Sine Inverters - E-TernitySolutions\",\"isPartOf\":{\"@id\":\"https:\/\/e-ternitysolutions.com\/#website\"},\"datePublished\":\"2022-12-09T14:00:10+00:00\",\"dateModified\":\"2023-10-15T19:49:11+00:00\",\"description\":\"TommaTech\u00ae Uno Atom 3.6 Single Phase String Inverte\",\"breadcrumb\":{\"@id\":\"http:\/\/e-ternitysolutions.com\/nl\/product\/tommatech-mx-series-2000w-full-sine-inverters\/#breadcrumb\"},\"inLanguage\":\"fr-FR\",\"potentialAction\":[{\"@type\":\"ReadAction\",\"target\":[\"http:\/\/e-ternitysolutions.com\/nl\/product\/tommatech-mx-series-2000w-full-sine-inverters\/\"]}]},{\"@type\":\"BreadcrumbList\",\"@id\":\"http:\/\/e-ternitysolutions.com\/nl\/product\/tommatech-mx-series-2000w-full-sine-inverters\/#breadcrumb\",\"itemListElement\":[{\"@type\":\"ListItem\",\"position\":1,\"name\":\"Home\",\"item\":\"https:\/\/e-ternitysolutions.com\/\"},{\"@type\":\"ListItem\",\"position\":2,\"name\":\"Shop\",\"item\":\"https:\/\/e-ternitysolutions.com\/shop\/\"},{\"@type\":\"ListItem\",\"position\":3,\"name\":\"TommaTech MX SERIES 2000W Full Sine Inverters\"}]},{\"@type\":\"WebSite\",\"@id\":\"https:\/\/e-ternitysolutions.com\/#website\",\"url\":\"https:\/\/e-ternitysolutions.com\/\",\"name\":\"E-TernitySolutions\",\"description\":\"Solar Panels\",\"publisher\":{\"@id\":\"https:\/\/e-ternitysolutions.com\/#organization\"},\"potentialAction\":[{\"@type\":\"SearchAction\",\"target\":{\"@type\":\"EntryPoint\",\"urlTemplate\":\"https:\/\/e-ternitysolutions.com\/?s={search_term_string}\"},\"query-input\":\"required name=search_term_string\"}],\"inLanguage\":\"fr-FR\"},{\"@type\":\"Organization\",\"@id\":\"https:\/\/e-ternitysolutions.com\/#organization\",\"name\":\"E-TernitySolutions\",\"url\":\"https:\/\/e-ternitysolutions.com\/\",\"sameAs\":[],\"logo\":{\"@type\":\"ImageObject\",\"inLanguage\":\"fr-FR\",\"@id\":\"https:\/\/e-ternitysolutions.com\/#\/schema\/logo\/image\/\",\"url\":\"http:\/\/e-ternitysolutions.com\/wp-content\/uploads\/2022\/12\/logo2.png\",\"contentUrl\":\"http:\/\/e-ternitysolutions.com\/wp-content\/uploads\/2022\/12\/logo2.png\",\"width\":554,\"height\":200,\"caption\":\"E-TernitySolutions\"},\"image\":{\"@id\":\"https:\/\/e-ternitysolutions.com\/#\/schema\/logo\/image\/\"}}]}<\/script>\n<!-- \/ Yoast SEO plugin. -->","yoast_head_json":{"title":"TommaTech MX SERIES 2000W Full Sine Inverters - E-TernitySolutions","description":"TommaTech\u00ae Uno Atom 3.6 Single Phase String Inverte","robots":{"index":"index","follow":"follow","max-snippet":"max-snippet:-1","max-image-preview":"max-image-preview:large","max-video-preview":"max-video-preview:-1"},"canonical":"http:\/\/e-ternitysolutions.com\/fr\/produit\/tommatech-mx-series-2000w-full-sine-inverters\/","og_locale":"fr_FR","og_type":"article","og_title":"TommaTech MX SERIES 2000W Full Sine Inverters - E-TernitySolutions","og_description":"TommaTech\u00ae Uno Atom 3.6 Single Phase String Inverte","og_url":"http:\/\/e-ternitysolutions.com\/fr\/produit\/tommatech-mx-series-2000w-full-sine-inverters\/","og_site_name":"E-TernitySolutions","article_modified_time":"2023-10-15T19:49:11+00:00","og_image":[{"width":1200,"height":1200,"url":"http:\/\/e-ternitysolutions.com\/wp-content\/uploads\/2022\/12\/62_tommatech-mx-serisi-2000w-tam-sinus-inverterler.jpeg","type":"image\/jpeg"}],"twitter_card":"summary_large_image","twitter_misc":{"Temps de lecture estim\u00e9":"1 minute"},"schema":{"@context":"https:\/\/schema.org","@graph":[{"@type":"WebPage","@id":"http:\/\/e-ternitysolutions.com\/nl\/product\/tommatech-mx-series-2000w-full-sine-inverters\/","url":"http:\/\/e-ternitysolutions.com\/nl\/product\/tommatech-mx-series-2000w-full-sine-inverters\/","name":"TommaTech MX SERIES 2000W Full Sine Inverters - E-TernitySolutions","isPartOf":{"@id":"https:\/\/e-ternitysolutions.com\/#website"},"datePublished":"2022-12-09T14:00:10+00:00","dateModified":"2023-10-15T19:49:11+00:00","description":"TommaTech\u00ae Uno Atom 3.6 Single Phase String Inverte","breadcrumb":{"@id":"http:\/\/e-ternitysolutions.com\/nl\/product\/tommatech-mx-series-2000w-full-sine-inverters\/#breadcrumb"},"inLanguage":"fr-FR","potentialAction":[{"@type":"ReadAction","target":["http:\/\/e-ternitysolutions.com\/nl\/product\/tommatech-mx-series-2000w-full-sine-inverters\/"]}]},{"@type":"BreadcrumbList","@id":"http:\/\/e-ternitysolutions.com\/nl\/product\/tommatech-mx-series-2000w-full-sine-inverters\/#breadcrumb","itemListElement":[{"@type":"ListItem","position":1,"name":"Home","item":"https:\/\/e-ternitysolutions.com\/"},{"@type":"ListItem","position":2,"name":"Shop","item":"https:\/\/e-ternitysolutions.com\/shop\/"},{"@type":"ListItem","position":3,"name":"TommaTech MX SERIES 2000W Full Sine Inverters"}]},{"@type":"WebSite","@id":"https:\/\/e-ternitysolutions.com\/#website","url":"https:\/\/e-ternitysolutions.com\/","name":"E-TernitySolutions","description":"Solar Panels","publisher":{"@id":"https:\/\/e-ternitysolutions.com\/#organization"},"potentialAction":[{"@type":"SearchAction","target":{"@type":"EntryPoint","urlTemplate":"https:\/\/e-ternitysolutions.com\/?s={search_term_string}"},"query-input":"required name=search_term_string"}],"inLanguage":"fr-FR"},{"@type":"Organization","@id":"https:\/\/e-ternitysolutions.com\/#organization","name":"E-TernitySolutions","url":"https:\/\/e-ternitysolutions.com\/","sameAs":[],"logo":{"@type":"ImageObject","inLanguage":"fr-FR","@id":"https:\/\/e-ternitysolutions.com\/#\/schema\/logo\/image\/","url":"http:\/\/e-ternitysolutions.com\/wp-content\/uploads\/2022\/12\/logo2.png","contentUrl":"http:\/\/e-ternitysolutions.com\/wp-content\/uploads\/2022\/12\/logo2.png","width":554,"height":200,"caption":"E-TernitySolutions"},"image":{"@id":"https:\/\/e-ternitysolutions.com\/#\/schema\/logo\/image\/"}}]}},"brands":[{"id":78,"name":"Tommatech","slug":"tommatech"}],"_links":{"self":[{"href":"http:\/\/e-ternitysolutions.com\/fr\/wp-json\/wp\/v2\/product\/1051"}],"collection":[{"href":"http:\/\/e-ternitysolutions.com\/fr\/wp-json\/wp\/v2\/product"}],"about":[{"href":"http:\/\/e-ternitysolutions.com\/fr\/wp-json\/wp\/v2\/types\/product"}],"replies":[{"embeddable":true,"href":"http:\/\/e-ternitysolutions.com\/fr\/wp-json\/wp\/v2\/comments?post=1051"}],"wp:featuredmedia":[{"embeddable":true,"href":"http:\/\/e-ternitysolutions.com\/fr\/wp-json\/wp\/v2\/media\/902"}],"wp:attachment":[{"href":"http:\/\/e-ternitysolutions.com\/fr\/wp-json\/wp\/v2\/media?parent=1051"}],"wp:term":[{"taxonomy":"pwb-brand","embeddable":true,"href":"http:\/\/e-ternitysolutions.com\/fr\/wp-json\/wp\/v2\/pwb-brand?post=1051"},{"taxonomy":"product_cat","embeddable":true,"href":"http:\/\/e-ternitysolutions.com\/fr\/wp-json\/wp\/v2\/product_cat?post=1051"},{"taxonomy":"product_tag","embeddable":true,"href":"http:\/\/e-ternitysolutions.com\/fr\/wp-json\/wp\/v2\/product_tag?post=1051"}],"curies":[{"name":"wp","href":"https:\/\/api.w.org\/{rel}","templated":true}]}}