{"id":1430,"date":"2022-12-14T21:29:30","date_gmt":"2022-12-14T21:29:30","guid":{"rendered":"http:\/\/e-ternitysolutions.com\/?post_type=product&#038;p=1430"},"modified":"2023-10-15T20:18:48","modified_gmt":"2023-10-15T20:18:48","slug":"tommatech-410-395wp-m10-108pm-blackwhite-solar-panel-series","status":"publish","type":"product","link":"http:\/\/e-ternitysolutions.com\/fr\/produit\/tommatech-410-395wp-m10-108pm-blackwhite-solar-panel-series\/","title":{"rendered":"TommaTech 410-395Wp M10 108PM Black&amp;White Solar Panel Series"},"content":{"rendered":"<p><strong>Efficacit\u00e9 de conversion \u00e9lev\u00e9e<\/strong><br \/>\nRendement \u00e9lev\u00e9 du panneau pour garantir une puissance de sortie \u00e9lev\u00e9e.<\/p>\n<p><strong>Verre autonettoyant et antireflet<\/strong><br \/>\nLe rev\u00eatement du verre pour l'autonettoyage r\u00e9duit la poussi\u00e8re de surface.<\/p>\n<p><strong>Verre \u00e0 faible rayonnement exceptionnel<\/strong><br \/>\nPerformance exceptionnelle du panneau, m\u00eame dans des conditions de faible luminosit\u00e9.<\/p>\n<p><strong>Excellente durabilit\u00e9<\/strong><br \/>\nCharge de vent jusqu'\u00e0 2400 Pa, Charge de neige jusqu'\u00e0 5400 Pa<\/p>\n<p><strong>0~+5W Tol\u00e9rance de puissance positive<\/strong><\/p>\n<p><strong>Installation facile<\/strong><\/p>\n<p><strong>Garantie produit de 15 ans<\/strong><\/p>\n<p><strong>Garantie de performance de 30 ans<\/strong><\/p>","protected":false},"excerpt":{"rendered":"<p>Efficacit\u00e9 de conversion \u00e9lev\u00e9e<br \/>\nVerre autonettoyant et antireflet<br \/>\nVerre \u00e0 faible rayonnement exceptionnel<br \/>\nExcellente durabilit\u00e9<br \/>\n0~+5W Tol\u00e9rance de puissance positive<br \/>\nInstallation facile<br \/>\nGarantie produit de 15 ans<br \/>\nGarantie de performance de 30 ans<\/p>","protected":false},"featured_media":1431,"comment_status":"open","ping_status":"closed","template":"","meta":{"_monsterinsights_skip_tracking":false,"_monsterinsights_sitenote_active":false,"_monsterinsights_sitenote_note":"","_monsterinsights_sitenote_category":0},"pwb-brand":[78],"product_cat":[44],"product_tag":[],"yoast_head":"<!-- This site is optimized with the Yoast SEO plugin v19.6 - https:\/\/yoast.com\/wordpress\/plugins\/seo\/ -->\n<title>TommaTech 410-395Wp M10 108PM Black&amp;White Solar Panel Series - E-TernitySolutions<\/title>\n<meta name=\"description\" content=\"TommaTech 675-650Wp M12 132PMB G2G HC-MB Solar Panel Series\" \/>\n<meta name=\"robots\" content=\"index, follow, max-snippet:-1, max-image-preview:large, max-video-preview:-1\" \/>\n<link rel=\"canonical\" href=\"http:\/\/e-ternitysolutions.com\/fr\/produit\/tommatech-410-395wp-m10-108pm-blackwhite-solar-panel-series\/\" \/>\n<meta property=\"og:locale\" content=\"fr_FR\" \/>\n<meta property=\"og:type\" content=\"article\" \/>\n<meta property=\"og:title\" content=\"TommaTech 410-395Wp M10 108PM Black&amp;White Solar Panel Series - E-TernitySolutions\" \/>\n<meta property=\"og:description\" content=\"TommaTech 675-650Wp M12 132PMB G2G HC-MB Solar Panel Series\" \/>\n<meta property=\"og:url\" content=\"http:\/\/e-ternitysolutions.com\/fr\/produit\/tommatech-410-395wp-m10-108pm-blackwhite-solar-panel-series\/\" \/>\n<meta property=\"og:site_name\" content=\"E-TernitySolutions\" \/>\n<meta property=\"article:modified_time\" content=\"2023-10-15T20:18:48+00:00\" \/>\n<meta property=\"og:image\" content=\"http:\/\/e-ternitysolutions.com\/wp-content\/uploads\/2022\/12\/20_tommatech-410-395wp-m10-108pm-blackwhite-gunes-paneli-serisi.jpeg\" \/>\n\t<meta property=\"og:image:width\" content=\"1200\" \/>\n\t<meta property=\"og:image:height\" content=\"1200\" \/>\n\t<meta property=\"og:image:type\" content=\"image\/jpeg\" \/>\n<meta name=\"twitter:card\" content=\"summary_large_image\" \/>\n<meta name=\"twitter:label1\" content=\"Temps de lecture estim\u00e9\" \/>\n\t<meta name=\"twitter:data1\" content=\"1 minute\" \/>\n<script type=\"application\/ld+json\" class=\"yoast-schema-graph\">{\"@context\":\"https:\/\/schema.org\",\"@graph\":[{\"@type\":\"WebPage\",\"@id\":\"http:\/\/e-ternitysolutions.com\/fr\/produit\/tommatech-410-395wp-m10-108pm-blackwhite-solar-panel-series\/\",\"url\":\"http:\/\/e-ternitysolutions.com\/fr\/produit\/tommatech-410-395wp-m10-108pm-blackwhite-solar-panel-series\/\",\"name\":\"TommaTech 410-395Wp M10 108PM Black&White Solar Panel Series - E-TernitySolutions\",\"isPartOf\":{\"@id\":\"https:\/\/e-ternitysolutions.com\/#website\"},\"datePublished\":\"2022-12-14T21:29:30+00:00\",\"dateModified\":\"2023-10-15T20:18:48+00:00\",\"description\":\"TommaTech 675-650Wp M12 132PMB G2G HC-MB Solar Panel Series\",\"breadcrumb\":{\"@id\":\"http:\/\/e-ternitysolutions.com\/fr\/produit\/tommatech-410-395wp-m10-108pm-blackwhite-solar-panel-series\/#breadcrumb\"},\"inLanguage\":\"fr-FR\",\"potentialAction\":[{\"@type\":\"ReadAction\",\"target\":[\"http:\/\/e-ternitysolutions.com\/fr\/produit\/tommatech-410-395wp-m10-108pm-blackwhite-solar-panel-series\/\"]}]},{\"@type\":\"BreadcrumbList\",\"@id\":\"http:\/\/e-ternitysolutions.com\/fr\/produit\/tommatech-410-395wp-m10-108pm-blackwhite-solar-panel-series\/#breadcrumb\",\"itemListElement\":[{\"@type\":\"ListItem\",\"position\":1,\"name\":\"Home\",\"item\":\"https:\/\/e-ternitysolutions.com\/\"},{\"@type\":\"ListItem\",\"position\":2,\"name\":\"Shop\",\"item\":\"https:\/\/e-ternitysolutions.com\/shop\/\"},{\"@type\":\"ListItem\",\"position\":3,\"name\":\"TommaTech 410-395Wp M10 108PM Black&#038;White Solar Panel Series\"}]},{\"@type\":\"WebSite\",\"@id\":\"https:\/\/e-ternitysolutions.com\/#website\",\"url\":\"https:\/\/e-ternitysolutions.com\/\",\"name\":\"E-TernitySolutions\",\"description\":\"Solar Panels\",\"publisher\":{\"@id\":\"https:\/\/e-ternitysolutions.com\/#organization\"},\"potentialAction\":[{\"@type\":\"SearchAction\",\"target\":{\"@type\":\"EntryPoint\",\"urlTemplate\":\"https:\/\/e-ternitysolutions.com\/?s={search_term_string}\"},\"query-input\":\"required name=search_term_string\"}],\"inLanguage\":\"fr-FR\"},{\"@type\":\"Organization\",\"@id\":\"https:\/\/e-ternitysolutions.com\/#organization\",\"name\":\"E-TernitySolutions\",\"url\":\"https:\/\/e-ternitysolutions.com\/\",\"sameAs\":[],\"logo\":{\"@type\":\"ImageObject\",\"inLanguage\":\"fr-FR\",\"@id\":\"https:\/\/e-ternitysolutions.com\/#\/schema\/logo\/image\/\",\"url\":\"http:\/\/e-ternitysolutions.com\/wp-content\/uploads\/2022\/12\/logo2.png\",\"contentUrl\":\"http:\/\/e-ternitysolutions.com\/wp-content\/uploads\/2022\/12\/logo2.png\",\"width\":554,\"height\":200,\"caption\":\"E-TernitySolutions\"},\"image\":{\"@id\":\"https:\/\/e-ternitysolutions.com\/#\/schema\/logo\/image\/\"}}]}<\/script>\n<!-- \/ Yoast SEO plugin. -->","yoast_head_json":{"title":"TommaTech 410-395Wp M10 108PM Black&White Solar Panel Series - E-TernitySolutions","description":"TommaTech 675-650Wp M12 132PMB G2G HC-MB Solar Panel Series","robots":{"index":"index","follow":"follow","max-snippet":"max-snippet:-1","max-image-preview":"max-image-preview:large","max-video-preview":"max-video-preview:-1"},"canonical":"http:\/\/e-ternitysolutions.com\/fr\/produit\/tommatech-410-395wp-m10-108pm-blackwhite-solar-panel-series\/","og_locale":"fr_FR","og_type":"article","og_title":"TommaTech 410-395Wp M10 108PM Black&White Solar Panel Series - E-TernitySolutions","og_description":"TommaTech 675-650Wp M12 132PMB G2G HC-MB Solar Panel Series","og_url":"http:\/\/e-ternitysolutions.com\/fr\/produit\/tommatech-410-395wp-m10-108pm-blackwhite-solar-panel-series\/","og_site_name":"E-TernitySolutions","article_modified_time":"2023-10-15T20:18:48+00:00","og_image":[{"width":1200,"height":1200,"url":"http:\/\/e-ternitysolutions.com\/wp-content\/uploads\/2022\/12\/20_tommatech-410-395wp-m10-108pm-blackwhite-gunes-paneli-serisi.jpeg","type":"image\/jpeg"}],"twitter_card":"summary_large_image","twitter_misc":{"Temps de lecture estim\u00e9":"1 minute"},"schema":{"@context":"https:\/\/schema.org","@graph":[{"@type":"WebPage","@id":"http:\/\/e-ternitysolutions.com\/fr\/produit\/tommatech-410-395wp-m10-108pm-blackwhite-solar-panel-series\/","url":"http:\/\/e-ternitysolutions.com\/fr\/produit\/tommatech-410-395wp-m10-108pm-blackwhite-solar-panel-series\/","name":"TommaTech 410-395Wp M10 108PM Black&White Solar Panel Series - E-TernitySolutions","isPartOf":{"@id":"https:\/\/e-ternitysolutions.com\/#website"},"datePublished":"2022-12-14T21:29:30+00:00","dateModified":"2023-10-15T20:18:48+00:00","description":"TommaTech 675-650Wp M12 132PMB G2G HC-MB Solar Panel Series","breadcrumb":{"@id":"http:\/\/e-ternitysolutions.com\/fr\/produit\/tommatech-410-395wp-m10-108pm-blackwhite-solar-panel-series\/#breadcrumb"},"inLanguage":"fr-FR","potentialAction":[{"@type":"ReadAction","target":["http:\/\/e-ternitysolutions.com\/fr\/produit\/tommatech-410-395wp-m10-108pm-blackwhite-solar-panel-series\/"]}]},{"@type":"BreadcrumbList","@id":"http:\/\/e-ternitysolutions.com\/fr\/produit\/tommatech-410-395wp-m10-108pm-blackwhite-solar-panel-series\/#breadcrumb","itemListElement":[{"@type":"ListItem","position":1,"name":"Home","item":"https:\/\/e-ternitysolutions.com\/"},{"@type":"ListItem","position":2,"name":"Shop","item":"https:\/\/e-ternitysolutions.com\/shop\/"},{"@type":"ListItem","position":3,"name":"TommaTech 410-395Wp M10 108PM Black&#038;White Solar Panel Series"}]},{"@type":"WebSite","@id":"https:\/\/e-ternitysolutions.com\/#website","url":"https:\/\/e-ternitysolutions.com\/","name":"E-TernitySolutions","description":"Solar Panels","publisher":{"@id":"https:\/\/e-ternitysolutions.com\/#organization"},"potentialAction":[{"@type":"SearchAction","target":{"@type":"EntryPoint","urlTemplate":"https:\/\/e-ternitysolutions.com\/?s={search_term_string}"},"query-input":"required name=search_term_string"}],"inLanguage":"fr-FR"},{"@type":"Organization","@id":"https:\/\/e-ternitysolutions.com\/#organization","name":"E-TernitySolutions","url":"https:\/\/e-ternitysolutions.com\/","sameAs":[],"logo":{"@type":"ImageObject","inLanguage":"fr-FR","@id":"https:\/\/e-ternitysolutions.com\/#\/schema\/logo\/image\/","url":"http:\/\/e-ternitysolutions.com\/wp-content\/uploads\/2022\/12\/logo2.png","contentUrl":"http:\/\/e-ternitysolutions.com\/wp-content\/uploads\/2022\/12\/logo2.png","width":554,"height":200,"caption":"E-TernitySolutions"},"image":{"@id":"https:\/\/e-ternitysolutions.com\/#\/schema\/logo\/image\/"}}]}},"brands":[{"id":78,"name":"Tommatech","slug":"tommatech"}],"_links":{"self":[{"href":"http:\/\/e-ternitysolutions.com\/fr\/wp-json\/wp\/v2\/product\/1430"}],"collection":[{"href":"http:\/\/e-ternitysolutions.com\/fr\/wp-json\/wp\/v2\/product"}],"about":[{"href":"http:\/\/e-ternitysolutions.com\/fr\/wp-json\/wp\/v2\/types\/product"}],"replies":[{"embeddable":true,"href":"http:\/\/e-ternitysolutions.com\/fr\/wp-json\/wp\/v2\/comments?post=1430"}],"wp:featuredmedia":[{"embeddable":true,"href":"http:\/\/e-ternitysolutions.com\/fr\/wp-json\/wp\/v2\/media\/1431"}],"wp:attachment":[{"href":"http:\/\/e-ternitysolutions.com\/fr\/wp-json\/wp\/v2\/media?parent=1430"}],"wp:term":[{"taxonomy":"pwb-brand","embeddable":true,"href":"http:\/\/e-ternitysolutions.com\/fr\/wp-json\/wp\/v2\/pwb-brand?post=1430"},{"taxonomy":"product_cat","embeddable":true,"href":"http:\/\/e-ternitysolutions.com\/fr\/wp-json\/wp\/v2\/product_cat?post=1430"},{"taxonomy":"product_tag","embeddable":true,"href":"http:\/\/e-ternitysolutions.com\/fr\/wp-json\/wp\/v2\/product_tag?post=1430"}],"curies":[{"name":"wp","href":"https:\/\/api.w.org\/{rel}","templated":true}]}}