{"id":1992,"date":"2022-12-17T19:02:21","date_gmt":"2022-12-17T19:02:21","guid":{"rendered":"http:\/\/e-ternitysolutions.com\/?post_type=product&#038;p=1992"},"modified":"2023-10-15T16:10:45","modified_gmt":"2023-10-15T16:10:45","slug":"tommatech-10a-60v-12-24-mppt-charge-controller","status":"publish","type":"product","link":"http:\/\/e-ternitysolutions.com\/fr\/produit\/tommatech-10a-60v-12-24-mppt-charge-controller\/","title":{"rendered":"TommaTech\u00ae 10A-60V 12\/24 MPPT Contr\u00f4leur de charge"},"content":{"rendered":"<h2>S\u00c9RIE N(MPPT) R\u00c9GULATEURS DE CHARGE<\/h2>\n<div class=\"tommaline\"><\/div>\n<hr \/>\n<p>La s\u00e9rie TommaTech\u00ae MPPT est une s\u00e9rie de r\u00e9gulateurs de charge MPPT d\u00e9velopp\u00e9s pour les syst\u00e8mes photovolta\u00efques en r\u00e9seau avec des unit\u00e9s d'affichage LCD optionnelles (XDB1 \/ XDS1 \/ XDS2). Les r\u00e9gulateurs de charge de la s\u00e9rie TommaTech\u00ae MPPT appliquent un algorithme intelligent pour maximiser la quantit\u00e9 d'\u00e9nergie g\u00e9n\u00e9r\u00e9e par les panneaux photovolta\u00efques et en m\u00eame temps minimiser la perte de puissance dans une large gamme de fonctionnement, et donc fonctionner \u00e0 haute efficacit\u00e9. Les r\u00e9gulateurs de la s\u00e9rie TommaTech\u00ae disposent d'une option de r\u00e9duction automatique de la puissance \u00e0 haute temp\u00e9rature ainsi que d'une fonction de protection des limites du courant et de la puissance de charge. De cette mani\u00e8re, la stabilit\u00e9 du syst\u00e8me est port\u00e9e \u00e0 un niveau sup\u00e9rieur.<\/p>","protected":false},"excerpt":{"rendered":"<ul>\n<li>Technologie MPPT avanc\u00e9e<\/li>\n<li>Large plage de tension de fonctionnement MPPT<\/li>\n<li>Plusieurs modes de fonctionnement de la charge<\/li>\n<li>Protection \u00e9lectronique compl\u00e8te<\/li>\n<li>Compatible avec les batteries plomb-acide et lithium-ion<\/li>\n<li>Protection contre la surchauffe<\/li>\n<li>Statistiques \u00e9nerg\u00e9tiques en temps r\u00e9el<\/li>\n<li>Contr\u00f4le et r\u00e9glage des param\u00e8tres par l'interm\u00e9diaire de l'APP ou du logiciel PC<\/li>\n<li>Protection IP32<\/li>\n<li>Isol\u00e9 avec protocole Modbus standard Port de communication RS485<\/li>\n<li>Limiter la puissance et le courant de charge sur la plage nominale<\/li>\n<\/ul>","protected":false},"featured_media":1945,"comment_status":"open","ping_status":"closed","template":"","meta":{"_monsterinsights_skip_tracking":false,"_monsterinsights_sitenote_active":false,"_monsterinsights_sitenote_note":"","_monsterinsights_sitenote_category":0},"pwb-brand":[78],"product_cat":[60,64],"product_tag":[],"yoast_head":"<!-- This site is optimized with the Yoast SEO plugin v19.6 - https:\/\/yoast.com\/wordpress\/plugins\/seo\/ -->\n<title>TommaTech\u00ae 10A-60V 12\/24 MPPT Charge Controller - E-TernitySolutions<\/title>\n<meta name=\"description\" content=\"TommaTech 675-650Wp M12 132PMB G2G HC-MB Solar Panel Series\" \/>\n<meta name=\"robots\" content=\"index, follow, max-snippet:-1, max-image-preview:large, max-video-preview:-1\" \/>\n<link rel=\"canonical\" href=\"http:\/\/e-ternitysolutions.com\/fr\/produit\/tommatech-10a-60v-12-24-mppt-charge-controller\/\" \/>\n<meta property=\"og:locale\" content=\"fr_FR\" \/>\n<meta property=\"og:type\" content=\"article\" \/>\n<meta property=\"og:title\" content=\"TommaTech\u00ae 10A-60V 12\/24 MPPT Charge Controller - E-TernitySolutions\" \/>\n<meta property=\"og:description\" content=\"TommaTech 675-650Wp M12 132PMB G2G HC-MB Solar Panel Series\" \/>\n<meta property=\"og:url\" content=\"http:\/\/e-ternitysolutions.com\/fr\/produit\/tommatech-10a-60v-12-24-mppt-charge-controller\/\" \/>\n<meta property=\"og:site_name\" content=\"E-TernitySolutions\" \/>\n<meta property=\"article:modified_time\" content=\"2023-10-15T16:10:45+00:00\" \/>\n<meta property=\"og:image\" content=\"http:\/\/e-ternitysolutions.com\/wp-content\/uploads\/2022\/12\/133_tommatech-40a-150v-122448-mppt-sarj-kontrol-cihazi_0.jpeg\" \/>\n\t<meta property=\"og:image:width\" content=\"1200\" \/>\n\t<meta property=\"og:image:height\" content=\"1200\" \/>\n\t<meta property=\"og:image:type\" content=\"image\/jpeg\" \/>\n<meta name=\"twitter:card\" content=\"summary_large_image\" \/>\n<meta name=\"twitter:label1\" content=\"Temps de lecture estim\u00e9\" \/>\n\t<meta name=\"twitter:data1\" content=\"1 minute\" \/>\n<script type=\"application\/ld+json\" class=\"yoast-schema-graph\">{\"@context\":\"https:\/\/schema.org\",\"@graph\":[{\"@type\":\"WebPage\",\"@id\":\"http:\/\/e-ternitysolutions.com\/product\/tommatech-10a-60v-12-24-mppt-charge-controller\/\",\"url\":\"http:\/\/e-ternitysolutions.com\/product\/tommatech-10a-60v-12-24-mppt-charge-controller\/\",\"name\":\"TommaTech\u00ae 10A-60V 12\/24 MPPT Charge Controller - E-TernitySolutions\",\"isPartOf\":{\"@id\":\"https:\/\/e-ternitysolutions.com\/nl\/#website\"},\"datePublished\":\"2022-12-17T19:02:21+00:00\",\"dateModified\":\"2023-10-15T16:10:45+00:00\",\"description\":\"TommaTech 675-650Wp M12 132PMB G2G HC-MB Solar Panel Series\",\"breadcrumb\":{\"@id\":\"http:\/\/e-ternitysolutions.com\/product\/tommatech-10a-60v-12-24-mppt-charge-controller\/#breadcrumb\"},\"inLanguage\":\"fr-FR\",\"potentialAction\":[{\"@type\":\"ReadAction\",\"target\":[\"http:\/\/e-ternitysolutions.com\/product\/tommatech-10a-60v-12-24-mppt-charge-controller\/\"]}]},{\"@type\":\"BreadcrumbList\",\"@id\":\"http:\/\/e-ternitysolutions.com\/product\/tommatech-10a-60v-12-24-mppt-charge-controller\/#breadcrumb\",\"itemListElement\":[{\"@type\":\"ListItem\",\"position\":1,\"name\":\"Home\",\"item\":\"https:\/\/e-ternitysolutions.com\/\"},{\"@type\":\"ListItem\",\"position\":2,\"name\":\"Shop\",\"item\":\"https:\/\/e-ternitysolutions.com\/nl\/shop\/\"},{\"@type\":\"ListItem\",\"position\":3,\"name\":\"TommaTech\u00ae 10A-60V 12\/24 MPPT Charge Controller\"}]},{\"@type\":\"WebSite\",\"@id\":\"https:\/\/e-ternitysolutions.com\/nl\/#website\",\"url\":\"https:\/\/e-ternitysolutions.com\/nl\/\",\"name\":\"E-TernitySolutions\",\"description\":\"Solar Panels\",\"publisher\":{\"@id\":\"https:\/\/e-ternitysolutions.com\/nl\/#organization\"},\"potentialAction\":[{\"@type\":\"SearchAction\",\"target\":{\"@type\":\"EntryPoint\",\"urlTemplate\":\"https:\/\/e-ternitysolutions.com\/nl\/?s={search_term_string}\"},\"query-input\":\"required name=search_term_string\"}],\"inLanguage\":\"fr-FR\"},{\"@type\":\"Organization\",\"@id\":\"https:\/\/e-ternitysolutions.com\/nl\/#organization\",\"name\":\"E-TernitySolutions\",\"url\":\"https:\/\/e-ternitysolutions.com\/nl\/\",\"sameAs\":[],\"logo\":{\"@type\":\"ImageObject\",\"inLanguage\":\"fr-FR\",\"@id\":\"https:\/\/e-ternitysolutions.com\/nl\/#\/schema\/logo\/image\/\",\"url\":\"http:\/\/e-ternitysolutions.com\/wp-content\/uploads\/2022\/12\/logo2.png\",\"contentUrl\":\"http:\/\/e-ternitysolutions.com\/wp-content\/uploads\/2022\/12\/logo2.png\",\"width\":554,\"height\":200,\"caption\":\"E-TernitySolutions\"},\"image\":{\"@id\":\"https:\/\/e-ternitysolutions.com\/nl\/#\/schema\/logo\/image\/\"}}]}<\/script>\n<!-- \/ Yoast SEO plugin. -->","yoast_head_json":{"title":"TommaTech\u00ae 10A-60V 12\/24 MPPT Charge Controller - E-TernitySolutions","description":"TommaTech 675-650Wp M12 132PMB G2G HC-MB Solar Panel Series","robots":{"index":"index","follow":"follow","max-snippet":"max-snippet:-1","max-image-preview":"max-image-preview:large","max-video-preview":"max-video-preview:-1"},"canonical":"http:\/\/e-ternitysolutions.com\/fr\/produit\/tommatech-10a-60v-12-24-mppt-charge-controller\/","og_locale":"fr_FR","og_type":"article","og_title":"TommaTech\u00ae 10A-60V 12\/24 MPPT Charge Controller - E-TernitySolutions","og_description":"TommaTech 675-650Wp M12 132PMB G2G HC-MB Solar Panel Series","og_url":"http:\/\/e-ternitysolutions.com\/fr\/produit\/tommatech-10a-60v-12-24-mppt-charge-controller\/","og_site_name":"E-TernitySolutions","article_modified_time":"2023-10-15T16:10:45+00:00","og_image":[{"width":1200,"height":1200,"url":"http:\/\/e-ternitysolutions.com\/wp-content\/uploads\/2022\/12\/133_tommatech-40a-150v-122448-mppt-sarj-kontrol-cihazi_0.jpeg","type":"image\/jpeg"}],"twitter_card":"summary_large_image","twitter_misc":{"Temps de lecture estim\u00e9":"1 minute"},"schema":{"@context":"https:\/\/schema.org","@graph":[{"@type":"WebPage","@id":"http:\/\/e-ternitysolutions.com\/product\/tommatech-10a-60v-12-24-mppt-charge-controller\/","url":"http:\/\/e-ternitysolutions.com\/product\/tommatech-10a-60v-12-24-mppt-charge-controller\/","name":"TommaTech\u00ae 10A-60V 12\/24 MPPT Charge Controller - E-TernitySolutions","isPartOf":{"@id":"https:\/\/e-ternitysolutions.com\/nl\/#website"},"datePublished":"2022-12-17T19:02:21+00:00","dateModified":"2023-10-15T16:10:45+00:00","description":"TommaTech 675-650Wp M12 132PMB G2G HC-MB Solar Panel Series","breadcrumb":{"@id":"http:\/\/e-ternitysolutions.com\/product\/tommatech-10a-60v-12-24-mppt-charge-controller\/#breadcrumb"},"inLanguage":"fr-FR","potentialAction":[{"@type":"ReadAction","target":["http:\/\/e-ternitysolutions.com\/product\/tommatech-10a-60v-12-24-mppt-charge-controller\/"]}]},{"@type":"BreadcrumbList","@id":"http:\/\/e-ternitysolutions.com\/product\/tommatech-10a-60v-12-24-mppt-charge-controller\/#breadcrumb","itemListElement":[{"@type":"ListItem","position":1,"name":"Home","item":"https:\/\/e-ternitysolutions.com\/"},{"@type":"ListItem","position":2,"name":"Shop","item":"https:\/\/e-ternitysolutions.com\/nl\/shop\/"},{"@type":"ListItem","position":3,"name":"TommaTech\u00ae 10A-60V 12\/24 MPPT Charge Controller"}]},{"@type":"WebSite","@id":"https:\/\/e-ternitysolutions.com\/nl\/#website","url":"https:\/\/e-ternitysolutions.com\/nl\/","name":"E-TernitySolutions","description":"Solar Panels","publisher":{"@id":"https:\/\/e-ternitysolutions.com\/nl\/#organization"},"potentialAction":[{"@type":"SearchAction","target":{"@type":"EntryPoint","urlTemplate":"https:\/\/e-ternitysolutions.com\/nl\/?s={search_term_string}"},"query-input":"required name=search_term_string"}],"inLanguage":"fr-FR"},{"@type":"Organization","@id":"https:\/\/e-ternitysolutions.com\/nl\/#organization","name":"E-TernitySolutions","url":"https:\/\/e-ternitysolutions.com\/nl\/","sameAs":[],"logo":{"@type":"ImageObject","inLanguage":"fr-FR","@id":"https:\/\/e-ternitysolutions.com\/nl\/#\/schema\/logo\/image\/","url":"http:\/\/e-ternitysolutions.com\/wp-content\/uploads\/2022\/12\/logo2.png","contentUrl":"http:\/\/e-ternitysolutions.com\/wp-content\/uploads\/2022\/12\/logo2.png","width":554,"height":200,"caption":"E-TernitySolutions"},"image":{"@id":"https:\/\/e-ternitysolutions.com\/nl\/#\/schema\/logo\/image\/"}}]}},"brands":[{"id":78,"name":"Tommatech","slug":"tommatech"}],"_links":{"self":[{"href":"http:\/\/e-ternitysolutions.com\/fr\/wp-json\/wp\/v2\/product\/1992"}],"collection":[{"href":"http:\/\/e-ternitysolutions.com\/fr\/wp-json\/wp\/v2\/product"}],"about":[{"href":"http:\/\/e-ternitysolutions.com\/fr\/wp-json\/wp\/v2\/types\/product"}],"replies":[{"embeddable":true,"href":"http:\/\/e-ternitysolutions.com\/fr\/wp-json\/wp\/v2\/comments?post=1992"}],"wp:featuredmedia":[{"embeddable":true,"href":"http:\/\/e-ternitysolutions.com\/fr\/wp-json\/wp\/v2\/media\/1945"}],"wp:attachment":[{"href":"http:\/\/e-ternitysolutions.com\/fr\/wp-json\/wp\/v2\/media?parent=1992"}],"wp:term":[{"taxonomy":"pwb-brand","embeddable":true,"href":"http:\/\/e-ternitysolutions.com\/fr\/wp-json\/wp\/v2\/pwb-brand?post=1992"},{"taxonomy":"product_cat","embeddable":true,"href":"http:\/\/e-ternitysolutions.com\/fr\/wp-json\/wp\/v2\/product_cat?post=1992"},{"taxonomy":"product_tag","embeddable":true,"href":"http:\/\/e-ternitysolutions.com\/fr\/wp-json\/wp\/v2\/product_tag?post=1992"}],"curies":[{"name":"wp","href":"https:\/\/api.w.org\/{rel}","templated":true}]}}