{"id":2961,"date":"2023-10-10T07:15:19","date_gmt":"2023-10-10T07:15:19","guid":{"rendered":"http:\/\/e-ternitysolutions.com\/?post_type=product&#038;p=2961"},"modified":"2023-10-16T07:53:31","modified_gmt":"2023-10-16T07:53:31","slug":"lan-wlan-ai-dongle","status":"publish","type":"product","link":"http:\/\/e-ternitysolutions.com\/fr\/produit\/lan-wlan-ai-dongle\/","title":{"rendered":"Ai-Dongle LAN\/WLAN"},"content":{"rendered":"<div id=\"\" class=\"wrapper wrapper__spacing-bottom-large--20\">\n<div class=\"block-heading\">\n<div id=\"\" class=\"wrapper wrapper__spacing-bottom-large--20\">\n<div id=\"\" class=\"wrapper__anchor\">\n<div id=\"\" class=\"wrapper wrapper__spacing-bottom-large--20\">\n<div class=\"block-heading\">\n<div id=\"\" class=\"wrapper wrapper__spacing-bottom-large--20\">\n<div class=\"block-heading\">\n<div id=\"\" class=\"wrapper wrapper__spacing-bottom-large--20\">\n<div class=\"block-heading\">\n<div id=\"\" class=\"wrapper wrapper__spacing-bottom-large--20\">\n<div class=\"block-heading\">\n<div id=\"\" class=\"wrapper wrapper__spacing-bottom-large--20\">\n<div class=\"block-heading\">\n<div id=\"\" class=\"wrapper wrapper__spacing-bottom-large--20\">\n<div class=\"block-heading\">\n<div id=\"\" class=\"wrapper wrapper__spacing-bottom-large--20\">\n<div class=\"block-heading\">\n<div id=\"\" class=\"wrapper wrapper__spacing-bottom-large--20\">\n<div class=\"block-heading\">\n<div id=\"\" class=\"wrapper wrapper__spacing-bottom-large--20\">\n<div class=\"block-heading\">\n<h2 class=\"heading heading__align--left heading__color--shaft heading__size--default block-heading__heading\">Surveillance compacte et intelligente<\/h2>\n<\/div>\n<\/div>\n<div id=\"\" class=\"wrapper wrapper__spacing-bottom-large--80 wrapper__spacing-bottom-tablet--40\">\n<div id=\"\" class=\"wrapper__anchor\"><\/div>\n<p class=\"paragraph paragraph__color--dove paragraph__align--left paragraph__size--default block-paragraph__paragraph\">Le contr\u00f4le des donn\u00e9es de votre installation solaire vient de devenir plus facile, gr\u00e2ce \u00e0 notre nouveau dispositif de contr\u00f4le Ai-Dongle LAN\/WLAN. Notre Ai-Dongle, facile \u00e0 utiliser, peut am\u00e9liorer la surveillance des donn\u00e9es de votre onduleur Solplanet et accro\u00eetre votre capacit\u00e9 \u00e0 suivre la production d'\u00e9nergie de votre installation, que vous pouvez surveiller 24 heures sur 24, 7 jours sur 7, \u00e0 l'aide de notre application mobile conviviale.<\/p>\n<p>Notre Ai-Dongle est certifi\u00e9 \u00e9tanche IP66, ce qui vous permet de compter sur une connexion stable avec votre onduleur, m\u00eame dans les conditions m\u00e9t\u00e9orologiques les plus difficiles. Comme le processus de configuration est extr\u00eamement simple et qu'aucun outil n'est n\u00e9cessaire pour l'installation, votre syst\u00e8me de surveillance peut \u00eatre op\u00e9rationnel en un clin d'\u0153il.<\/p>\n<\/div>\n<\/div>\n<\/div>\n<\/div>\n<\/div>\n<\/div>\n<\/div>\n<\/div>\n<\/div>\n<\/div>\n<\/div>\n<\/div>\n<\/div>\n<\/div>\n<\/div>\n<\/div>\n<\/div>\n<\/div>\n<\/div>\n<\/div>\n<\/div>","protected":false},"excerpt":{"rendered":"<p>Le design compact de l'Ai-Dongle de Solplanet (seulement 170 x 50 x 30 mm) est certifi\u00e9 \u00e9tanche selon la norme IP66, ce qui permet de l'installer dans des endroits o\u00f9 les conditions m\u00e9t\u00e9orologiques sont les plus difficiles.<\/p>\n<p>Une fois que votre Ai-Dongle est connect\u00e9 \u00e0 votre application Solplanet, vous pouvez surveiller votre production d'\u00e9nergie photovolta\u00efque 24 heures sur 24, 7 jours sur 7, depuis la paume de votre main.<\/p>","protected":false},"featured_media":2957,"comment_status":"open","ping_status":"closed","template":"","meta":{"_monsterinsights_skip_tracking":false,"_monsterinsights_sitenote_active":false,"_monsterinsights_sitenote_note":"","_monsterinsights_sitenote_category":0},"pwb-brand":[80],"product_cat":[72],"product_tag":[],"yoast_head":"<!-- This site is optimized with the Yoast SEO plugin v19.6 - https:\/\/yoast.com\/wordpress\/plugins\/seo\/ -->\n<title>LAN\/WLAN Ai-Dongle - E-TernitySolutions<\/title>\n<meta name=\"robots\" content=\"index, follow, max-snippet:-1, max-image-preview:large, max-video-preview:-1\" \/>\n<link rel=\"canonical\" href=\"https:\/\/e-ternitysolutions.com\/fr\/produit\/lan-wlan-ai-dongle\/\" \/>\n<meta property=\"og:locale\" content=\"fr_FR\" \/>\n<meta property=\"og:type\" content=\"article\" \/>\n<meta property=\"og:title\" content=\"LAN\/WLAN Ai-Dongle - E-TernitySolutions\" \/>\n<meta property=\"og:description\" content=\"Solplanet\u2019s Ai-Dongle\u2019s compact design (only 170 x 50 x 30 mm) is IP66-certified waterproof so that it can be installed in locations with even the harshest of weather conditions.  Once your Ai-Dongle is connected to your Solplanet app, you can monitor your photovoltaic energy production 24 hours a day, 7 days a week, right from the palm of your hand.\" \/>\n<meta property=\"og:url\" content=\"https:\/\/e-ternitysolutions.com\/fr\/produit\/lan-wlan-ai-dongle\/\" \/>\n<meta property=\"og:site_name\" content=\"E-TernitySolutions\" \/>\n<meta property=\"article:modified_time\" content=\"2023-10-16T07:53:31+00:00\" \/>\n<meta property=\"og:image\" content=\"https:\/\/e-ternitysolutions.com\/wp-content\/uploads\/2023\/10\/GALLERY-SOLPLANET-Ai-Dongle_front-1.png\" \/>\n\t<meta property=\"og:image:width\" content=\"700\" \/>\n\t<meta property=\"og:image:height\" content=\"700\" \/>\n\t<meta property=\"og:image:type\" content=\"image\/png\" \/>\n<meta name=\"twitter:card\" content=\"summary_large_image\" \/>\n<meta name=\"twitter:label1\" content=\"Temps de lecture estim\u00e9\" \/>\n\t<meta name=\"twitter:data1\" content=\"1 minute\" \/>\n<script type=\"application\/ld+json\" class=\"yoast-schema-graph\">{\"@context\":\"https:\/\/schema.org\",\"@graph\":[{\"@type\":\"WebPage\",\"@id\":\"https:\/\/e-ternitysolutions.com\/fr\/produit\/lan-wlan-ai-dongle\/\",\"url\":\"https:\/\/e-ternitysolutions.com\/fr\/produit\/lan-wlan-ai-dongle\/\",\"name\":\"LAN\/WLAN Ai-Dongle - E-TernitySolutions\",\"isPartOf\":{\"@id\":\"https:\/\/e-ternitysolutions.com\/nl\/#website\"},\"datePublished\":\"2023-10-10T07:15:19+00:00\",\"dateModified\":\"2023-10-16T07:53:31+00:00\",\"breadcrumb\":{\"@id\":\"https:\/\/e-ternitysolutions.com\/fr\/produit\/lan-wlan-ai-dongle\/#breadcrumb\"},\"inLanguage\":\"fr-FR\",\"potentialAction\":[{\"@type\":\"ReadAction\",\"target\":[\"https:\/\/e-ternitysolutions.com\/fr\/produit\/lan-wlan-ai-dongle\/\"]}]},{\"@type\":\"BreadcrumbList\",\"@id\":\"https:\/\/e-ternitysolutions.com\/fr\/produit\/lan-wlan-ai-dongle\/#breadcrumb\",\"itemListElement\":[{\"@type\":\"ListItem\",\"position\":1,\"name\":\"Home\",\"item\":\"https:\/\/e-ternitysolutions.com\/\"},{\"@type\":\"ListItem\",\"position\":2,\"name\":\"Shop\",\"item\":\"https:\/\/e-ternitysolutions.com\/nl\/shop\/\"},{\"@type\":\"ListItem\",\"position\":3,\"name\":\"LAN\/WLAN Ai-Dongle\"}]},{\"@type\":\"WebSite\",\"@id\":\"https:\/\/e-ternitysolutions.com\/nl\/#website\",\"url\":\"https:\/\/e-ternitysolutions.com\/nl\/\",\"name\":\"E-TernitySolutions\",\"description\":\"Solar Panels\",\"publisher\":{\"@id\":\"https:\/\/e-ternitysolutions.com\/nl\/#organization\"},\"potentialAction\":[{\"@type\":\"SearchAction\",\"target\":{\"@type\":\"EntryPoint\",\"urlTemplate\":\"https:\/\/e-ternitysolutions.com\/nl\/?s={search_term_string}\"},\"query-input\":\"required name=search_term_string\"}],\"inLanguage\":\"fr-FR\"},{\"@type\":\"Organization\",\"@id\":\"https:\/\/e-ternitysolutions.com\/nl\/#organization\",\"name\":\"E-TernitySolutions\",\"url\":\"https:\/\/e-ternitysolutions.com\/nl\/\",\"sameAs\":[],\"logo\":{\"@type\":\"ImageObject\",\"inLanguage\":\"fr-FR\",\"@id\":\"https:\/\/e-ternitysolutions.com\/nl\/#\/schema\/logo\/image\/\",\"url\":\"http:\/\/e-ternitysolutions.com\/wp-content\/uploads\/2022\/12\/logo2.png\",\"contentUrl\":\"http:\/\/e-ternitysolutions.com\/wp-content\/uploads\/2022\/12\/logo2.png\",\"width\":554,\"height\":200,\"caption\":\"E-TernitySolutions\"},\"image\":{\"@id\":\"https:\/\/e-ternitysolutions.com\/nl\/#\/schema\/logo\/image\/\"}}]}<\/script>\n<!-- \/ Yoast SEO plugin. -->","yoast_head_json":{"title":"LAN\/WLAN Ai-Dongle - E-TernitySolutions","robots":{"index":"index","follow":"follow","max-snippet":"max-snippet:-1","max-image-preview":"max-image-preview:large","max-video-preview":"max-video-preview:-1"},"canonical":"https:\/\/e-ternitysolutions.com\/fr\/produit\/lan-wlan-ai-dongle\/","og_locale":"fr_FR","og_type":"article","og_title":"LAN\/WLAN Ai-Dongle - E-TernitySolutions","og_description":"Solplanet\u2019s Ai-Dongle\u2019s compact design (only 170 x 50 x 30 mm) is IP66-certified waterproof so that it can be installed in locations with even the harshest of weather conditions.  Once your Ai-Dongle is connected to your Solplanet app, you can monitor your photovoltaic energy production 24 hours a day, 7 days a week, right from the palm of your hand.","og_url":"https:\/\/e-ternitysolutions.com\/fr\/produit\/lan-wlan-ai-dongle\/","og_site_name":"E-TernitySolutions","article_modified_time":"2023-10-16T07:53:31+00:00","og_image":[{"width":700,"height":700,"url":"https:\/\/e-ternitysolutions.com\/wp-content\/uploads\/2023\/10\/GALLERY-SOLPLANET-Ai-Dongle_front-1.png","type":"image\/png"}],"twitter_card":"summary_large_image","twitter_misc":{"Temps de lecture estim\u00e9":"1 minute"},"schema":{"@context":"https:\/\/schema.org","@graph":[{"@type":"WebPage","@id":"https:\/\/e-ternitysolutions.com\/fr\/produit\/lan-wlan-ai-dongle\/","url":"https:\/\/e-ternitysolutions.com\/fr\/produit\/lan-wlan-ai-dongle\/","name":"LAN\/WLAN Ai-Dongle - E-TernitySolutions","isPartOf":{"@id":"https:\/\/e-ternitysolutions.com\/nl\/#website"},"datePublished":"2023-10-10T07:15:19+00:00","dateModified":"2023-10-16T07:53:31+00:00","breadcrumb":{"@id":"https:\/\/e-ternitysolutions.com\/fr\/produit\/lan-wlan-ai-dongle\/#breadcrumb"},"inLanguage":"fr-FR","potentialAction":[{"@type":"ReadAction","target":["https:\/\/e-ternitysolutions.com\/fr\/produit\/lan-wlan-ai-dongle\/"]}]},{"@type":"BreadcrumbList","@id":"https:\/\/e-ternitysolutions.com\/fr\/produit\/lan-wlan-ai-dongle\/#breadcrumb","itemListElement":[{"@type":"ListItem","position":1,"name":"Home","item":"https:\/\/e-ternitysolutions.com\/"},{"@type":"ListItem","position":2,"name":"Shop","item":"https:\/\/e-ternitysolutions.com\/nl\/shop\/"},{"@type":"ListItem","position":3,"name":"LAN\/WLAN Ai-Dongle"}]},{"@type":"WebSite","@id":"https:\/\/e-ternitysolutions.com\/nl\/#website","url":"https:\/\/e-ternitysolutions.com\/nl\/","name":"E-TernitySolutions","description":"Solar Panels","publisher":{"@id":"https:\/\/e-ternitysolutions.com\/nl\/#organization"},"potentialAction":[{"@type":"SearchAction","target":{"@type":"EntryPoint","urlTemplate":"https:\/\/e-ternitysolutions.com\/nl\/?s={search_term_string}"},"query-input":"required name=search_term_string"}],"inLanguage":"fr-FR"},{"@type":"Organization","@id":"https:\/\/e-ternitysolutions.com\/nl\/#organization","name":"E-TernitySolutions","url":"https:\/\/e-ternitysolutions.com\/nl\/","sameAs":[],"logo":{"@type":"ImageObject","inLanguage":"fr-FR","@id":"https:\/\/e-ternitysolutions.com\/nl\/#\/schema\/logo\/image\/","url":"http:\/\/e-ternitysolutions.com\/wp-content\/uploads\/2022\/12\/logo2.png","contentUrl":"http:\/\/e-ternitysolutions.com\/wp-content\/uploads\/2022\/12\/logo2.png","width":554,"height":200,"caption":"E-TernitySolutions"},"image":{"@id":"https:\/\/e-ternitysolutions.com\/nl\/#\/schema\/logo\/image\/"}}]}},"brands":[{"id":80,"name":"Solplanet","slug":"solplanet"}],"_links":{"self":[{"href":"http:\/\/e-ternitysolutions.com\/fr\/wp-json\/wp\/v2\/product\/2961"}],"collection":[{"href":"http:\/\/e-ternitysolutions.com\/fr\/wp-json\/wp\/v2\/product"}],"about":[{"href":"http:\/\/e-ternitysolutions.com\/fr\/wp-json\/wp\/v2\/types\/product"}],"replies":[{"embeddable":true,"href":"http:\/\/e-ternitysolutions.com\/fr\/wp-json\/wp\/v2\/comments?post=2961"}],"wp:featuredmedia":[{"embeddable":true,"href":"http:\/\/e-ternitysolutions.com\/fr\/wp-json\/wp\/v2\/media\/2957"}],"wp:attachment":[{"href":"http:\/\/e-ternitysolutions.com\/fr\/wp-json\/wp\/v2\/media?parent=2961"}],"wp:term":[{"taxonomy":"pwb-brand","embeddable":true,"href":"http:\/\/e-ternitysolutions.com\/fr\/wp-json\/wp\/v2\/pwb-brand?post=2961"},{"taxonomy":"product_cat","embeddable":true,"href":"http:\/\/e-ternitysolutions.com\/fr\/wp-json\/wp\/v2\/product_cat?post=2961"},{"taxonomy":"product_tag","embeddable":true,"href":"http:\/\/e-ternitysolutions.com\/fr\/wp-json\/wp\/v2\/product_tag?post=2961"}],"curies":[{"name":"wp","href":"https:\/\/api.w.org\/{rel}","templated":true}]}}