{"id":1850,"date":"2022-12-17T17:06:41","date_gmt":"2022-12-17T17:06:41","guid":{"rendered":"http:\/\/e-ternitysolutions.com\/?post_type=product&#038;p=1850"},"modified":"2023-10-15T16:09:16","modified_gmt":"2023-10-15T16:09:16","slug":"tommatech-lifepo4-51-2v-100ah-lithium-battery","status":"publish","type":"product","link":"https:\/\/e-ternitysolutions.com\/de\/produkt\/tommatech-lifepo4-51-2v-100ah-lithium-battery\/","title":{"rendered":"TommaTech\u00ae LiFePO4 51.2V 100Ah Lithium-Batterie"},"content":{"rendered":"<h2>TommaTech\u00ae LiFePO<sub>4<\/sub>\u00a0Lithium-Batterie<\/h2>\n<div class=\"tommaline\"><\/div>\n<hr \/>\n<p>TommaTech\u00ae LiFePO wurde mit Qualit\u00e4tskomponenten der neuesten Generation entwickelt.<sub>4<\/sub>\u00a0Lithium-Batterien sind in einer Vielzahl von Kapazit\u00e4ten und drei Spannungsoptionen erh\u00e4ltlich: 12,8 V, 25,6 V und 51,2 V. Die TommaTech\u00ae LiFePO\u00ae-Batterien vereinen \u00c4sthetik mit hoher Leistung.<sub>4<\/sub>\u00a0Lithium-Batterien bieten alle Kapazit\u00e4ten, die sie im Gegensatz zu konventionellen Batterien haben, und haben auch eine wesentlich h\u00f6here Zyklenzahl und Nutzungsdauer mit der enthaltenen Technologie.<\/p>\n<p>\u00dcber die Lithium-Batterie Parallel Combiner Box, die voll kompatibel mit TommaTech\u00ae LiFePO ist<sub>4<\/sub>\u00a0Lithium-Batterien, die Anzahl der Batterien kann je nach gew\u00fcnschter Kapazit\u00e4t sicher und effizient auf bis zu vier St\u00fcck erh\u00f6ht werden.<\/p>\n<p><strong>Hohe Leistung :\u00a0<\/strong>Gro\u00dfartige Leistung mit LiFePO der neuen Generation<sub>4<\/sub>\u00a0Technologie<\/p>\n<p><strong>Batterie-Management-System :\u00a0<\/strong>Sichere Struktur mit fortschrittlicher interner BMS-Technologie<\/p>\n<p><strong>Lange Lebensdauer :\u00a0<\/strong>Lange Lebensdauer von bis zu 5000 Zyklen<\/p>\n<p><strong>Langlebiges Metallgeh\u00e4use :\u00a0<\/strong>\u00c4sthetisches, kompaktes und langlebiges Metallgeh\u00e4use<\/p>\n<p><strong>Umweltvertr\u00e4gliche Technologie :\u00a0<\/strong>Sicheres und sauberes LiFePO<sub>4<\/sub>\u00a0Technologie ohne sch\u00e4dliche Gasemissionen<\/p>\n<p><strong>Erweiterbare Kapazit\u00e4t :\u00a0<\/strong>Kapazit\u00e4t sicher und verlustfrei erh\u00f6hen mit Parallel Combiner Box<\/p>\n<p><strong>IP67 Schutzklasse :\u00a0<\/strong>IP67-kompatibles Metallgeh\u00e4use und Anschlusskomponenten<\/p>","protected":false},"excerpt":{"rendered":"<ul>\n<li>Hohe Leistung<\/li>\n<li>Batterie-Management-System<\/li>\n<li>Lange Lebensdauer<\/li>\n<li>Langlebiges Metallgeh\u00e4use<\/li>\n<li>Umweltvertr\u00e4gliche Technologie<\/li>\n<li>Erweiterbare Kapazit\u00e4t<\/li>\n<li>IP67 Schutzklasse<\/li>\n<\/ul>","protected":false},"featured_media":1852,"comment_status":"open","ping_status":"closed","template":"","meta":{"_monsterinsights_skip_tracking":false,"_monsterinsights_sitenote_active":false,"_monsterinsights_sitenote_note":"","_monsterinsights_sitenote_category":0},"pwb-brand":[78],"product_cat":[60,61],"product_tag":[],"yoast_head":"<!-- This site is optimized with the Yoast SEO plugin v19.6 - https:\/\/yoast.com\/wordpress\/plugins\/seo\/ -->\n<title>TommaTech\u00ae LiFePO4 51.2V 100Ah Lithium Battery - E-TernitySolutions<\/title>\n<meta name=\"description\" content=\"TommaTech 675-650Wp M12 132PMB G2G HC-MB Solar Panel Series\" \/>\n<meta name=\"robots\" content=\"index, follow, max-snippet:-1, max-image-preview:large, max-video-preview:-1\" \/>\n<link rel=\"canonical\" href=\"https:\/\/e-ternitysolutions.com\/de\/produkt\/tommatech-lifepo4-51-2v-100ah-lithium-battery\/\" \/>\n<meta property=\"og:locale\" content=\"de_DE\" \/>\n<meta property=\"og:type\" content=\"article\" \/>\n<meta property=\"og:title\" content=\"TommaTech\u00ae LiFePO4 51.2V 100Ah Lithium Battery - E-TernitySolutions\" \/>\n<meta property=\"og:description\" content=\"TommaTech 675-650Wp M12 132PMB G2G HC-MB Solar Panel Series\" \/>\n<meta property=\"og:url\" content=\"https:\/\/e-ternitysolutions.com\/de\/produkt\/tommatech-lifepo4-51-2v-100ah-lithium-battery\/\" \/>\n<meta property=\"og:site_name\" content=\"E-TernitySolutions\" \/>\n<meta property=\"article:modified_time\" content=\"2023-10-15T16:09:16+00:00\" \/>\n<meta property=\"og:image\" content=\"http:\/\/e-ternitysolutions.com\/wp-content\/uploads\/2022\/12\/823_tommatech-lifepo4-512v-100ah-lityum-batarya_0.jpeg\" \/>\n\t<meta property=\"og:image:width\" content=\"1200\" \/>\n\t<meta property=\"og:image:height\" content=\"1200\" \/>\n\t<meta property=\"og:image:type\" content=\"image\/jpeg\" \/>\n<meta name=\"twitter:card\" content=\"summary_large_image\" \/>\n<meta name=\"twitter:label1\" content=\"Gesch\u00e4tzte Lesezeit\" \/>\n\t<meta name=\"twitter:data1\" content=\"1 Minute\" \/>\n<script type=\"application\/ld+json\" class=\"yoast-schema-graph\">{\"@context\":\"https:\/\/schema.org\",\"@graph\":[{\"@type\":\"WebPage\",\"@id\":\"http:\/\/e-ternitysolutions.com\/product\/tommatech-lifepo4-51-2v-100ah-lithium-battery\/\",\"url\":\"http:\/\/e-ternitysolutions.com\/product\/tommatech-lifepo4-51-2v-100ah-lithium-battery\/\",\"name\":\"TommaTech\u00ae LiFePO4 51.2V 100Ah Lithium Battery - E-TernitySolutions\",\"isPartOf\":{\"@id\":\"http:\/\/e-ternitysolutions.com\/nl\/#website\"},\"datePublished\":\"2022-12-17T17:06:41+00:00\",\"dateModified\":\"2023-10-15T16:09:16+00:00\",\"description\":\"TommaTech 675-650Wp M12 132PMB G2G HC-MB Solar Panel Series\",\"breadcrumb\":{\"@id\":\"http:\/\/e-ternitysolutions.com\/product\/tommatech-lifepo4-51-2v-100ah-lithium-battery\/#breadcrumb\"},\"inLanguage\":\"de-DE\",\"potentialAction\":[{\"@type\":\"ReadAction\",\"target\":[\"http:\/\/e-ternitysolutions.com\/product\/tommatech-lifepo4-51-2v-100ah-lithium-battery\/\"]}]},{\"@type\":\"BreadcrumbList\",\"@id\":\"http:\/\/e-ternitysolutions.com\/product\/tommatech-lifepo4-51-2v-100ah-lithium-battery\/#breadcrumb\",\"itemListElement\":[{\"@type\":\"ListItem\",\"position\":1,\"name\":\"Home\",\"item\":\"http:\/\/e-ternitysolutions.com\/de\/\"},{\"@type\":\"ListItem\",\"position\":2,\"name\":\"Shop\",\"item\":\"http:\/\/e-ternitysolutions.com\/nl\/shop\/\"},{\"@type\":\"ListItem\",\"position\":3,\"name\":\"TommaTech\u00ae LiFePO4 51.2V 100Ah Lithium Battery\"}]},{\"@type\":\"WebSite\",\"@id\":\"http:\/\/e-ternitysolutions.com\/nl\/#website\",\"url\":\"http:\/\/e-ternitysolutions.com\/nl\/\",\"name\":\"E-TernitySolutions\",\"description\":\"Solar Panels\",\"publisher\":{\"@id\":\"http:\/\/e-ternitysolutions.com\/nl\/#organization\"},\"potentialAction\":[{\"@type\":\"SearchAction\",\"target\":{\"@type\":\"EntryPoint\",\"urlTemplate\":\"http:\/\/e-ternitysolutions.com\/nl\/?s={search_term_string}\"},\"query-input\":\"required name=search_term_string\"}],\"inLanguage\":\"de-DE\"},{\"@type\":\"Organization\",\"@id\":\"http:\/\/e-ternitysolutions.com\/nl\/#organization\",\"name\":\"E-TernitySolutions\",\"url\":\"http:\/\/e-ternitysolutions.com\/nl\/\",\"sameAs\":[],\"logo\":{\"@type\":\"ImageObject\",\"inLanguage\":\"de-DE\",\"@id\":\"http:\/\/e-ternitysolutions.com\/nl\/#\/schema\/logo\/image\/\",\"url\":\"https:\/\/e-ternitysolutions.com\/wp-content\/uploads\/2022\/12\/logo2.png\",\"contentUrl\":\"https:\/\/e-ternitysolutions.com\/wp-content\/uploads\/2022\/12\/logo2.png\",\"width\":554,\"height\":200,\"caption\":\"E-TernitySolutions\"},\"image\":{\"@id\":\"http:\/\/e-ternitysolutions.com\/nl\/#\/schema\/logo\/image\/\"}}]}<\/script>\n<!-- \/ Yoast SEO plugin. -->","yoast_head_json":{"title":"TommaTech\u00ae LiFePO4 51.2V 100Ah Lithium Battery - E-TernitySolutions","description":"TommaTech 675-650Wp M12 132PMB G2G HC-MB Solar Panel Series","robots":{"index":"index","follow":"follow","max-snippet":"max-snippet:-1","max-image-preview":"max-image-preview:large","max-video-preview":"max-video-preview:-1"},"canonical":"https:\/\/e-ternitysolutions.com\/de\/produkt\/tommatech-lifepo4-51-2v-100ah-lithium-battery\/","og_locale":"de_DE","og_type":"article","og_title":"TommaTech\u00ae LiFePO4 51.2V 100Ah Lithium Battery - E-TernitySolutions","og_description":"TommaTech 675-650Wp M12 132PMB G2G HC-MB Solar Panel Series","og_url":"https:\/\/e-ternitysolutions.com\/de\/produkt\/tommatech-lifepo4-51-2v-100ah-lithium-battery\/","og_site_name":"E-TernitySolutions","article_modified_time":"2023-10-15T16:09:16+00:00","og_image":[{"width":1200,"height":1200,"url":"http:\/\/e-ternitysolutions.com\/wp-content\/uploads\/2022\/12\/823_tommatech-lifepo4-512v-100ah-lityum-batarya_0.jpeg","type":"image\/jpeg"}],"twitter_card":"summary_large_image","twitter_misc":{"Gesch\u00e4tzte Lesezeit":"1 Minute"},"schema":{"@context":"https:\/\/schema.org","@graph":[{"@type":"WebPage","@id":"http:\/\/e-ternitysolutions.com\/product\/tommatech-lifepo4-51-2v-100ah-lithium-battery\/","url":"http:\/\/e-ternitysolutions.com\/product\/tommatech-lifepo4-51-2v-100ah-lithium-battery\/","name":"TommaTech\u00ae LiFePO4 51.2V 100Ah Lithium Battery - E-TernitySolutions","isPartOf":{"@id":"http:\/\/e-ternitysolutions.com\/nl\/#website"},"datePublished":"2022-12-17T17:06:41+00:00","dateModified":"2023-10-15T16:09:16+00:00","description":"TommaTech 675-650Wp M12 132PMB G2G HC-MB Solar Panel Series","breadcrumb":{"@id":"http:\/\/e-ternitysolutions.com\/product\/tommatech-lifepo4-51-2v-100ah-lithium-battery\/#breadcrumb"},"inLanguage":"de-DE","potentialAction":[{"@type":"ReadAction","target":["http:\/\/e-ternitysolutions.com\/product\/tommatech-lifepo4-51-2v-100ah-lithium-battery\/"]}]},{"@type":"BreadcrumbList","@id":"http:\/\/e-ternitysolutions.com\/product\/tommatech-lifepo4-51-2v-100ah-lithium-battery\/#breadcrumb","itemListElement":[{"@type":"ListItem","position":1,"name":"Home","item":"http:\/\/e-ternitysolutions.com\/de\/"},{"@type":"ListItem","position":2,"name":"Shop","item":"http:\/\/e-ternitysolutions.com\/nl\/shop\/"},{"@type":"ListItem","position":3,"name":"TommaTech\u00ae LiFePO4 51.2V 100Ah Lithium Battery"}]},{"@type":"WebSite","@id":"http:\/\/e-ternitysolutions.com\/nl\/#website","url":"http:\/\/e-ternitysolutions.com\/nl\/","name":"E-TernitySolutions","description":"Solar Panels","publisher":{"@id":"http:\/\/e-ternitysolutions.com\/nl\/#organization"},"potentialAction":[{"@type":"SearchAction","target":{"@type":"EntryPoint","urlTemplate":"http:\/\/e-ternitysolutions.com\/nl\/?s={search_term_string}"},"query-input":"required name=search_term_string"}],"inLanguage":"de-DE"},{"@type":"Organization","@id":"http:\/\/e-ternitysolutions.com\/nl\/#organization","name":"E-TernitySolutions","url":"http:\/\/e-ternitysolutions.com\/nl\/","sameAs":[],"logo":{"@type":"ImageObject","inLanguage":"de-DE","@id":"http:\/\/e-ternitysolutions.com\/nl\/#\/schema\/logo\/image\/","url":"https:\/\/e-ternitysolutions.com\/wp-content\/uploads\/2022\/12\/logo2.png","contentUrl":"https:\/\/e-ternitysolutions.com\/wp-content\/uploads\/2022\/12\/logo2.png","width":554,"height":200,"caption":"E-TernitySolutions"},"image":{"@id":"http:\/\/e-ternitysolutions.com\/nl\/#\/schema\/logo\/image\/"}}]}},"brands":[{"id":78,"name":"Tommatech","slug":"tommatech"}],"_links":{"self":[{"href":"https:\/\/e-ternitysolutions.com\/de\/wp-json\/wp\/v2\/product\/1850"}],"collection":[{"href":"https:\/\/e-ternitysolutions.com\/de\/wp-json\/wp\/v2\/product"}],"about":[{"href":"https:\/\/e-ternitysolutions.com\/de\/wp-json\/wp\/v2\/types\/product"}],"replies":[{"embeddable":true,"href":"https:\/\/e-ternitysolutions.com\/de\/wp-json\/wp\/v2\/comments?post=1850"}],"wp:featuredmedia":[{"embeddable":true,"href":"https:\/\/e-ternitysolutions.com\/de\/wp-json\/wp\/v2\/media\/1852"}],"wp:attachment":[{"href":"https:\/\/e-ternitysolutions.com\/de\/wp-json\/wp\/v2\/media?parent=1850"}],"wp:term":[{"taxonomy":"pwb-brand","embeddable":true,"href":"https:\/\/e-ternitysolutions.com\/de\/wp-json\/wp\/v2\/pwb-brand?post=1850"},{"taxonomy":"product_cat","embeddable":true,"href":"https:\/\/e-ternitysolutions.com\/de\/wp-json\/wp\/v2\/product_cat?post=1850"},{"taxonomy":"product_tag","embeddable":true,"href":"https:\/\/e-ternitysolutions.com\/de\/wp-json\/wp\/v2\/product_tag?post=1850"}],"curies":[{"name":"wp","href":"https:\/\/api.w.org\/{rel}","templated":true}]}}