{"id":1965,"date":"2022-12-17T18:39:47","date_gmt":"2022-12-17T18:39:47","guid":{"rendered":"http:\/\/e-ternitysolutions.com\/?post_type=product&#038;p=1965"},"modified":"2023-10-15T16:09:06","modified_gmt":"2023-10-15T16:09:06","slug":"tommatech-40a-100v-12-24-mppt-charge-controller","status":"publish","type":"product","link":"https:\/\/e-ternitysolutions.com\/de\/produkt\/tommatech-40a-100v-12-24-mppt-charge-controller\/","title":{"rendered":"TommaTech\u00ae 40A-100V 12\/24 MPPT-Laderegler"},"content":{"rendered":"<h2>N-SERIE(MPPT) LADEREGLER<\/h2>\n<div class=\"tommaline\"><\/div>\n<hr \/>\n<p>Die TommaTech\u00ae MPPT-Serie ist eine Serie von MPPT-Ladereglern, die f\u00fcr netzgekoppelte Photovoltaikanlagen mit optionalen LCD-Anzeigen (XDB1 \/ XDS1 \/ XDS2) entwickelt wurden. Die Laderegler der TommaTech\u00ae MPPT-Serie wenden einen intelligenten Algorithmus an, um die von den PV-Anlagen erzeugte Energiemenge zu maximieren und gleichzeitig den Leistungsverlust in einem breiten Betriebsbereich zu minimieren, so dass sie mit hoher Effizienz arbeiten. Der TommaTech\u00ae Laderegler verf\u00fcgt \u00fcber die M\u00f6glichkeit der automatischen Leistungsreduzierung bei hohen Temperaturen sowie \u00fcber eine Schutzfunktion zur Begrenzung des Ladestroms und der Ladeleistung. Auf diese Weise wird die Stabilit\u00e4t des Systems auf die n\u00e4chste Stufe gehoben.<\/p>","protected":false},"excerpt":{"rendered":"<ul>\n<li>Fortschrittliche MPPT-Technologie<\/li>\n<li>Gro\u00dfer MPPT-Betriebsspannungsbereich<\/li>\n<li>Mehrere Lastbetriebsarten<\/li>\n<li>Umfassender elektronischer Schutz<\/li>\n<li>Kompatibel mit Bleis\u00e4ure- und Lithium-Ionen-Batterien<\/li>\n<li>\u00dcbertemperaturschutz<\/li>\n<li>Energiestatistiken in Echtzeit<\/li>\n<li>\u00dcberwachung und Einstellung der Parameter \u00fcber APP oder PC-Software<\/li>\n<li>IP32 Schutz<\/li>\n<li>Isoliert mit Standard Modbus Protokoll RS485 Kommunikationsport<\/li>\n<li>Begrenzung von Ladeleistung und -strom \u00fcber den Nennbereich<\/li>\n<\/ul>","protected":false},"featured_media":1945,"comment_status":"open","ping_status":"closed","template":"","meta":{"_monsterinsights_skip_tracking":false,"_monsterinsights_sitenote_active":false,"_monsterinsights_sitenote_note":"","_monsterinsights_sitenote_category":0},"pwb-brand":[78],"product_cat":[60,64],"product_tag":[],"yoast_head":"<!-- This site is optimized with the Yoast SEO plugin v19.6 - https:\/\/yoast.com\/wordpress\/plugins\/seo\/ -->\n<title>TommaTech\u00ae 40A-100V 12\/24 MPPT Charge Controller - E-TernitySolutions<\/title>\n<meta name=\"description\" content=\"TommaTech 675-650Wp M12 132PMB G2G HC-MB Solar Panel Series\" \/>\n<meta name=\"robots\" content=\"index, follow, max-snippet:-1, max-image-preview:large, max-video-preview:-1\" \/>\n<link rel=\"canonical\" href=\"https:\/\/e-ternitysolutions.com\/de\/produkt\/tommatech-40a-100v-12-24-mppt-charge-controller\/\" \/>\n<meta property=\"og:locale\" content=\"de_DE\" \/>\n<meta property=\"og:type\" content=\"article\" \/>\n<meta property=\"og:title\" content=\"TommaTech\u00ae 40A-100V 12\/24 MPPT Charge Controller - E-TernitySolutions\" \/>\n<meta property=\"og:description\" content=\"TommaTech 675-650Wp M12 132PMB G2G HC-MB Solar Panel Series\" \/>\n<meta property=\"og:url\" content=\"https:\/\/e-ternitysolutions.com\/de\/produkt\/tommatech-40a-100v-12-24-mppt-charge-controller\/\" \/>\n<meta property=\"og:site_name\" content=\"E-TernitySolutions\" \/>\n<meta property=\"article:modified_time\" content=\"2023-10-15T16:09:06+00:00\" \/>\n<meta property=\"og:image\" content=\"https:\/\/e-ternitysolutions.com\/wp-content\/uploads\/2022\/12\/133_tommatech-40a-150v-122448-mppt-sarj-kontrol-cihazi_0.jpeg\" \/>\n\t<meta property=\"og:image:width\" content=\"1200\" \/>\n\t<meta property=\"og:image:height\" content=\"1200\" \/>\n\t<meta property=\"og:image:type\" content=\"image\/jpeg\" \/>\n<meta name=\"twitter:card\" content=\"summary_large_image\" \/>\n<meta name=\"twitter:label1\" content=\"Gesch\u00e4tzte Lesezeit\" \/>\n\t<meta name=\"twitter:data1\" content=\"1 Minute\" \/>\n<script type=\"application\/ld+json\" class=\"yoast-schema-graph\">{\"@context\":\"https:\/\/schema.org\",\"@graph\":[{\"@type\":\"WebPage\",\"@id\":\"https:\/\/e-ternitysolutions.com\/de\/produkt\/tommatech-40a-100v-12-24-mppt-charge-controller\/\",\"url\":\"https:\/\/e-ternitysolutions.com\/de\/produkt\/tommatech-40a-100v-12-24-mppt-charge-controller\/\",\"name\":\"TommaTech\u00ae 40A-100V 12\/24 MPPT Charge Controller - E-TernitySolutions\",\"isPartOf\":{\"@id\":\"http:\/\/e-ternitysolutions.com\/nl\/#website\"},\"datePublished\":\"2022-12-17T18:39:47+00:00\",\"dateModified\":\"2023-10-15T16:09:06+00:00\",\"description\":\"TommaTech 675-650Wp M12 132PMB G2G HC-MB Solar Panel Series\",\"breadcrumb\":{\"@id\":\"https:\/\/e-ternitysolutions.com\/de\/produkt\/tommatech-40a-100v-12-24-mppt-charge-controller\/#breadcrumb\"},\"inLanguage\":\"de-DE\",\"potentialAction\":[{\"@type\":\"ReadAction\",\"target\":[\"https:\/\/e-ternitysolutions.com\/de\/produkt\/tommatech-40a-100v-12-24-mppt-charge-controller\/\"]}]},{\"@type\":\"BreadcrumbList\",\"@id\":\"https:\/\/e-ternitysolutions.com\/de\/produkt\/tommatech-40a-100v-12-24-mppt-charge-controller\/#breadcrumb\",\"itemListElement\":[{\"@type\":\"ListItem\",\"position\":1,\"name\":\"Home\",\"item\":\"http:\/\/e-ternitysolutions.com\/de\/\"},{\"@type\":\"ListItem\",\"position\":2,\"name\":\"Shop\",\"item\":\"http:\/\/e-ternitysolutions.com\/nl\/shop\/\"},{\"@type\":\"ListItem\",\"position\":3,\"name\":\"TommaTech\u00ae 40A-100V 12\/24 MPPT Charge Controller\"}]},{\"@type\":\"WebSite\",\"@id\":\"http:\/\/e-ternitysolutions.com\/nl\/#website\",\"url\":\"http:\/\/e-ternitysolutions.com\/nl\/\",\"name\":\"E-TernitySolutions\",\"description\":\"Solar Panels\",\"publisher\":{\"@id\":\"http:\/\/e-ternitysolutions.com\/nl\/#organization\"},\"potentialAction\":[{\"@type\":\"SearchAction\",\"target\":{\"@type\":\"EntryPoint\",\"urlTemplate\":\"http:\/\/e-ternitysolutions.com\/nl\/?s={search_term_string}\"},\"query-input\":\"required name=search_term_string\"}],\"inLanguage\":\"de-DE\"},{\"@type\":\"Organization\",\"@id\":\"http:\/\/e-ternitysolutions.com\/nl\/#organization\",\"name\":\"E-TernitySolutions\",\"url\":\"http:\/\/e-ternitysolutions.com\/nl\/\",\"sameAs\":[],\"logo\":{\"@type\":\"ImageObject\",\"inLanguage\":\"de-DE\",\"@id\":\"http:\/\/e-ternitysolutions.com\/nl\/#\/schema\/logo\/image\/\",\"url\":\"https:\/\/e-ternitysolutions.com\/wp-content\/uploads\/2022\/12\/logo2.png\",\"contentUrl\":\"https:\/\/e-ternitysolutions.com\/wp-content\/uploads\/2022\/12\/logo2.png\",\"width\":554,\"height\":200,\"caption\":\"E-TernitySolutions\"},\"image\":{\"@id\":\"http:\/\/e-ternitysolutions.com\/nl\/#\/schema\/logo\/image\/\"}}]}<\/script>\n<!-- \/ Yoast SEO plugin. -->","yoast_head_json":{"title":"TommaTech\u00ae 40A-100V 12\/24 MPPT Charge Controller - E-TernitySolutions","description":"TommaTech 675-650Wp M12 132PMB G2G HC-MB Solar Panel Series","robots":{"index":"index","follow":"follow","max-snippet":"max-snippet:-1","max-image-preview":"max-image-preview:large","max-video-preview":"max-video-preview:-1"},"canonical":"https:\/\/e-ternitysolutions.com\/de\/produkt\/tommatech-40a-100v-12-24-mppt-charge-controller\/","og_locale":"de_DE","og_type":"article","og_title":"TommaTech\u00ae 40A-100V 12\/24 MPPT Charge Controller - E-TernitySolutions","og_description":"TommaTech 675-650Wp M12 132PMB G2G HC-MB Solar Panel Series","og_url":"https:\/\/e-ternitysolutions.com\/de\/produkt\/tommatech-40a-100v-12-24-mppt-charge-controller\/","og_site_name":"E-TernitySolutions","article_modified_time":"2023-10-15T16:09:06+00:00","og_image":[{"width":1200,"height":1200,"url":"https:\/\/e-ternitysolutions.com\/wp-content\/uploads\/2022\/12\/133_tommatech-40a-150v-122448-mppt-sarj-kontrol-cihazi_0.jpeg","type":"image\/jpeg"}],"twitter_card":"summary_large_image","twitter_misc":{"Gesch\u00e4tzte Lesezeit":"1 Minute"},"schema":{"@context":"https:\/\/schema.org","@graph":[{"@type":"WebPage","@id":"https:\/\/e-ternitysolutions.com\/de\/produkt\/tommatech-40a-100v-12-24-mppt-charge-controller\/","url":"https:\/\/e-ternitysolutions.com\/de\/produkt\/tommatech-40a-100v-12-24-mppt-charge-controller\/","name":"TommaTech\u00ae 40A-100V 12\/24 MPPT Charge Controller - E-TernitySolutions","isPartOf":{"@id":"http:\/\/e-ternitysolutions.com\/nl\/#website"},"datePublished":"2022-12-17T18:39:47+00:00","dateModified":"2023-10-15T16:09:06+00:00","description":"TommaTech 675-650Wp M12 132PMB G2G HC-MB Solar Panel Series","breadcrumb":{"@id":"https:\/\/e-ternitysolutions.com\/de\/produkt\/tommatech-40a-100v-12-24-mppt-charge-controller\/#breadcrumb"},"inLanguage":"de-DE","potentialAction":[{"@type":"ReadAction","target":["https:\/\/e-ternitysolutions.com\/de\/produkt\/tommatech-40a-100v-12-24-mppt-charge-controller\/"]}]},{"@type":"BreadcrumbList","@id":"https:\/\/e-ternitysolutions.com\/de\/produkt\/tommatech-40a-100v-12-24-mppt-charge-controller\/#breadcrumb","itemListElement":[{"@type":"ListItem","position":1,"name":"Home","item":"http:\/\/e-ternitysolutions.com\/de\/"},{"@type":"ListItem","position":2,"name":"Shop","item":"http:\/\/e-ternitysolutions.com\/nl\/shop\/"},{"@type":"ListItem","position":3,"name":"TommaTech\u00ae 40A-100V 12\/24 MPPT Charge Controller"}]},{"@type":"WebSite","@id":"http:\/\/e-ternitysolutions.com\/nl\/#website","url":"http:\/\/e-ternitysolutions.com\/nl\/","name":"E-TernitySolutions","description":"Solar Panels","publisher":{"@id":"http:\/\/e-ternitysolutions.com\/nl\/#organization"},"potentialAction":[{"@type":"SearchAction","target":{"@type":"EntryPoint","urlTemplate":"http:\/\/e-ternitysolutions.com\/nl\/?s={search_term_string}"},"query-input":"required name=search_term_string"}],"inLanguage":"de-DE"},{"@type":"Organization","@id":"http:\/\/e-ternitysolutions.com\/nl\/#organization","name":"E-TernitySolutions","url":"http:\/\/e-ternitysolutions.com\/nl\/","sameAs":[],"logo":{"@type":"ImageObject","inLanguage":"de-DE","@id":"http:\/\/e-ternitysolutions.com\/nl\/#\/schema\/logo\/image\/","url":"https:\/\/e-ternitysolutions.com\/wp-content\/uploads\/2022\/12\/logo2.png","contentUrl":"https:\/\/e-ternitysolutions.com\/wp-content\/uploads\/2022\/12\/logo2.png","width":554,"height":200,"caption":"E-TernitySolutions"},"image":{"@id":"http:\/\/e-ternitysolutions.com\/nl\/#\/schema\/logo\/image\/"}}]}},"brands":[{"id":78,"name":"Tommatech","slug":"tommatech"}],"_links":{"self":[{"href":"https:\/\/e-ternitysolutions.com\/de\/wp-json\/wp\/v2\/product\/1965"}],"collection":[{"href":"https:\/\/e-ternitysolutions.com\/de\/wp-json\/wp\/v2\/product"}],"about":[{"href":"https:\/\/e-ternitysolutions.com\/de\/wp-json\/wp\/v2\/types\/product"}],"replies":[{"embeddable":true,"href":"https:\/\/e-ternitysolutions.com\/de\/wp-json\/wp\/v2\/comments?post=1965"}],"wp:featuredmedia":[{"embeddable":true,"href":"https:\/\/e-ternitysolutions.com\/de\/wp-json\/wp\/v2\/media\/1945"}],"wp:attachment":[{"href":"https:\/\/e-ternitysolutions.com\/de\/wp-json\/wp\/v2\/media?parent=1965"}],"wp:term":[{"taxonomy":"pwb-brand","embeddable":true,"href":"https:\/\/e-ternitysolutions.com\/de\/wp-json\/wp\/v2\/pwb-brand?post=1965"},{"taxonomy":"product_cat","embeddable":true,"href":"https:\/\/e-ternitysolutions.com\/de\/wp-json\/wp\/v2\/product_cat?post=1965"},{"taxonomy":"product_tag","embeddable":true,"href":"https:\/\/e-ternitysolutions.com\/de\/wp-json\/wp\/v2\/product_tag?post=1965"}],"curies":[{"name":"wp","href":"https:\/\/api.w.org\/{rel}","templated":true}]}}