{"id":1525,"date":"2022-12-15T18:58:14","date_gmt":"2022-12-15T18:58:14","guid":{"rendered":"http:\/\/e-ternitysolutions.com\/?post_type=product&#038;p=1525"},"modified":"2023-10-15T16:08:07","modified_gmt":"2023-10-15T16:08:07","slug":"3-panel460wp-3kwe-off-grid24v-solar-package","status":"publish","type":"product","link":"https:\/\/e-ternitysolutions.com\/fr\/produit\/3-panel460wp-3kwe-off-grid24v-solar-package\/","title":{"rendered":"Pack solaire 3 panneaux (460Wp) 3kWe hors r\u00e9seau (24V)"},"content":{"rendered":"<p><strong>Combien co\u00fbte l'appareil qui fonctionne avec ce paquet ?<\/strong><\/p>\n<ul>\n<li>\u00a0R\u00e9frig\u00e9rateur (Mini 1 x A++ classe \u00e9nerg\u00e9tique 24 heures)<\/li>\n<li>\u00a0Ordinateur portable (8 heures \u00e0 l'exclusion des p\u00e9riph\u00e9riques)<\/li>\n<li>\u00a0T\u00e9l\u00e9vision (60 \u00e9crans LDC LED 16 heures)<\/li>\n<li>\u00a0Lampe \u00e0 courant continu de 5 W et lampe \u00e0 \u00e9conomie d'\u00e9nergie de 11 W (lampe \u00e0 DEL 2 x 6 heures, lampe \u00e0 \u00e9conomie d'\u00e9nergie 3 x 6 heures)<\/li>\n<li>\u00a0Aspirateur (1 pi\u00e8ce 30 min)<\/li>\n<li>\u00a0Chargeur de t\u00e9l\u00e9phone portable \/ chargeur de jouet \/ chargeur de lecteur MP3, radio (2 pi\u00e8ces, temps illimit\u00e9)<\/li>\n<\/ul>\n<p><strong>Remarque :\u00a0<\/strong>Les temps d'utilisation et les valeurs de production mentionn\u00e9s ci-dessus sont calcul\u00e9s sur la base de la dur\u00e9e moyenne d'ensoleillement en Turquie (4 heures par jour). L'\u00e9nergie produite et les temps de consommation peuvent varier en fonction des conditions m\u00e9t\u00e9orologiques et des r\u00e9gions.<\/p>","protected":false},"excerpt":{"rendered":"<p>Gr\u00e2ce \u00e0 ce syst\u00e8me, tr\u00e8s pratique \u00e0 installer, vous pouvez faire fonctionner vos appareils \u00e9lectroniques tels que l'ordinateur portable, la t\u00e9l\u00e9vision, le mini-r\u00e9frig\u00e9rateur, le lave-linge, le lave-vaisselle et l'aspirateur, ainsi que r\u00e9pondre \u00e0 vos besoins en mati\u00e8re d'\u00e9clairage et de recharge de t\u00e9l\u00e9phone.<\/p>","protected":false},"featured_media":1526,"comment_status":"open","ping_status":"closed","template":"","meta":{"_monsterinsights_skip_tracking":false,"_monsterinsights_sitenote_active":false,"_monsterinsights_sitenote_note":"","_monsterinsights_sitenote_category":0},"pwb-brand":[78],"product_cat":[53],"product_tag":[],"yoast_head":"<!-- This site is optimized with the Yoast SEO plugin v19.6 - https:\/\/yoast.com\/wordpress\/plugins\/seo\/ -->\n<title>3 Panel(460Wp) 3kWe Off-Grid(24V) Solar Package - E-TernitySolutions<\/title>\n<meta name=\"description\" content=\"TommaTech 675-650Wp M12 132PMB G2G HC-MB Solar Panel Series\" \/>\n<meta name=\"robots\" content=\"index, follow, max-snippet:-1, max-image-preview:large, max-video-preview:-1\" \/>\n<link rel=\"canonical\" href=\"https:\/\/e-ternitysolutions.com\/fr\/produit\/3-panel460wp-3kwe-off-grid24v-solar-package\/\" \/>\n<meta property=\"og:locale\" content=\"fr_FR\" \/>\n<meta property=\"og:type\" content=\"article\" \/>\n<meta property=\"og:title\" content=\"3 Panel(460Wp) 3kWe Off-Grid(24V) Solar Package - E-TernitySolutions\" \/>\n<meta property=\"og:description\" content=\"TommaTech 675-650Wp M12 132PMB G2G HC-MB Solar Panel Series\" \/>\n<meta property=\"og:url\" content=\"https:\/\/e-ternitysolutions.com\/fr\/produit\/3-panel460wp-3kwe-off-grid24v-solar-package\/\" \/>\n<meta property=\"og:site_name\" content=\"E-TernitySolutions\" \/>\n<meta property=\"article:modified_time\" content=\"2023-10-15T16:08:07+00:00\" \/>\n<meta property=\"og:image\" content=\"https:\/\/e-ternitysolutions.com\/wp-content\/uploads\/2022\/12\/1062_3-panel460wp-3kwe-off-grid24v-solar-paket_0.jpeg\" \/>\n\t<meta property=\"og:image:width\" content=\"1200\" \/>\n\t<meta property=\"og:image:height\" content=\"1200\" \/>\n\t<meta property=\"og:image:type\" content=\"image\/jpeg\" \/>\n<meta name=\"twitter:card\" content=\"summary_large_image\" \/>\n<meta name=\"twitter:label1\" content=\"Temps de lecture estim\u00e9\" \/>\n\t<meta name=\"twitter:data1\" content=\"1 minute\" \/>\n<script type=\"application\/ld+json\" class=\"yoast-schema-graph\">{\"@context\":\"https:\/\/schema.org\",\"@graph\":[{\"@type\":\"WebPage\",\"@id\":\"https:\/\/e-ternitysolutions.com\/fr\/produit\/3-panel460wp-3kwe-off-grid24v-solar-package\/\",\"url\":\"https:\/\/e-ternitysolutions.com\/fr\/produit\/3-panel460wp-3kwe-off-grid24v-solar-package\/\",\"name\":\"3 Panel(460Wp) 3kWe Off-Grid(24V) Solar Package - E-TernitySolutions\",\"isPartOf\":{\"@id\":\"https:\/\/e-ternitysolutions.com\/fr\/#website\"},\"datePublished\":\"2022-12-15T18:58:14+00:00\",\"dateModified\":\"2023-10-15T16:08:07+00:00\",\"description\":\"TommaTech 675-650Wp M12 132PMB G2G HC-MB Solar Panel Series\",\"breadcrumb\":{\"@id\":\"https:\/\/e-ternitysolutions.com\/fr\/produit\/3-panel460wp-3kwe-off-grid24v-solar-package\/#breadcrumb\"},\"inLanguage\":\"fr-FR\",\"potentialAction\":[{\"@type\":\"ReadAction\",\"target\":[\"https:\/\/e-ternitysolutions.com\/fr\/produit\/3-panel460wp-3kwe-off-grid24v-solar-package\/\"]}]},{\"@type\":\"BreadcrumbList\",\"@id\":\"https:\/\/e-ternitysolutions.com\/fr\/produit\/3-panel460wp-3kwe-off-grid24v-solar-package\/#breadcrumb\",\"itemListElement\":[{\"@type\":\"ListItem\",\"position\":1,\"name\":\"Home\",\"item\":\"https:\/\/e-ternitysolutions.com\/fr\/\"},{\"@type\":\"ListItem\",\"position\":2,\"name\":\"Shop\",\"item\":\"https:\/\/e-ternitysolutions.com\/fr\/shop\/\"},{\"@type\":\"ListItem\",\"position\":3,\"name\":\"3 Panel(460Wp) 3kWe Off-Grid(24V) Solar Package\"}]},{\"@type\":\"WebSite\",\"@id\":\"https:\/\/e-ternitysolutions.com\/fr\/#website\",\"url\":\"https:\/\/e-ternitysolutions.com\/fr\/\",\"name\":\"E-TernitySolutions\",\"description\":\"Solar Panels\",\"publisher\":{\"@id\":\"https:\/\/e-ternitysolutions.com\/fr\/#organization\"},\"potentialAction\":[{\"@type\":\"SearchAction\",\"target\":{\"@type\":\"EntryPoint\",\"urlTemplate\":\"https:\/\/e-ternitysolutions.com\/fr\/?s={search_term_string}\"},\"query-input\":\"required name=search_term_string\"}],\"inLanguage\":\"fr-FR\"},{\"@type\":\"Organization\",\"@id\":\"https:\/\/e-ternitysolutions.com\/fr\/#organization\",\"name\":\"E-TernitySolutions\",\"url\":\"https:\/\/e-ternitysolutions.com\/fr\/\",\"sameAs\":[],\"logo\":{\"@type\":\"ImageObject\",\"inLanguage\":\"fr-FR\",\"@id\":\"https:\/\/e-ternitysolutions.com\/fr\/#\/schema\/logo\/image\/\",\"url\":\"https:\/\/e-ternitysolutions.com\/wp-content\/uploads\/2022\/12\/logo2.png\",\"contentUrl\":\"https:\/\/e-ternitysolutions.com\/wp-content\/uploads\/2022\/12\/logo2.png\",\"width\":554,\"height\":200,\"caption\":\"E-TernitySolutions\"},\"image\":{\"@id\":\"https:\/\/e-ternitysolutions.com\/fr\/#\/schema\/logo\/image\/\"}}]}<\/script>\n<!-- \/ Yoast SEO plugin. -->","yoast_head_json":{"title":"3 Panel(460Wp) 3kWe Off-Grid(24V) Solar Package - E-TernitySolutions","description":"TommaTech 675-650Wp M12 132PMB G2G HC-MB Solar Panel Series","robots":{"index":"index","follow":"follow","max-snippet":"max-snippet:-1","max-image-preview":"max-image-preview:large","max-video-preview":"max-video-preview:-1"},"canonical":"https:\/\/e-ternitysolutions.com\/fr\/produit\/3-panel460wp-3kwe-off-grid24v-solar-package\/","og_locale":"fr_FR","og_type":"article","og_title":"3 Panel(460Wp) 3kWe Off-Grid(24V) Solar Package - E-TernitySolutions","og_description":"TommaTech 675-650Wp M12 132PMB G2G HC-MB Solar Panel Series","og_url":"https:\/\/e-ternitysolutions.com\/fr\/produit\/3-panel460wp-3kwe-off-grid24v-solar-package\/","og_site_name":"E-TernitySolutions","article_modified_time":"2023-10-15T16:08:07+00:00","og_image":[{"width":1200,"height":1200,"url":"https:\/\/e-ternitysolutions.com\/wp-content\/uploads\/2022\/12\/1062_3-panel460wp-3kwe-off-grid24v-solar-paket_0.jpeg","type":"image\/jpeg"}],"twitter_card":"summary_large_image","twitter_misc":{"Temps de lecture estim\u00e9":"1 minute"},"schema":{"@context":"https:\/\/schema.org","@graph":[{"@type":"WebPage","@id":"https:\/\/e-ternitysolutions.com\/fr\/produit\/3-panel460wp-3kwe-off-grid24v-solar-package\/","url":"https:\/\/e-ternitysolutions.com\/fr\/produit\/3-panel460wp-3kwe-off-grid24v-solar-package\/","name":"3 Panel(460Wp) 3kWe Off-Grid(24V) Solar Package - E-TernitySolutions","isPartOf":{"@id":"https:\/\/e-ternitysolutions.com\/fr\/#website"},"datePublished":"2022-12-15T18:58:14+00:00","dateModified":"2023-10-15T16:08:07+00:00","description":"TommaTech 675-650Wp M12 132PMB G2G HC-MB Solar Panel Series","breadcrumb":{"@id":"https:\/\/e-ternitysolutions.com\/fr\/produit\/3-panel460wp-3kwe-off-grid24v-solar-package\/#breadcrumb"},"inLanguage":"fr-FR","potentialAction":[{"@type":"ReadAction","target":["https:\/\/e-ternitysolutions.com\/fr\/produit\/3-panel460wp-3kwe-off-grid24v-solar-package\/"]}]},{"@type":"BreadcrumbList","@id":"https:\/\/e-ternitysolutions.com\/fr\/produit\/3-panel460wp-3kwe-off-grid24v-solar-package\/#breadcrumb","itemListElement":[{"@type":"ListItem","position":1,"name":"Home","item":"https:\/\/e-ternitysolutions.com\/fr\/"},{"@type":"ListItem","position":2,"name":"Shop","item":"https:\/\/e-ternitysolutions.com\/fr\/shop\/"},{"@type":"ListItem","position":3,"name":"3 Panel(460Wp) 3kWe Off-Grid(24V) Solar Package"}]},{"@type":"WebSite","@id":"https:\/\/e-ternitysolutions.com\/fr\/#website","url":"https:\/\/e-ternitysolutions.com\/fr\/","name":"E-TernitySolutions","description":"Solar Panels","publisher":{"@id":"https:\/\/e-ternitysolutions.com\/fr\/#organization"},"potentialAction":[{"@type":"SearchAction","target":{"@type":"EntryPoint","urlTemplate":"https:\/\/e-ternitysolutions.com\/fr\/?s={search_term_string}"},"query-input":"required name=search_term_string"}],"inLanguage":"fr-FR"},{"@type":"Organization","@id":"https:\/\/e-ternitysolutions.com\/fr\/#organization","name":"E-TernitySolutions","url":"https:\/\/e-ternitysolutions.com\/fr\/","sameAs":[],"logo":{"@type":"ImageObject","inLanguage":"fr-FR","@id":"https:\/\/e-ternitysolutions.com\/fr\/#\/schema\/logo\/image\/","url":"https:\/\/e-ternitysolutions.com\/wp-content\/uploads\/2022\/12\/logo2.png","contentUrl":"https:\/\/e-ternitysolutions.com\/wp-content\/uploads\/2022\/12\/logo2.png","width":554,"height":200,"caption":"E-TernitySolutions"},"image":{"@id":"https:\/\/e-ternitysolutions.com\/fr\/#\/schema\/logo\/image\/"}}]}},"brands":[{"id":78,"name":"Tommatech","slug":"tommatech"}],"_links":{"self":[{"href":"https:\/\/e-ternitysolutions.com\/fr\/wp-json\/wp\/v2\/product\/1525"}],"collection":[{"href":"https:\/\/e-ternitysolutions.com\/fr\/wp-json\/wp\/v2\/product"}],"about":[{"href":"https:\/\/e-ternitysolutions.com\/fr\/wp-json\/wp\/v2\/types\/product"}],"replies":[{"embeddable":true,"href":"https:\/\/e-ternitysolutions.com\/fr\/wp-json\/wp\/v2\/comments?post=1525"}],"wp:featuredmedia":[{"embeddable":true,"href":"https:\/\/e-ternitysolutions.com\/fr\/wp-json\/wp\/v2\/media\/1526"}],"wp:attachment":[{"href":"https:\/\/e-ternitysolutions.com\/fr\/wp-json\/wp\/v2\/media?parent=1525"}],"wp:term":[{"taxonomy":"pwb-brand","embeddable":true,"href":"https:\/\/e-ternitysolutions.com\/fr\/wp-json\/wp\/v2\/pwb-brand?post=1525"},{"taxonomy":"product_cat","embeddable":true,"href":"https:\/\/e-ternitysolutions.com\/fr\/wp-json\/wp\/v2\/product_cat?post=1525"},{"taxonomy":"product_tag","embeddable":true,"href":"https:\/\/e-ternitysolutions.com\/fr\/wp-json\/wp\/v2\/product_tag?post=1525"}],"curies":[{"name":"wp","href":"https:\/\/api.w.org\/{rel}","templated":true}]}}