{"id":1807,"date":"2022-12-17T16:42:26","date_gmt":"2022-12-17T16:42:26","guid":{"rendered":"http:\/\/e-ternitysolutions.com\/?post_type=product&#038;p=1807"},"modified":"2023-10-16T08:03:46","modified_gmt":"2023-10-16T08:03:46","slug":"tommatech-high-tech-power-booster-pack-5-8kwh-lithium-battery","status":"publish","type":"product","link":"https:\/\/e-ternitysolutions.com\/fr\/produit\/tommatech-high-tech-power-booster-pack-5-8kwh-lithium-battery\/","title":{"rendered":"TommaTech\u00ae High Tech Power Booster Pack 5.8kWh Lithium Battery"},"content":{"rendered":"<h2>TommaTech\u00ae High Tech Power General Pack Batterie au lithium<\/h2>\n<p><em>Simple. Fiable. Efficace<\/em><\/p>\n<div class=\"tommaline\"><\/div>\n<hr \/>\n<p>Maximisez vos avantages solaires gr\u00e2ce \u00e0 nos solutions de batteries durables et \u00e9volutives. La technologie LiFePO4 la plus s\u00fbre garantit un fonctionnement \u00e0 long terme et tr\u00e8s performant avec plus de 6000 cycles de vie \u00e0 90% DoD avec une autoconsommation marginale. Nos GeneralPacks avec BMS int\u00e9gr\u00e9 peuvent \u00eatre mis \u00e0 niveau sans effort avec jusqu'\u00e0 3 BoosterPacks pour augmenter les temps de sauvegarde et les \u00e9conomies.<\/p>","protected":false},"excerpt":{"rendered":"<ul>\n<li>3 phases \/ 1 phase<\/li>\n<li>Haute efficacit\u00e9<\/li>\n<li>Surveillance \u00e0 distance<\/li>\n<li>Class\u00e9 IP55<\/li>\n<li>LiFePO<sub>4<\/sub>\u00a0Technologie<\/li>\n<\/ul>","protected":false},"featured_media":1808,"comment_status":"open","ping_status":"closed","template":"","meta":{"_monsterinsights_skip_tracking":false,"_monsterinsights_sitenote_active":false,"_monsterinsights_sitenote_note":"","_monsterinsights_sitenote_category":0},"pwb-brand":[78],"product_cat":[60,61],"product_tag":[],"yoast_head":"<!-- This site is optimized with the Yoast SEO plugin v19.6 - https:\/\/yoast.com\/wordpress\/plugins\/seo\/ -->\n<title>TommaTech\u00ae High Tech Power Booster Pack 5.8kWh Lithium Battery - E-TernitySolutions<\/title>\n<meta name=\"description\" content=\"TommaTech 675-650Wp M12 132PMB G2G HC-MB Solar Panel Series\" \/>\n<meta name=\"robots\" content=\"index, follow, max-snippet:-1, max-image-preview:large, max-video-preview:-1\" \/>\n<link rel=\"canonical\" href=\"https:\/\/e-ternitysolutions.com\/fr\/produkt\/tommatech-high-tech-power-booster-pack-5-8kwh-lithium-battery\/\" \/>\n<meta property=\"og:locale\" content=\"fr_FR\" \/>\n<meta property=\"og:type\" content=\"article\" \/>\n<meta property=\"og:title\" content=\"TommaTech\u00ae High Tech Power Booster Pack 5.8kWh Lithium Battery - E-TernitySolutions\" \/>\n<meta property=\"og:description\" content=\"TommaTech 675-650Wp M12 132PMB G2G HC-MB Solar Panel Series\" \/>\n<meta property=\"og:url\" content=\"https:\/\/e-ternitysolutions.com\/fr\/produkt\/tommatech-high-tech-power-booster-pack-5-8kwh-lithium-battery\/\" \/>\n<meta property=\"og:site_name\" content=\"E-TernitySolutions\" \/>\n<meta property=\"article:modified_time\" content=\"2023-10-16T08:03:46+00:00\" \/>\n<meta property=\"og:image\" content=\"https:\/\/e-ternitysolutions.com\/wp-content\/uploads\/2022\/12\/354_tommatech-high-tech-power-boosterpack-58kwh-lityum-batarya_0.png\" \/>\n\t<meta property=\"og:image:width\" content=\"1200\" \/>\n\t<meta property=\"og:image:height\" content=\"1200\" \/>\n\t<meta property=\"og:image:type\" content=\"image\/png\" \/>\n<meta name=\"twitter:card\" content=\"summary_large_image\" \/>\n<meta name=\"twitter:label1\" content=\"Temps de lecture estim\u00e9\" \/>\n\t<meta name=\"twitter:data1\" content=\"1 minute\" \/>\n<script type=\"application\/ld+json\" class=\"yoast-schema-graph\">{\"@context\":\"https:\/\/schema.org\",\"@graph\":[{\"@type\":\"WebPage\",\"@id\":\"https:\/\/e-ternitysolutions.com\/de\/produkt\/tommatech-high-tech-power-booster-pack-5-8kwh-lithium-battery\/\",\"url\":\"https:\/\/e-ternitysolutions.com\/de\/produkt\/tommatech-high-tech-power-booster-pack-5-8kwh-lithium-battery\/\",\"name\":\"TommaTech\u00ae High Tech Power Booster Pack 5.8kWh Lithium Battery - E-TernitySolutions\",\"isPartOf\":{\"@id\":\"http:\/\/e-ternitysolutions.com\/nl\/#website\"},\"datePublished\":\"2022-12-17T16:42:26+00:00\",\"dateModified\":\"2023-10-16T08:03:46+00:00\",\"description\":\"TommaTech 675-650Wp M12 132PMB G2G HC-MB Solar Panel Series\",\"breadcrumb\":{\"@id\":\"https:\/\/e-ternitysolutions.com\/de\/produkt\/tommatech-high-tech-power-booster-pack-5-8kwh-lithium-battery\/#breadcrumb\"},\"inLanguage\":\"fr-FR\",\"potentialAction\":[{\"@type\":\"ReadAction\",\"target\":[\"https:\/\/e-ternitysolutions.com\/de\/produkt\/tommatech-high-tech-power-booster-pack-5-8kwh-lithium-battery\/\"]}]},{\"@type\":\"BreadcrumbList\",\"@id\":\"https:\/\/e-ternitysolutions.com\/de\/produkt\/tommatech-high-tech-power-booster-pack-5-8kwh-lithium-battery\/#breadcrumb\",\"itemListElement\":[{\"@type\":\"ListItem\",\"position\":1,\"name\":\"Home\",\"item\":\"http:\/\/e-ternitysolutions.com\/de\/\"},{\"@type\":\"ListItem\",\"position\":2,\"name\":\"Shop\",\"item\":\"http:\/\/e-ternitysolutions.com\/nl\/shop\/\"},{\"@type\":\"ListItem\",\"position\":3,\"name\":\"TommaTech\u00ae High Tech Power Booster Pack 5.8kWh Lithium Battery\"}]},{\"@type\":\"WebSite\",\"@id\":\"http:\/\/e-ternitysolutions.com\/nl\/#website\",\"url\":\"http:\/\/e-ternitysolutions.com\/nl\/\",\"name\":\"E-TernitySolutions\",\"description\":\"Solar Panels\",\"publisher\":{\"@id\":\"http:\/\/e-ternitysolutions.com\/nl\/#organization\"},\"potentialAction\":[{\"@type\":\"SearchAction\",\"target\":{\"@type\":\"EntryPoint\",\"urlTemplate\":\"http:\/\/e-ternitysolutions.com\/nl\/?s={search_term_string}\"},\"query-input\":\"required name=search_term_string\"}],\"inLanguage\":\"fr-FR\"},{\"@type\":\"Organization\",\"@id\":\"http:\/\/e-ternitysolutions.com\/nl\/#organization\",\"name\":\"E-TernitySolutions\",\"url\":\"http:\/\/e-ternitysolutions.com\/nl\/\",\"sameAs\":[],\"logo\":{\"@type\":\"ImageObject\",\"inLanguage\":\"fr-FR\",\"@id\":\"http:\/\/e-ternitysolutions.com\/nl\/#\/schema\/logo\/image\/\",\"url\":\"https:\/\/e-ternitysolutions.com\/wp-content\/uploads\/2022\/12\/logo2.png\",\"contentUrl\":\"https:\/\/e-ternitysolutions.com\/wp-content\/uploads\/2022\/12\/logo2.png\",\"width\":554,\"height\":200,\"caption\":\"E-TernitySolutions\"},\"image\":{\"@id\":\"http:\/\/e-ternitysolutions.com\/nl\/#\/schema\/logo\/image\/\"}}]}<\/script>\n<!-- \/ Yoast SEO plugin. -->","yoast_head_json":{"title":"TommaTech\u00ae High Tech Power Booster Pack 5.8kWh Lithium Battery - E-TernitySolutions","description":"TommaTech 675-650Wp M12 132PMB G2G HC-MB Solar Panel Series","robots":{"index":"index","follow":"follow","max-snippet":"max-snippet:-1","max-image-preview":"max-image-preview:large","max-video-preview":"max-video-preview:-1"},"canonical":"https:\/\/e-ternitysolutions.com\/fr\/produkt\/tommatech-high-tech-power-booster-pack-5-8kwh-lithium-battery\/","og_locale":"fr_FR","og_type":"article","og_title":"TommaTech\u00ae High Tech Power Booster Pack 5.8kWh Lithium Battery - E-TernitySolutions","og_description":"TommaTech 675-650Wp M12 132PMB G2G HC-MB Solar Panel Series","og_url":"https:\/\/e-ternitysolutions.com\/fr\/produkt\/tommatech-high-tech-power-booster-pack-5-8kwh-lithium-battery\/","og_site_name":"E-TernitySolutions","article_modified_time":"2023-10-16T08:03:46+00:00","og_image":[{"width":1200,"height":1200,"url":"https:\/\/e-ternitysolutions.com\/wp-content\/uploads\/2022\/12\/354_tommatech-high-tech-power-boosterpack-58kwh-lityum-batarya_0.png","type":"image\/png"}],"twitter_card":"summary_large_image","twitter_misc":{"Temps de lecture estim\u00e9":"1 minute"},"schema":{"@context":"https:\/\/schema.org","@graph":[{"@type":"WebPage","@id":"https:\/\/e-ternitysolutions.com\/de\/produkt\/tommatech-high-tech-power-booster-pack-5-8kwh-lithium-battery\/","url":"https:\/\/e-ternitysolutions.com\/de\/produkt\/tommatech-high-tech-power-booster-pack-5-8kwh-lithium-battery\/","name":"TommaTech\u00ae High Tech Power Booster Pack 5.8kWh Lithium Battery - E-TernitySolutions","isPartOf":{"@id":"http:\/\/e-ternitysolutions.com\/nl\/#website"},"datePublished":"2022-12-17T16:42:26+00:00","dateModified":"2023-10-16T08:03:46+00:00","description":"TommaTech 675-650Wp M12 132PMB G2G HC-MB Solar Panel Series","breadcrumb":{"@id":"https:\/\/e-ternitysolutions.com\/de\/produkt\/tommatech-high-tech-power-booster-pack-5-8kwh-lithium-battery\/#breadcrumb"},"inLanguage":"fr-FR","potentialAction":[{"@type":"ReadAction","target":["https:\/\/e-ternitysolutions.com\/de\/produkt\/tommatech-high-tech-power-booster-pack-5-8kwh-lithium-battery\/"]}]},{"@type":"BreadcrumbList","@id":"https:\/\/e-ternitysolutions.com\/de\/produkt\/tommatech-high-tech-power-booster-pack-5-8kwh-lithium-battery\/#breadcrumb","itemListElement":[{"@type":"ListItem","position":1,"name":"Home","item":"http:\/\/e-ternitysolutions.com\/de\/"},{"@type":"ListItem","position":2,"name":"Shop","item":"http:\/\/e-ternitysolutions.com\/nl\/shop\/"},{"@type":"ListItem","position":3,"name":"TommaTech\u00ae High Tech Power Booster Pack 5.8kWh Lithium Battery"}]},{"@type":"WebSite","@id":"http:\/\/e-ternitysolutions.com\/nl\/#website","url":"http:\/\/e-ternitysolutions.com\/nl\/","name":"E-TernitySolutions","description":"Solar Panels","publisher":{"@id":"http:\/\/e-ternitysolutions.com\/nl\/#organization"},"potentialAction":[{"@type":"SearchAction","target":{"@type":"EntryPoint","urlTemplate":"http:\/\/e-ternitysolutions.com\/nl\/?s={search_term_string}"},"query-input":"required name=search_term_string"}],"inLanguage":"fr-FR"},{"@type":"Organization","@id":"http:\/\/e-ternitysolutions.com\/nl\/#organization","name":"E-TernitySolutions","url":"http:\/\/e-ternitysolutions.com\/nl\/","sameAs":[],"logo":{"@type":"ImageObject","inLanguage":"fr-FR","@id":"http:\/\/e-ternitysolutions.com\/nl\/#\/schema\/logo\/image\/","url":"https:\/\/e-ternitysolutions.com\/wp-content\/uploads\/2022\/12\/logo2.png","contentUrl":"https:\/\/e-ternitysolutions.com\/wp-content\/uploads\/2022\/12\/logo2.png","width":554,"height":200,"caption":"E-TernitySolutions"},"image":{"@id":"http:\/\/e-ternitysolutions.com\/nl\/#\/schema\/logo\/image\/"}}]}},"brands":[{"id":78,"name":"Tommatech","slug":"tommatech"}],"_links":{"self":[{"href":"https:\/\/e-ternitysolutions.com\/fr\/wp-json\/wp\/v2\/product\/1807"}],"collection":[{"href":"https:\/\/e-ternitysolutions.com\/fr\/wp-json\/wp\/v2\/product"}],"about":[{"href":"https:\/\/e-ternitysolutions.com\/fr\/wp-json\/wp\/v2\/types\/product"}],"replies":[{"embeddable":true,"href":"https:\/\/e-ternitysolutions.com\/fr\/wp-json\/wp\/v2\/comments?post=1807"}],"wp:featuredmedia":[{"embeddable":true,"href":"https:\/\/e-ternitysolutions.com\/fr\/wp-json\/wp\/v2\/media\/1808"}],"wp:attachment":[{"href":"https:\/\/e-ternitysolutions.com\/fr\/wp-json\/wp\/v2\/media?parent=1807"}],"wp:term":[{"taxonomy":"pwb-brand","embeddable":true,"href":"https:\/\/e-ternitysolutions.com\/fr\/wp-json\/wp\/v2\/pwb-brand?post=1807"},{"taxonomy":"product_cat","embeddable":true,"href":"https:\/\/e-ternitysolutions.com\/fr\/wp-json\/wp\/v2\/product_cat?post=1807"},{"taxonomy":"product_tag","embeddable":true,"href":"https:\/\/e-ternitysolutions.com\/fr\/wp-json\/wp\/v2\/product_tag?post=1807"}],"curies":[{"name":"wp","href":"https:\/\/api.w.org\/{rel}","templated":true}]}}