{"id":2847,"date":"2023-10-09T22:36:45","date_gmt":"2023-10-09T22:36:45","guid":{"rendered":"http:\/\/e-ternitysolutions.com\/?post_type=product&#038;p=2847"},"modified":"2023-10-15T20:02:50","modified_gmt":"2023-10-15T20:02:50","slug":"asw-a-s-series","status":"publish","type":"product","link":"https:\/\/e-ternitysolutions.com\/fr\/produit\/asw-a-s-series\/","title":{"rendered":"S\u00e9rie ASW A-S"},"content":{"rendered":"<div id=\"\" class=\"wrapper   wrapper__spacing-bottom-large--20\">\n<div class=\"block-heading\">\n<h2 class=\"heading heading__align--left heading__color--shaft heading__size--default block-heading__heading\">Onduleurs de batterie hybrides<br \/>\npour l'\u00e9nergie solaire des balcons<\/h2>\n<\/div>\n<\/div>\n<div id=\"\" class=\"wrapper   wrapper__spacing-bottom-large--80 wrapper__spacing-bottom-tablet--40\">\n<div id=\"\" class=\"wrapper__anchor\"><\/div>\n<p class=\"paragraph paragraph__color--dove paragraph__align--left paragraph__size--default block-paragraph__paragraph\">Pendant les journ\u00e9es ensoleill\u00e9es et m\u00eame apr\u00e8s le coucher du soleil, ces onduleurs hybrides uniques fournissent une alimentation \u00e9lectrique r\u00e9guli\u00e8re \u00e0 partir de votre balcon ou d'une zone ensoleill\u00e9e vers n'importe quelle prise de courant monophas\u00e9e de votre maison, fournissant ainsi une \u00e9nergie pratique et durable, que vous pouvez utiliser.<\/p>\n<p>Un flux r\u00e9gulier de 400W (jusqu'\u00e0 1000W) d'\u00e9nergie dans une prise de courant monophas\u00e9e de votre domicile couvre facilement votre consommation de base et peut m\u00eame alimenter et recharger certains appareils m\u00e9nagers et multim\u00e9dias. Un choix de batteries int\u00e9gr\u00e9es de 1,3 et 2,4 kWh fournit une alimentation de base apr\u00e8s le coucher du soleil ou peut m\u00eame r\u00e9duire certains co\u00fbts pendant les heures de pointe en fin de soir\u00e9e. Tout se r\u00e8gle facilement sur l'\u00e9cran LCD ou via l'application.<\/p>\n<p>L'installation peut \u00eatre effectu\u00e9e par n'importe qui et, pour certaines cat\u00e9gories d'\u00e9nergie, il s'agit vraiment d'une \u00e9nergie pr\u00eate \u00e0 l'emploi.  Connectez quelques panneaux et branchez l'onduleur sur votre prise de courant. Une alimentation rapide et facile \u00e0 partir du soleil qui tient litt\u00e9ralement sa promesse : le solaire pour tous !<\/p>\n<\/div>","protected":false},"excerpt":{"rendered":"<div class=\"block-column block-column__width-large--4 block-column__width-tablet--12\">\n<div id=\"\" class=\"wrapper   wrapper__spacing-bottom-large--0\">\n<div id=\"\" class=\"wrapper__anchor\"><\/div>\n<p class=\"paragraph paragraph__color--dove paragraph__align--left paragraph__size--default block-paragraph__paragraph\">- Facile \u00e0 installer pour tout le monde<br \/>\n- Alimentation par n'importe quelle prise de courant monophas\u00e9e<br \/>\n- Alimentation par toutes les prises de courant de m\u00eame phase<\/p>\n<\/div>\n<\/div>\n<div class=\"block-column block-column__width-large--4 block-column__width-tablet--12\">\n<div id=\"\" class=\"wrapper   wrapper__spacing-bottom-large--0\">\n<p class=\"paragraph paragraph__color--dove paragraph__align--left paragraph__size--default block-paragraph__paragraph\">- Syst\u00e8me basse tension s\u00fbr et fiable<br \/>\n- 5 ans de garantie + option pour plus d'ann\u00e9es<br \/>\n- Protection int\u00e9grale gr\u00e2ce au syst\u00e8me de gestion de la batterie (BMS)<\/p>\n<\/div>\n<\/div>\n<div class=\"block-column block-column__width-large--4 block-column__width-tablet--12\">\n<div id=\"\" class=\"wrapper   wrapper__spacing-bottom-large--0\">\n<p class=\"paragraph paragraph__color--dove paragraph__align--left paragraph__size--default block-paragraph__paragraph\">- \u00c9cran LCD convivial pour les r\u00e9glages et l'\u00e9tat<br \/>\n- Application mobile pour le r\u00e9glage et la surveillance \u00e0 distance<br \/>\n- Basse temp\u00e9rature de travail jusqu'\u00e0 -15\u00b0C<\/p>\n<\/div>\n<\/div>","protected":false},"featured_media":2846,"comment_status":"open","ping_status":"closed","template":"","meta":{"_monsterinsights_skip_tracking":false,"_monsterinsights_sitenote_active":false,"_monsterinsights_sitenote_note":"","_monsterinsights_sitenote_category":0},"pwb-brand":[80],"product_cat":[71],"product_tag":[],"yoast_head":"<!-- This site is optimized with the Yoast SEO plugin v19.6 - https:\/\/yoast.com\/wordpress\/plugins\/seo\/ -->\n<title>ASW A-S Series - E-TernitySolutions<\/title>\n<meta name=\"robots\" content=\"index, follow, max-snippet:-1, max-image-preview:large, max-video-preview:-1\" \/>\n<link rel=\"canonical\" href=\"https:\/\/e-ternitysolutions.com\/fr\/produit\/asw-a-s-series\/\" \/>\n<meta property=\"og:locale\" content=\"fr_FR\" \/>\n<meta property=\"og:type\" content=\"article\" \/>\n<meta property=\"og:title\" content=\"ASW A-S Series - E-TernitySolutions\" \/>\n<meta property=\"og:description\" content=\"\u2022 Easy to install for everybody \u2022 Power into any single-phase socket \u2022 Power from all same-phase sockets      \u2022 Safe &amp; Reliable low voltage system \u2022 5 years warranty + option for more years \u2022 All-around protection with Battery Management System (BMS)      \u2022 User-friendly LCD display for settings &amp; status \u2022 Mobile App for remote setting &amp; monitoring \u2022 Low working temperature down to -15\u00b0C\" \/>\n<meta property=\"og:url\" content=\"https:\/\/e-ternitysolutions.com\/fr\/produit\/asw-a-s-series\/\" \/>\n<meta property=\"og:site_name\" content=\"E-TernitySolutions\" \/>\n<meta property=\"article:modified_time\" content=\"2023-10-15T20:02:50+00:00\" \/>\n<meta property=\"og:image\" content=\"http:\/\/e-ternitysolutions.com\/wp-content\/uploads\/2023\/10\/GALLERY-SOLPLANET-ASW-AS-left-view.png\" \/>\n\t<meta property=\"og:image:width\" content=\"700\" \/>\n\t<meta property=\"og:image:height\" content=\"700\" \/>\n\t<meta property=\"og:image:type\" content=\"image\/png\" \/>\n<meta name=\"twitter:card\" content=\"summary_large_image\" \/>\n<meta name=\"twitter:label1\" content=\"Temps de lecture estim\u00e9\" \/>\n\t<meta name=\"twitter:data1\" content=\"1 minute\" \/>\n<script type=\"application\/ld+json\" class=\"yoast-schema-graph\">{\"@context\":\"https:\/\/schema.org\",\"@graph\":[{\"@type\":\"WebPage\",\"@id\":\"http:\/\/e-ternitysolutions.com\/product\/asw-a-s-series\/\",\"url\":\"http:\/\/e-ternitysolutions.com\/product\/asw-a-s-series\/\",\"name\":\"ASW A-S Series - E-TernitySolutions\",\"isPartOf\":{\"@id\":\"http:\/\/e-ternitysolutions.com\/nl\/#website\"},\"datePublished\":\"2023-10-09T22:36:45+00:00\",\"dateModified\":\"2023-10-15T20:02:50+00:00\",\"breadcrumb\":{\"@id\":\"http:\/\/e-ternitysolutions.com\/product\/asw-a-s-series\/#breadcrumb\"},\"inLanguage\":\"fr-FR\",\"potentialAction\":[{\"@type\":\"ReadAction\",\"target\":[\"http:\/\/e-ternitysolutions.com\/product\/asw-a-s-series\/\"]}]},{\"@type\":\"BreadcrumbList\",\"@id\":\"http:\/\/e-ternitysolutions.com\/product\/asw-a-s-series\/#breadcrumb\",\"itemListElement\":[{\"@type\":\"ListItem\",\"position\":1,\"name\":\"Home\",\"item\":\"http:\/\/e-ternitysolutions.com\/de\/\"},{\"@type\":\"ListItem\",\"position\":2,\"name\":\"Shop\",\"item\":\"http:\/\/e-ternitysolutions.com\/nl\/shop\/\"},{\"@type\":\"ListItem\",\"position\":3,\"name\":\"ASW A-S Series\"}]},{\"@type\":\"WebSite\",\"@id\":\"http:\/\/e-ternitysolutions.com\/nl\/#website\",\"url\":\"http:\/\/e-ternitysolutions.com\/nl\/\",\"name\":\"E-TernitySolutions\",\"description\":\"Solar Panels\",\"publisher\":{\"@id\":\"http:\/\/e-ternitysolutions.com\/nl\/#organization\"},\"potentialAction\":[{\"@type\":\"SearchAction\",\"target\":{\"@type\":\"EntryPoint\",\"urlTemplate\":\"http:\/\/e-ternitysolutions.com\/nl\/?s={search_term_string}\"},\"query-input\":\"required name=search_term_string\"}],\"inLanguage\":\"fr-FR\"},{\"@type\":\"Organization\",\"@id\":\"http:\/\/e-ternitysolutions.com\/nl\/#organization\",\"name\":\"E-TernitySolutions\",\"url\":\"http:\/\/e-ternitysolutions.com\/nl\/\",\"sameAs\":[],\"logo\":{\"@type\":\"ImageObject\",\"inLanguage\":\"fr-FR\",\"@id\":\"http:\/\/e-ternitysolutions.com\/nl\/#\/schema\/logo\/image\/\",\"url\":\"https:\/\/e-ternitysolutions.com\/wp-content\/uploads\/2022\/12\/logo2.png\",\"contentUrl\":\"https:\/\/e-ternitysolutions.com\/wp-content\/uploads\/2022\/12\/logo2.png\",\"width\":554,\"height\":200,\"caption\":\"E-TernitySolutions\"},\"image\":{\"@id\":\"http:\/\/e-ternitysolutions.com\/nl\/#\/schema\/logo\/image\/\"}}]}<\/script>\n<!-- \/ Yoast SEO plugin. -->","yoast_head_json":{"title":"ASW A-S Series - E-TernitySolutions","robots":{"index":"index","follow":"follow","max-snippet":"max-snippet:-1","max-image-preview":"max-image-preview:large","max-video-preview":"max-video-preview:-1"},"canonical":"https:\/\/e-ternitysolutions.com\/fr\/produit\/asw-a-s-series\/","og_locale":"fr_FR","og_type":"article","og_title":"ASW A-S Series - E-TernitySolutions","og_description":"\u2022 Easy to install for everybody \u2022 Power into any single-phase socket \u2022 Power from all same-phase sockets      \u2022 Safe &amp; Reliable low voltage system \u2022 5 years warranty + option for more years \u2022 All-around protection with Battery Management System (BMS)      \u2022 User-friendly LCD display for settings &amp; status \u2022 Mobile App for remote setting &amp; monitoring \u2022 Low working temperature down to -15\u00b0C","og_url":"https:\/\/e-ternitysolutions.com\/fr\/produit\/asw-a-s-series\/","og_site_name":"E-TernitySolutions","article_modified_time":"2023-10-15T20:02:50+00:00","og_image":[{"width":700,"height":700,"url":"http:\/\/e-ternitysolutions.com\/wp-content\/uploads\/2023\/10\/GALLERY-SOLPLANET-ASW-AS-left-view.png","type":"image\/png"}],"twitter_card":"summary_large_image","twitter_misc":{"Temps de lecture estim\u00e9":"1 minute"},"schema":{"@context":"https:\/\/schema.org","@graph":[{"@type":"WebPage","@id":"http:\/\/e-ternitysolutions.com\/product\/asw-a-s-series\/","url":"http:\/\/e-ternitysolutions.com\/product\/asw-a-s-series\/","name":"ASW A-S Series - E-TernitySolutions","isPartOf":{"@id":"http:\/\/e-ternitysolutions.com\/nl\/#website"},"datePublished":"2023-10-09T22:36:45+00:00","dateModified":"2023-10-15T20:02:50+00:00","breadcrumb":{"@id":"http:\/\/e-ternitysolutions.com\/product\/asw-a-s-series\/#breadcrumb"},"inLanguage":"fr-FR","potentialAction":[{"@type":"ReadAction","target":["http:\/\/e-ternitysolutions.com\/product\/asw-a-s-series\/"]}]},{"@type":"BreadcrumbList","@id":"http:\/\/e-ternitysolutions.com\/product\/asw-a-s-series\/#breadcrumb","itemListElement":[{"@type":"ListItem","position":1,"name":"Home","item":"http:\/\/e-ternitysolutions.com\/de\/"},{"@type":"ListItem","position":2,"name":"Shop","item":"http:\/\/e-ternitysolutions.com\/nl\/shop\/"},{"@type":"ListItem","position":3,"name":"ASW A-S Series"}]},{"@type":"WebSite","@id":"http:\/\/e-ternitysolutions.com\/nl\/#website","url":"http:\/\/e-ternitysolutions.com\/nl\/","name":"E-TernitySolutions","description":"Solar Panels","publisher":{"@id":"http:\/\/e-ternitysolutions.com\/nl\/#organization"},"potentialAction":[{"@type":"SearchAction","target":{"@type":"EntryPoint","urlTemplate":"http:\/\/e-ternitysolutions.com\/nl\/?s={search_term_string}"},"query-input":"required name=search_term_string"}],"inLanguage":"fr-FR"},{"@type":"Organization","@id":"http:\/\/e-ternitysolutions.com\/nl\/#organization","name":"E-TernitySolutions","url":"http:\/\/e-ternitysolutions.com\/nl\/","sameAs":[],"logo":{"@type":"ImageObject","inLanguage":"fr-FR","@id":"http:\/\/e-ternitysolutions.com\/nl\/#\/schema\/logo\/image\/","url":"https:\/\/e-ternitysolutions.com\/wp-content\/uploads\/2022\/12\/logo2.png","contentUrl":"https:\/\/e-ternitysolutions.com\/wp-content\/uploads\/2022\/12\/logo2.png","width":554,"height":200,"caption":"E-TernitySolutions"},"image":{"@id":"http:\/\/e-ternitysolutions.com\/nl\/#\/schema\/logo\/image\/"}}]}},"brands":[{"id":80,"name":"Solplanet","slug":"solplanet"}],"_links":{"self":[{"href":"https:\/\/e-ternitysolutions.com\/fr\/wp-json\/wp\/v2\/product\/2847"}],"collection":[{"href":"https:\/\/e-ternitysolutions.com\/fr\/wp-json\/wp\/v2\/product"}],"about":[{"href":"https:\/\/e-ternitysolutions.com\/fr\/wp-json\/wp\/v2\/types\/product"}],"replies":[{"embeddable":true,"href":"https:\/\/e-ternitysolutions.com\/fr\/wp-json\/wp\/v2\/comments?post=2847"}],"wp:featuredmedia":[{"embeddable":true,"href":"https:\/\/e-ternitysolutions.com\/fr\/wp-json\/wp\/v2\/media\/2846"}],"wp:attachment":[{"href":"https:\/\/e-ternitysolutions.com\/fr\/wp-json\/wp\/v2\/media?parent=2847"}],"wp:term":[{"taxonomy":"pwb-brand","embeddable":true,"href":"https:\/\/e-ternitysolutions.com\/fr\/wp-json\/wp\/v2\/pwb-brand?post=2847"},{"taxonomy":"product_cat","embeddable":true,"href":"https:\/\/e-ternitysolutions.com\/fr\/wp-json\/wp\/v2\/product_cat?post=2847"},{"taxonomy":"product_tag","embeddable":true,"href":"https:\/\/e-ternitysolutions.com\/fr\/wp-json\/wp\/v2\/product_tag?post=2847"}],"curies":[{"name":"wp","href":"https:\/\/api.w.org\/{rel}","templated":true}]}}