{"id":790,"date":"2022-12-07T20:25:55","date_gmt":"2022-12-07T20:25:55","guid":{"rendered":"http:\/\/e-ternitysolutions.com\/?post_type=product&#038;p=790"},"modified":"2023-10-15T19:58:30","modified_gmt":"2023-10-15T19:58:30","slug":"tommatech-uno-atom-series-single-phase-array-0-6-3-6-inverters","status":"publish","type":"product","link":"https:\/\/e-ternitysolutions.com\/fr\/produit\/tommatech-uno-atom-series-single-phase-array-0-6-3-6-inverters\/","title":{"rendered":"TommaTech Uno Atom Series Onduleurs monophas\u00e9s 0,6-3,6"},"content":{"rendered":"<h2>UNO ATOM SERI\u0307ES<\/h2>\n<p>Petit onduleur, grandes performances<\/p>\n<div class=\"tommaline\"><\/div>\n<hr \/>\n<p>TommaTech<sup>\u00ae\u00a0<\/sup>Les onduleurs de branche Uno-Atom sont con\u00e7us pour \u00eatre install\u00e9s dans les espaces les plus restreints sans pour autant manquer de performance. Avec un rendement maximum de 98,0% et une tension de d\u00e9marrage basse de 55V, leader du march\u00e9, les onduleurs Uno-Atom garantissent une performance exceptionnelle, vous permettant de r\u00e9colter le maximum d'\u00e9nergie possible de votre solution photovolta\u00efque, qu'elle soit install\u00e9e \u00e0 l'int\u00e9rieur ou \u00e0 l'ext\u00e9rieur.<\/p>\n<p>&nbsp;<\/p>\n<div class=\"swiper-slide swiper-slide-active\" role=\"group\" aria-label=\"1 \/ 5\">\n<div class=\"producticonbox\"><\/div>\n<\/div>","protected":false},"excerpt":{"rendered":"<ul>\n<li>Haute efficacit\u00e9<\/li>\n<li>Faible tension de d\u00e9marrage<\/li>\n<li>Surveillance \u00e0 distance<\/li>\n<li>Petit et l\u00e9ger<\/li>\n<li>Class\u00e9 IP65<\/li>\n<\/ul>","protected":false},"featured_media":779,"comment_status":"open","ping_status":"closed","template":"","meta":{"_monsterinsights_skip_tracking":false,"_monsterinsights_sitenote_active":false,"_monsterinsights_sitenote_note":"","_monsterinsights_sitenote_category":0},"pwb-brand":[78],"product_cat":[38],"product_tag":[],"yoast_head":"<!-- This site is optimized with the Yoast SEO plugin v19.6 - https:\/\/yoast.com\/wordpress\/plugins\/seo\/ -->\n<title>TommaTech Uno Atom Series Single Phase Array 0.6-3.6 Inverters - E-TernitySolutions<\/title>\n<meta name=\"description\" content=\"TommaTech\u00ae Uno Atom 3.6 Single Phase String Inverte\" \/>\n<meta name=\"robots\" content=\"index, follow, max-snippet:-1, max-image-preview:large, max-video-preview:-1\" \/>\n<link rel=\"canonical\" href=\"https:\/\/e-ternitysolutions.com\/fr\/produit\/tommatech-uno-atom-series-single-phase-array-0-6-3-6-inverters\/\" \/>\n<meta property=\"og:locale\" content=\"fr_FR\" \/>\n<meta property=\"og:type\" content=\"article\" \/>\n<meta property=\"og:title\" content=\"TommaTech Uno Atom Series Single Phase Array 0.6-3.6 Inverters - E-TernitySolutions\" \/>\n<meta property=\"og:description\" content=\"TommaTech\u00ae Uno Atom 3.6 Single Phase String Inverte\" \/>\n<meta property=\"og:url\" content=\"https:\/\/e-ternitysolutions.com\/fr\/produit\/tommatech-uno-atom-series-single-phase-array-0-6-3-6-inverters\/\" \/>\n<meta property=\"og:site_name\" content=\"E-TernitySolutions\" \/>\n<meta property=\"article:modified_time\" content=\"2023-10-15T19:58:30+00:00\" \/>\n<meta property=\"og:image\" content=\"https:\/\/e-ternitysolutions.com\/wp-content\/uploads\/2022\/12\/modification.jpeg\" \/>\n\t<meta property=\"og:image:width\" content=\"1200\" \/>\n\t<meta property=\"og:image:height\" content=\"1200\" \/>\n\t<meta property=\"og:image:type\" content=\"image\/jpeg\" \/>\n<meta name=\"twitter:card\" content=\"summary_large_image\" \/>\n<meta name=\"twitter:label1\" content=\"Temps de lecture estim\u00e9\" \/>\n\t<meta name=\"twitter:data1\" content=\"1 minute\" \/>\n<script type=\"application\/ld+json\" class=\"yoast-schema-graph\">{\"@context\":\"https:\/\/schema.org\",\"@graph\":[{\"@type\":\"WebPage\",\"@id\":\"https:\/\/e-ternitysolutions.com\/product\/tommatech-uno-atom-series-single-phase-array-0-6-3-6-inverters\/\",\"url\":\"https:\/\/e-ternitysolutions.com\/product\/tommatech-uno-atom-series-single-phase-array-0-6-3-6-inverters\/\",\"name\":\"TommaTech Uno Atom Series Single Phase Array 0.6-3.6 Inverters - E-TernitySolutions\",\"isPartOf\":{\"@id\":\"http:\/\/e-ternitysolutions.com\/nl\/#website\"},\"datePublished\":\"2022-12-07T20:25:55+00:00\",\"dateModified\":\"2023-10-15T19:58:30+00:00\",\"description\":\"TommaTech\u00ae Uno Atom 3.6 Single Phase String Inverte\",\"breadcrumb\":{\"@id\":\"https:\/\/e-ternitysolutions.com\/product\/tommatech-uno-atom-series-single-phase-array-0-6-3-6-inverters\/#breadcrumb\"},\"inLanguage\":\"fr-FR\",\"potentialAction\":[{\"@type\":\"ReadAction\",\"target\":[\"https:\/\/e-ternitysolutions.com\/product\/tommatech-uno-atom-series-single-phase-array-0-6-3-6-inverters\/\"]}]},{\"@type\":\"BreadcrumbList\",\"@id\":\"https:\/\/e-ternitysolutions.com\/product\/tommatech-uno-atom-series-single-phase-array-0-6-3-6-inverters\/#breadcrumb\",\"itemListElement\":[{\"@type\":\"ListItem\",\"position\":1,\"name\":\"Home\",\"item\":\"http:\/\/e-ternitysolutions.com\/de\/\"},{\"@type\":\"ListItem\",\"position\":2,\"name\":\"Shop\",\"item\":\"http:\/\/e-ternitysolutions.com\/nl\/shop\/\"},{\"@type\":\"ListItem\",\"position\":3,\"name\":\"TommaTech Uno Atom Series Single Phase Array 0.6-3.6 Inverters\"}]},{\"@type\":\"WebSite\",\"@id\":\"http:\/\/e-ternitysolutions.com\/nl\/#website\",\"url\":\"http:\/\/e-ternitysolutions.com\/nl\/\",\"name\":\"E-TernitySolutions\",\"description\":\"Solar Panels\",\"publisher\":{\"@id\":\"http:\/\/e-ternitysolutions.com\/nl\/#organization\"},\"potentialAction\":[{\"@type\":\"SearchAction\",\"target\":{\"@type\":\"EntryPoint\",\"urlTemplate\":\"http:\/\/e-ternitysolutions.com\/nl\/?s={search_term_string}\"},\"query-input\":\"required name=search_term_string\"}],\"inLanguage\":\"fr-FR\"},{\"@type\":\"Organization\",\"@id\":\"http:\/\/e-ternitysolutions.com\/nl\/#organization\",\"name\":\"E-TernitySolutions\",\"url\":\"http:\/\/e-ternitysolutions.com\/nl\/\",\"sameAs\":[],\"logo\":{\"@type\":\"ImageObject\",\"inLanguage\":\"fr-FR\",\"@id\":\"http:\/\/e-ternitysolutions.com\/nl\/#\/schema\/logo\/image\/\",\"url\":\"https:\/\/e-ternitysolutions.com\/wp-content\/uploads\/2022\/12\/logo2.png\",\"contentUrl\":\"https:\/\/e-ternitysolutions.com\/wp-content\/uploads\/2022\/12\/logo2.png\",\"width\":554,\"height\":200,\"caption\":\"E-TernitySolutions\"},\"image\":{\"@id\":\"http:\/\/e-ternitysolutions.com\/nl\/#\/schema\/logo\/image\/\"}}]}<\/script>\n<!-- \/ Yoast SEO plugin. -->","yoast_head_json":{"title":"TommaTech Uno Atom Series Single Phase Array 0.6-3.6 Inverters - E-TernitySolutions","description":"TommaTech\u00ae Uno Atom 3.6 Single Phase String Inverte","robots":{"index":"index","follow":"follow","max-snippet":"max-snippet:-1","max-image-preview":"max-image-preview:large","max-video-preview":"max-video-preview:-1"},"canonical":"https:\/\/e-ternitysolutions.com\/fr\/produit\/tommatech-uno-atom-series-single-phase-array-0-6-3-6-inverters\/","og_locale":"fr_FR","og_type":"article","og_title":"TommaTech Uno Atom Series Single Phase Array 0.6-3.6 Inverters - E-TernitySolutions","og_description":"TommaTech\u00ae Uno Atom 3.6 Single Phase String Inverte","og_url":"https:\/\/e-ternitysolutions.com\/fr\/produit\/tommatech-uno-atom-series-single-phase-array-0-6-3-6-inverters\/","og_site_name":"E-TernitySolutions","article_modified_time":"2023-10-15T19:58:30+00:00","og_image":[{"width":1200,"height":1200,"url":"https:\/\/e-ternitysolutions.com\/wp-content\/uploads\/2022\/12\/modification.jpeg","type":"image\/jpeg"}],"twitter_card":"summary_large_image","twitter_misc":{"Temps de lecture estim\u00e9":"1 minute"},"schema":{"@context":"https:\/\/schema.org","@graph":[{"@type":"WebPage","@id":"https:\/\/e-ternitysolutions.com\/product\/tommatech-uno-atom-series-single-phase-array-0-6-3-6-inverters\/","url":"https:\/\/e-ternitysolutions.com\/product\/tommatech-uno-atom-series-single-phase-array-0-6-3-6-inverters\/","name":"TommaTech Uno Atom Series Single Phase Array 0.6-3.6 Inverters - E-TernitySolutions","isPartOf":{"@id":"http:\/\/e-ternitysolutions.com\/nl\/#website"},"datePublished":"2022-12-07T20:25:55+00:00","dateModified":"2023-10-15T19:58:30+00:00","description":"TommaTech\u00ae Uno Atom 3.6 Single Phase String Inverte","breadcrumb":{"@id":"https:\/\/e-ternitysolutions.com\/product\/tommatech-uno-atom-series-single-phase-array-0-6-3-6-inverters\/#breadcrumb"},"inLanguage":"fr-FR","potentialAction":[{"@type":"ReadAction","target":["https:\/\/e-ternitysolutions.com\/product\/tommatech-uno-atom-series-single-phase-array-0-6-3-6-inverters\/"]}]},{"@type":"BreadcrumbList","@id":"https:\/\/e-ternitysolutions.com\/product\/tommatech-uno-atom-series-single-phase-array-0-6-3-6-inverters\/#breadcrumb","itemListElement":[{"@type":"ListItem","position":1,"name":"Home","item":"http:\/\/e-ternitysolutions.com\/de\/"},{"@type":"ListItem","position":2,"name":"Shop","item":"http:\/\/e-ternitysolutions.com\/nl\/shop\/"},{"@type":"ListItem","position":3,"name":"TommaTech Uno Atom Series Single Phase Array 0.6-3.6 Inverters"}]},{"@type":"WebSite","@id":"http:\/\/e-ternitysolutions.com\/nl\/#website","url":"http:\/\/e-ternitysolutions.com\/nl\/","name":"E-TernitySolutions","description":"Solar Panels","publisher":{"@id":"http:\/\/e-ternitysolutions.com\/nl\/#organization"},"potentialAction":[{"@type":"SearchAction","target":{"@type":"EntryPoint","urlTemplate":"http:\/\/e-ternitysolutions.com\/nl\/?s={search_term_string}"},"query-input":"required name=search_term_string"}],"inLanguage":"fr-FR"},{"@type":"Organization","@id":"http:\/\/e-ternitysolutions.com\/nl\/#organization","name":"E-TernitySolutions","url":"http:\/\/e-ternitysolutions.com\/nl\/","sameAs":[],"logo":{"@type":"ImageObject","inLanguage":"fr-FR","@id":"http:\/\/e-ternitysolutions.com\/nl\/#\/schema\/logo\/image\/","url":"https:\/\/e-ternitysolutions.com\/wp-content\/uploads\/2022\/12\/logo2.png","contentUrl":"https:\/\/e-ternitysolutions.com\/wp-content\/uploads\/2022\/12\/logo2.png","width":554,"height":200,"caption":"E-TernitySolutions"},"image":{"@id":"http:\/\/e-ternitysolutions.com\/nl\/#\/schema\/logo\/image\/"}}]}},"brands":[{"id":78,"name":"Tommatech","slug":"tommatech"}],"_links":{"self":[{"href":"https:\/\/e-ternitysolutions.com\/fr\/wp-json\/wp\/v2\/product\/790"}],"collection":[{"href":"https:\/\/e-ternitysolutions.com\/fr\/wp-json\/wp\/v2\/product"}],"about":[{"href":"https:\/\/e-ternitysolutions.com\/fr\/wp-json\/wp\/v2\/types\/product"}],"replies":[{"embeddable":true,"href":"https:\/\/e-ternitysolutions.com\/fr\/wp-json\/wp\/v2\/comments?post=790"}],"wp:featuredmedia":[{"embeddable":true,"href":"https:\/\/e-ternitysolutions.com\/fr\/wp-json\/wp\/v2\/media\/779"}],"wp:attachment":[{"href":"https:\/\/e-ternitysolutions.com\/fr\/wp-json\/wp\/v2\/media?parent=790"}],"wp:term":[{"taxonomy":"pwb-brand","embeddable":true,"href":"https:\/\/e-ternitysolutions.com\/fr\/wp-json\/wp\/v2\/pwb-brand?post=790"},{"taxonomy":"product_cat","embeddable":true,"href":"https:\/\/e-ternitysolutions.com\/fr\/wp-json\/wp\/v2\/product_cat?post=790"},{"taxonomy":"product_tag","embeddable":true,"href":"https:\/\/e-ternitysolutions.com\/fr\/wp-json\/wp\/v2\/product_tag?post=790"}],"curies":[{"name":"wp","href":"https:\/\/api.w.org\/{rel}","templated":true}]}}