{"id":978,"date":"2022-12-09T12:47:39","date_gmt":"2022-12-09T12:47:39","guid":{"rendered":"http:\/\/e-ternitysolutions.com\/?post_type=product&#038;p=978"},"modified":"2023-10-15T19:51:54","modified_gmt":"2023-10-15T19:51:54","slug":"tommatech-ms-series-2500w-modified-sine-inverters","status":"publish","type":"product","link":"https:\/\/e-ternitysolutions.com\/fr\/produit\/tommatech-ms-series-2500w-modified-sine-inverters\/","title":{"rendered":"Onduleurs sinuso\u00efdaux modifi\u00e9s TommaTech s\u00e9rie MS 2500W"},"content":{"rendered":"<p><strong>Produit neuf avec 24 mois de garantie.<\/strong><\/p>\n<p><strong>Caract\u00e9ristiques du produit :<\/strong><\/p>\n<ul>\n<li>Fonction de d\u00e9marrage en douceur.<\/li>\n<li>0 watt \u00e9teint - autoconsommation moyenne.<\/li>\n<li>Protection contre l'inversion de polarit\u00e9 de la batterie (le fusible se d\u00e9clenche).<\/li>\n<li>Arr\u00eat automatique en cas de charge ou de court-circuit.<\/li>\n<li>Approuv\u00e9 pour une utilisation en tant que SRACI.<\/li>\n<li>corps robuste en t\u00f4le d'aluminium.<\/li>\n<li>Certifications : Production conforme aux normes CE, ROHS, E8 DIN ISO 9001 : 2000.<\/li>\n<li>Onduleur durable<\/li>\n<\/ul>","protected":false},"excerpt":{"rendered":"<p>Onduleur sinuso\u00efdal modifi\u00e9<br \/>\nProtection contre les surcharges et les courts-circuits<br \/>\nDiff\u00e9rentes options de puissance<br \/>\nMise \u00e0 la terre et protection contre l'inversion de polarit\u00e9<br \/>\nAlarme et protection contre les basses tensions<br \/>\nArr\u00eat automatique \u00e0 haute temp\u00e9rature<\/p>","protected":false},"featured_media":851,"comment_status":"open","ping_status":"closed","template":"","meta":{"_monsterinsights_skip_tracking":false,"_monsterinsights_sitenote_active":false,"_monsterinsights_sitenote_note":"","_monsterinsights_sitenote_category":0},"pwb-brand":[78],"product_cat":[38],"product_tag":[],"yoast_head":"<!-- This site is optimized with the Yoast SEO plugin v19.6 - https:\/\/yoast.com\/wordpress\/plugins\/seo\/ -->\n<title>TommaTech MS Series 2500W Modified Sine Inverters - E-TernitySolutions<\/title>\n<meta name=\"description\" content=\"TommaTech\u00ae Uno Atom 3.6 Single Phase String Inverte\" \/>\n<meta name=\"robots\" content=\"index, follow, max-snippet:-1, max-image-preview:large, max-video-preview:-1\" \/>\n<link rel=\"canonical\" href=\"http:\/\/e-ternitysolutions.com\/fr\/produit\/tommatech-ms-series-2500w-modified-sine-inverters\/\" \/>\n<meta property=\"og:locale\" content=\"fr_FR\" \/>\n<meta property=\"og:type\" content=\"article\" \/>\n<meta property=\"og:title\" content=\"TommaTech MS Series 2500W Modified Sine Inverters - E-TernitySolutions\" \/>\n<meta property=\"og:description\" content=\"TommaTech\u00ae Uno Atom 3.6 Single Phase String Inverte\" \/>\n<meta property=\"og:url\" content=\"http:\/\/e-ternitysolutions.com\/fr\/produit\/tommatech-ms-series-2500w-modified-sine-inverters\/\" \/>\n<meta property=\"og:site_name\" content=\"E-TernitySolutions\" \/>\n<meta property=\"article:modified_time\" content=\"2023-10-15T19:51:54+00:00\" \/>\n<meta property=\"og:image\" content=\"http:\/\/e-ternitysolutions.com\/wp-content\/uploads\/2022\/12\/49_tommatech-ms-serisi-2500w-modifiye-sinus-inverterler.jpeg\" \/>\n\t<meta property=\"og:image:width\" content=\"1200\" \/>\n\t<meta property=\"og:image:height\" content=\"1200\" \/>\n\t<meta property=\"og:image:type\" content=\"image\/jpeg\" \/>\n<meta name=\"twitter:card\" content=\"summary_large_image\" \/>\n<meta name=\"twitter:label1\" content=\"Temps de lecture estim\u00e9\" \/>\n\t<meta name=\"twitter:data1\" content=\"1 minute\" \/>\n<script type=\"application\/ld+json\" class=\"yoast-schema-graph\">{\"@context\":\"https:\/\/schema.org\",\"@graph\":[{\"@type\":\"WebPage\",\"@id\":\"http:\/\/e-ternitysolutions.com\/fr\/produit\/tommatech-ms-series-2500w-modified-sine-inverters\/\",\"url\":\"http:\/\/e-ternitysolutions.com\/fr\/produit\/tommatech-ms-series-2500w-modified-sine-inverters\/\",\"name\":\"TommaTech MS Series 2500W Modified Sine Inverters - E-TernitySolutions\",\"isPartOf\":{\"@id\":\"http:\/\/e-ternitysolutions.com\/nl\/#website\"},\"datePublished\":\"2022-12-09T12:47:39+00:00\",\"dateModified\":\"2023-10-15T19:51:54+00:00\",\"description\":\"TommaTech\u00ae Uno Atom 3.6 Single Phase String Inverte\",\"breadcrumb\":{\"@id\":\"http:\/\/e-ternitysolutions.com\/fr\/produit\/tommatech-ms-series-2500w-modified-sine-inverters\/#breadcrumb\"},\"inLanguage\":\"fr-FR\",\"potentialAction\":[{\"@type\":\"ReadAction\",\"target\":[\"http:\/\/e-ternitysolutions.com\/fr\/produit\/tommatech-ms-series-2500w-modified-sine-inverters\/\"]}]},{\"@type\":\"BreadcrumbList\",\"@id\":\"http:\/\/e-ternitysolutions.com\/fr\/produit\/tommatech-ms-series-2500w-modified-sine-inverters\/#breadcrumb\",\"itemListElement\":[{\"@type\":\"ListItem\",\"position\":1,\"name\":\"Home\",\"item\":\"http:\/\/e-ternitysolutions.com\/de\/\"},{\"@type\":\"ListItem\",\"position\":2,\"name\":\"Shop\",\"item\":\"http:\/\/e-ternitysolutions.com\/nl\/shop\/\"},{\"@type\":\"ListItem\",\"position\":3,\"name\":\"TommaTech MS Series 2500W Modified Sine Inverters\"}]},{\"@type\":\"WebSite\",\"@id\":\"http:\/\/e-ternitysolutions.com\/nl\/#website\",\"url\":\"http:\/\/e-ternitysolutions.com\/nl\/\",\"name\":\"E-TernitySolutions\",\"description\":\"Solar Panels\",\"publisher\":{\"@id\":\"http:\/\/e-ternitysolutions.com\/nl\/#organization\"},\"potentialAction\":[{\"@type\":\"SearchAction\",\"target\":{\"@type\":\"EntryPoint\",\"urlTemplate\":\"http:\/\/e-ternitysolutions.com\/nl\/?s={search_term_string}\"},\"query-input\":\"required name=search_term_string\"}],\"inLanguage\":\"fr-FR\"},{\"@type\":\"Organization\",\"@id\":\"http:\/\/e-ternitysolutions.com\/nl\/#organization\",\"name\":\"E-TernitySolutions\",\"url\":\"http:\/\/e-ternitysolutions.com\/nl\/\",\"sameAs\":[],\"logo\":{\"@type\":\"ImageObject\",\"inLanguage\":\"fr-FR\",\"@id\":\"http:\/\/e-ternitysolutions.com\/nl\/#\/schema\/logo\/image\/\",\"url\":\"https:\/\/e-ternitysolutions.com\/wp-content\/uploads\/2022\/12\/logo2.png\",\"contentUrl\":\"https:\/\/e-ternitysolutions.com\/wp-content\/uploads\/2022\/12\/logo2.png\",\"width\":554,\"height\":200,\"caption\":\"E-TernitySolutions\"},\"image\":{\"@id\":\"http:\/\/e-ternitysolutions.com\/nl\/#\/schema\/logo\/image\/\"}}]}<\/script>\n<!-- \/ Yoast SEO plugin. -->","yoast_head_json":{"title":"TommaTech MS Series 2500W Modified Sine Inverters - E-TernitySolutions","description":"TommaTech\u00ae Uno Atom 3.6 Single Phase String Inverte","robots":{"index":"index","follow":"follow","max-snippet":"max-snippet:-1","max-image-preview":"max-image-preview:large","max-video-preview":"max-video-preview:-1"},"canonical":"http:\/\/e-ternitysolutions.com\/fr\/produit\/tommatech-ms-series-2500w-modified-sine-inverters\/","og_locale":"fr_FR","og_type":"article","og_title":"TommaTech MS Series 2500W Modified Sine Inverters - E-TernitySolutions","og_description":"TommaTech\u00ae Uno Atom 3.6 Single Phase String Inverte","og_url":"http:\/\/e-ternitysolutions.com\/fr\/produit\/tommatech-ms-series-2500w-modified-sine-inverters\/","og_site_name":"E-TernitySolutions","article_modified_time":"2023-10-15T19:51:54+00:00","og_image":[{"width":1200,"height":1200,"url":"http:\/\/e-ternitysolutions.com\/wp-content\/uploads\/2022\/12\/49_tommatech-ms-serisi-2500w-modifiye-sinus-inverterler.jpeg","type":"image\/jpeg"}],"twitter_card":"summary_large_image","twitter_misc":{"Temps de lecture estim\u00e9":"1 minute"},"schema":{"@context":"https:\/\/schema.org","@graph":[{"@type":"WebPage","@id":"http:\/\/e-ternitysolutions.com\/fr\/produit\/tommatech-ms-series-2500w-modified-sine-inverters\/","url":"http:\/\/e-ternitysolutions.com\/fr\/produit\/tommatech-ms-series-2500w-modified-sine-inverters\/","name":"TommaTech MS Series 2500W Modified Sine Inverters - E-TernitySolutions","isPartOf":{"@id":"http:\/\/e-ternitysolutions.com\/nl\/#website"},"datePublished":"2022-12-09T12:47:39+00:00","dateModified":"2023-10-15T19:51:54+00:00","description":"TommaTech\u00ae Uno Atom 3.6 Single Phase String Inverte","breadcrumb":{"@id":"http:\/\/e-ternitysolutions.com\/fr\/produit\/tommatech-ms-series-2500w-modified-sine-inverters\/#breadcrumb"},"inLanguage":"fr-FR","potentialAction":[{"@type":"ReadAction","target":["http:\/\/e-ternitysolutions.com\/fr\/produit\/tommatech-ms-series-2500w-modified-sine-inverters\/"]}]},{"@type":"BreadcrumbList","@id":"http:\/\/e-ternitysolutions.com\/fr\/produit\/tommatech-ms-series-2500w-modified-sine-inverters\/#breadcrumb","itemListElement":[{"@type":"ListItem","position":1,"name":"Home","item":"http:\/\/e-ternitysolutions.com\/de\/"},{"@type":"ListItem","position":2,"name":"Shop","item":"http:\/\/e-ternitysolutions.com\/nl\/shop\/"},{"@type":"ListItem","position":3,"name":"TommaTech MS Series 2500W Modified Sine Inverters"}]},{"@type":"WebSite","@id":"http:\/\/e-ternitysolutions.com\/nl\/#website","url":"http:\/\/e-ternitysolutions.com\/nl\/","name":"E-TernitySolutions","description":"Solar Panels","publisher":{"@id":"http:\/\/e-ternitysolutions.com\/nl\/#organization"},"potentialAction":[{"@type":"SearchAction","target":{"@type":"EntryPoint","urlTemplate":"http:\/\/e-ternitysolutions.com\/nl\/?s={search_term_string}"},"query-input":"required name=search_term_string"}],"inLanguage":"fr-FR"},{"@type":"Organization","@id":"http:\/\/e-ternitysolutions.com\/nl\/#organization","name":"E-TernitySolutions","url":"http:\/\/e-ternitysolutions.com\/nl\/","sameAs":[],"logo":{"@type":"ImageObject","inLanguage":"fr-FR","@id":"http:\/\/e-ternitysolutions.com\/nl\/#\/schema\/logo\/image\/","url":"https:\/\/e-ternitysolutions.com\/wp-content\/uploads\/2022\/12\/logo2.png","contentUrl":"https:\/\/e-ternitysolutions.com\/wp-content\/uploads\/2022\/12\/logo2.png","width":554,"height":200,"caption":"E-TernitySolutions"},"image":{"@id":"http:\/\/e-ternitysolutions.com\/nl\/#\/schema\/logo\/image\/"}}]}},"brands":[{"id":78,"name":"Tommatech","slug":"tommatech"}],"_links":{"self":[{"href":"https:\/\/e-ternitysolutions.com\/fr\/wp-json\/wp\/v2\/product\/978"}],"collection":[{"href":"https:\/\/e-ternitysolutions.com\/fr\/wp-json\/wp\/v2\/product"}],"about":[{"href":"https:\/\/e-ternitysolutions.com\/fr\/wp-json\/wp\/v2\/types\/product"}],"replies":[{"embeddable":true,"href":"https:\/\/e-ternitysolutions.com\/fr\/wp-json\/wp\/v2\/comments?post=978"}],"wp:featuredmedia":[{"embeddable":true,"href":"https:\/\/e-ternitysolutions.com\/fr\/wp-json\/wp\/v2\/media\/851"}],"wp:attachment":[{"href":"https:\/\/e-ternitysolutions.com\/fr\/wp-json\/wp\/v2\/media?parent=978"}],"wp:term":[{"taxonomy":"pwb-brand","embeddable":true,"href":"https:\/\/e-ternitysolutions.com\/fr\/wp-json\/wp\/v2\/pwb-brand?post=978"},{"taxonomy":"product_cat","embeddable":true,"href":"https:\/\/e-ternitysolutions.com\/fr\/wp-json\/wp\/v2\/product_cat?post=978"},{"taxonomy":"product_tag","embeddable":true,"href":"https:\/\/e-ternitysolutions.com\/fr\/wp-json\/wp\/v2\/product_tag?post=978"}],"curies":[{"name":"wp","href":"https:\/\/api.w.org\/{rel}","templated":true}]}}